{"id":9673,"date":"2023-05-31T22:57:58","date_gmt":"2023-05-31T20:57:58","guid":{"rendered":"https:\/\/www.sailcom.ch\/product\/product\/"},"modified":"2023-12-30T22:57:38","modified_gmt":"2023-12-30T21:57:38","slug":"event_9673","status":"publish","type":"product","link":"https:\/\/www.sailcom.ch\/fr\/produit\/event_9673\/","title":{"rendered":"50 Meilen Trophy auf dem Vierwaldst\u00e4ttersee mit der Lago 26"},"content":{"rendered":"","protected":false},"excerpt":{"rendered":"<p>Die 50 Meilen Trophy gilt als einer der gr\u00f6ssten Events auf dem Vierwaldst\u00e4ttersee f\u00fcr Segler mit Kielbooten!<\/p>\n<p>Ziel ist dabei zu sein, Erfahrungen zu sammeln, Spass am Segeln zu haben und gemeinsam die Regatta zu bestreiten.<\/p>\n<p>Der Startschuss f\u00fcr die Regatta f\u00e4llt am 24. Juni morgens um 7:00 in Stansstad.<br \/>\nAlso recht fr\u00fch. Deshalb treffen wir uns sp\u00e4testens um 6:00 beim Segelhafen in Stansstad oder um 5:00 in Luzern. Detailinfo in der Woche vor der Regatta.<br \/>\nDanach machen wir die Lago parat, teilen die Chargen ein und werden uns dezent einreihen und los gehts.<\/p>\n<p>Wettfahrkurs: Stansstad &#8211; Tellskapelle am Urnersee &#8211; Stansstad.<\/p>\n<p>Nach dem Rennen ist die Hafenbar und der Grill ab 15:00 f\u00fcr alle Segler, zu einem gem\u00fctlichen Beisammensein, ge\u00f6ffnet.<br \/>\nF\u00fcr Crewmitglieder besteht am Ziel die M\u00f6glichkeit ab Stansstad die Heimreise anzutreten. <\/p>\n<p>Detailierte Informationen zum VC &#8211; Cup findet ihr auf <\/p>\n<p>https:\/\/www.vierwaldstaettersee-cup.ch\/regatten\/regattakalender?#eventlistblock-1000620-event-1000003<\/p>\n<p>F\u00fcr n\u00e4here Informationen k\u00f6nnt ihr mir jederzeit ein mail schreiben.<br \/>\nAnsonsten werde ich euch bei \u00c4nderungen des Ablaufes etc. direkt kontaktieren.<\/p>\n<p>mit einem seglerischen Gruss<\/p>\n<p>Volker<br \/>\nBootschef Lago 26<\/p>\n","protected":false},"author":2716,"featured_media":1519,"template":"","meta":{"_acf_changed":false,"publish_to_discourse":"","publish_post_category":"","wpdc_auto_publish_overridden":"","wpdc_topic_tags":"","wpdc_pin_topic":"","wpdc_pin_until":"","discourse_post_id":"","discourse_permalink":"","wpdc_publishing_response":"","wpdc_publishing_error":""},"product_brand":[],"product_cat":[233,121],"product_tag":[],"sailcom-capability":[],"sailcom-location":[345],"sailcom-event-type":[377],"sailcom-boat-type":[],"class_list":{"0":"post-9673","1":"product","2":"type-product","3":"status-publish","4":"has-post-thumbnail","6":"product_cat-regatta-training","7":"product_cat-vierwaldstattersee-location","8":"sailcom-location-vierwaldstattersee-location","9":"sailcom-event-type-regatta-training","11":"first","12":"instock","13":"taxable","14":"shipping-taxable","15":"product-type-sc_event"},"acf":[],"_links":{"self":[{"href":"https:\/\/www.sailcom.ch\/fr\/wp-json\/wp\/v2\/product\/9673","targetHints":{"allow":["GET"]}}],"collection":[{"href":"https:\/\/www.sailcom.ch\/fr\/wp-json\/wp\/v2\/product"}],"about":[{"href":"https:\/\/www.sailcom.ch\/fr\/wp-json\/wp\/v2\/types\/product"}],"author":[{"embeddable":true,"href":"https:\/\/www.sailcom.ch\/fr\/wp-json\/wp\/v2\/users\/2716"}],"wp:featuredmedia":[{"embeddable":true,"href":"https:\/\/www.sailcom.ch\/fr\/wp-json\/wp\/v2\/media\/1519"}],"wp:attachment":[{"href":"https:\/\/www.sailcom.ch\/fr\/wp-json\/wp\/v2\/media?parent=9673"}],"wp:term":[{"taxonomy":"product_brand","embeddable":true,"href":"https:\/\/www.sailcom.ch\/fr\/wp-json\/wp\/v2\/product_brand?post=9673"},{"taxonomy":"product_cat","embeddable":true,"href":"https:\/\/www.sailcom.ch\/fr\/wp-json\/wp\/v2\/product_cat?post=9673"},{"taxonomy":"product_tag","embeddable":true,"href":"https:\/\/www.sailcom.ch\/fr\/wp-json\/wp\/v2\/product_tag?post=9673"},{"taxonomy":"sailcom-capability","embeddable":true,"href":"https:\/\/www.sailcom.ch\/fr\/wp-json\/wp\/v2\/sailcom-capability?post=9673"},{"taxonomy":"sailcom-location","embeddable":true,"href":"https:\/\/www.sailcom.ch\/fr\/wp-json\/wp\/v2\/sailcom-location?post=9673"},{"taxonomy":"sailcom-event-type","embeddable":true,"href":"https:\/\/www.sailcom.ch\/fr\/wp-json\/wp\/v2\/sailcom-event-type?post=9673"},{"taxonomy":"sailcom-boat-type","embeddable":true,"href":"https:\/\/www.sailcom.ch\/fr\/wp-json\/wp\/v2\/sailcom-boat-type?post=9673"}],"curies":[{"name":"wp","href":"https:\/\/api.w.org\/{rel}","templated":true}]}}