{"id":8923,"date":"2023-05-05T08:44:05","date_gmt":"2023-05-05T06:44:05","guid":{"rendered":"https:\/\/www.sailcom.ch\/product\/product\/"},"modified":"2023-12-30T22:54:00","modified_gmt":"2023-12-30T21:54:00","slug":"event_8923","status":"publish","type":"product","link":"https:\/\/www.sailcom.ch\/fr\/produit\/event_8923\/","title":{"rendered":"Fondue-Fahrt mit der Zepyhr Moser m2"},"content":{"rendered":"","protected":false},"excerpt":{"rendered":"<p>Treffpunkt Hafen Felsenegg Gersau<br \/>\nAbendsegeln mit Fondue<br \/>\nJe nach Windverh\u00e4ltnissen geniessen wir auf dieser Segelfahrt fr\u00fcher oder sp\u00e4ter ein feines Fondue. Wieso auch nicht?<\/p>\n<p>Programm:<\/p>\n<p>18.30 Uhr Ablegen<br \/>\nAbendsegeln in den Sonnenuntergang<br \/>\nFondue auf See oder zur\u00fcck im sicheren Hafen (je nach Wind und Wetter): auf jeden Fall frisch zubereitet und gekocht<br \/>\nFondue und Brot ist im Preis inbegriffen. Getr\u00e4nke nehmen alle selber mit.<\/p>\n","protected":false},"author":2697,"featured_media":8956,"template":"","meta":{"_acf_changed":false,"publish_to_discourse":"","publish_post_category":"","wpdc_auto_publish_overridden":"","wpdc_topic_tags":"","wpdc_pin_topic":"","wpdc_pin_until":"","discourse_post_id":"","discourse_permalink":"","wpdc_publishing_response":"","wpdc_publishing_error":""},"product_brand":[],"product_cat":[213,121],"product_tag":[],"sailcom-capability":[],"sailcom-location":[345],"sailcom-event-type":[364],"sailcom-boat-type":[],"class_list":{"0":"post-8923","1":"product","2":"type-product","3":"status-publish","4":"has-post-thumbnail","6":"product_cat-sail-along","7":"product_cat-vierwaldstattersee-location","8":"sailcom-location-vierwaldstattersee-location","9":"sailcom-event-type-sail-along","11":"first","12":"outofstock","13":"taxable","14":"shipping-taxable","15":"product-type-sc_event"},"acf":[],"_links":{"self":[{"href":"https:\/\/www.sailcom.ch\/fr\/wp-json\/wp\/v2\/product\/8923","targetHints":{"allow":["GET"]}}],"collection":[{"href":"https:\/\/www.sailcom.ch\/fr\/wp-json\/wp\/v2\/product"}],"about":[{"href":"https:\/\/www.sailcom.ch\/fr\/wp-json\/wp\/v2\/types\/product"}],"author":[{"embeddable":true,"href":"https:\/\/www.sailcom.ch\/fr\/wp-json\/wp\/v2\/users\/2697"}],"wp:featuredmedia":[{"embeddable":true,"href":"https:\/\/www.sailcom.ch\/fr\/wp-json\/wp\/v2\/media\/8956"}],"wp:attachment":[{"href":"https:\/\/www.sailcom.ch\/fr\/wp-json\/wp\/v2\/media?parent=8923"}],"wp:term":[{"taxonomy":"product_brand","embeddable":true,"href":"https:\/\/www.sailcom.ch\/fr\/wp-json\/wp\/v2\/product_brand?post=8923"},{"taxonomy":"product_cat","embeddable":true,"href":"https:\/\/www.sailcom.ch\/fr\/wp-json\/wp\/v2\/product_cat?post=8923"},{"taxonomy":"product_tag","embeddable":true,"href":"https:\/\/www.sailcom.ch\/fr\/wp-json\/wp\/v2\/product_tag?post=8923"},{"taxonomy":"sailcom-capability","embeddable":true,"href":"https:\/\/www.sailcom.ch\/fr\/wp-json\/wp\/v2\/sailcom-capability?post=8923"},{"taxonomy":"sailcom-location","embeddable":true,"href":"https:\/\/www.sailcom.ch\/fr\/wp-json\/wp\/v2\/sailcom-location?post=8923"},{"taxonomy":"sailcom-event-type","embeddable":true,"href":"https:\/\/www.sailcom.ch\/fr\/wp-json\/wp\/v2\/sailcom-event-type?post=8923"},{"taxonomy":"sailcom-boat-type","embeddable":true,"href":"https:\/\/www.sailcom.ch\/fr\/wp-json\/wp\/v2\/sailcom-boat-type?post=8923"}],"curies":[{"name":"wp","href":"https:\/\/api.w.org\/{rel}","templated":true}]}}