{"id":62611,"date":"2026-04-24T16:12:09","date_gmt":"2026-04-24T14:12:09","guid":{"rendered":"https:\/\/www.sailcom.ch\/product\/product\/"},"modified":"2026-05-12T11:45:53","modified_gmt":"2026-05-12T09:45:53","slug":"event_62611","status":"publish","type":"product","link":"https:\/\/www.sailcom.ch\/fr\/produit\/event_62611\/","title":{"rendered":"Dringend: Bootsakku regelm\u00e4ssig aufladen."},"content":{"rendered":"","protected":false},"excerpt":{"rendered":"<p><strong>Aufgrund versch\u00e4rfter Vorschriften durch die Stadt Z\u00fcrich d\u00fcrfen in den Stadtz\u00fcrcher H\u00e4fen derzeit keine Elektroboote mehr unbeaufsichtigt aufgeladen werden.<\/strong><\/p>\n<p>Damit die Sunset weiterhin gesegelt werden kann, <strong>ben\u00f6tigen wir dringend Deine Hilfe<\/strong>:<\/p>\n<p>Nach einer kurzen Einweisung durch das Bootsteam schaust Du, in Rotation mit den anderen Helfenden, regelm\u00e4ssig bei der Sunset vorbei und l\u00e4dst den Akku.<br \/>\nDas Ladeger\u00e4t l\u00e4dt recht schnell, so dass daf\u00fcr w\u00f6chentlich ca. 1 Stunde Aufwand ausreichend sein sollte.<\/p>\n<p>W\u00e4hrend des Ladens kann man die Wartezeit mit einer Reinigung des Decks, des Cockpits und der Kabine \u00fcberbr\u00fccken und anschliessend die Stimmung im Hafen geniessen.<br \/>\n<strong>Wichtig: Das Boot darf w\u00e4hrend dem Strombezug nicht allein gelassen werden!<\/strong><\/p>\n<p>F\u00fcr diesen Helfereinsatz verg\u00fcten wir Dir neben dem zeitlichen Aufwand an Bord auch die An- und Abreisezeit als f\u00fcr den B-Status g\u00fcltig.<br \/>\nDein B-Status wird, sofern noch nicht aktiv, direkt nach der Einweisung durch das Bootsteam freigeschaltet, so dass Du direkt von den <strong>15% Rabatt auf Deine Nutzungen im Jahr 2026<\/strong> profitieren kannst.<\/p>\n<p><strong>Wir hoffen auf Deine Mithilfe, ohne die der Betrieb der Sunset aktuell nicht sicher gew\u00e4hrleistet werden kann.<\/strong><br \/>\n<strong>Am besten, melde dich jetzt direkt hier an! Du h\u00f6rst dann in K\u00fcrze von uns.<\/strong><\/p>\n<p>&#8212;<\/p>\n<p><strong>Due to stricter regulations imposed by the City of Zurich, electric boats are currently no longer allowed to be charged unattended in Zurich\u2019s city harbors.<\/strong><\/p>\n<p>To ensure that the Sunset can continue to sail, <b>we urgently need your help<\/b>:<\/p>\n<p>After a brief orientation by the boat team, you\u2019ll take turns with the other volunteers to regularly stop by the Sunset and charge the battery.<\/p>\n<p>The charger works quite quickly, so this should only take about 1 hour per week.<\/p>\n<p>While the boat is charging, you can pass the time by cleaning the deck, cockpit, and cabin, and then enjoy the atmosphere in the harbor.<\/p>\n<p><strong>Important: The boat must not be left unattended while charging!<\/strong><\/p>\n<p>For this volunteer assignment, we will credit you not only for the time spent on board but also for your travel time to and from the site as valid for your B-status.<\/p>\n<p>Your B-status will be activated immediately after the orientation by the boat team, provided it is not already active, so that you can immediately benefit from the <b>15% discount on your usage in 2026<\/b>.<\/p>\n<p><strong>We hope for your help, without which the operation of the Sunset cannot currently be guaranteed.<\/strong><\/p>\n<p><strong>The best thing to do is to sign up right here! You\u2019ll hear from us shortly.<\/strong><\/p>\n<p>&#8212;<\/p>\n<p><strong>En raison du renforcement des r\u00e9glementations par la ville de Zurich, il n&#8217;est actuellement plus autoris\u00e9 de recharger des bateaux \u00e9lectriques sans surveillance dans les ports de la ville.<\/strong><\/p>\n<p>Afin que le Sunset puisse continuer \u00e0 naviguer, <b>nous avons besoin de votre aide de toute urgence<\/b> :<\/p>\n<p>Apr\u00e8s une br\u00e8ve formation dispens\u00e9e par l&#8217;\u00e9quipe du bateau, vous passerez r\u00e9guli\u00e8rement au Sunset, en rotation avec les autres b\u00e9n\u00e9voles, pour recharger la batterie.<\/p>\n<p>Le chargeur est assez rapide, de sorte qu&#8217;environ une heure par semaine devrait suffire.<\/p>\n<p>Pendant la recharge, vous pouvez occuper le temps d&#8217;attente en nettoyant le pont, le cockpit et la cabine, puis profiter de l&#8217;ambiance dans le port.<\/p>\n<p><strong>Important : le bateau ne doit pas \u00eatre laiss\u00e9 sans surveillance pendant la recharge !<\/strong><\/p>\n<p>Pour cette mission de b\u00e9n\u00e9volat, nous vous r\u00e9mun\u00e9rons non seulement le temps pass\u00e9 \u00e0 bord, mais \u00e9galement le temps de trajet aller-retour, qui sera comptabilis\u00e9 pour votre statut B.<\/p>\n<p>Votre statut B, s&#8217;il n&#8217;est pas encore actif, sera activ\u00e9 imm\u00e9diatement apr\u00e8s la formation dispens\u00e9e par l&#8217;\u00e9quipe du bateau, ce qui vous permettra de b\u00e9n\u00e9ficier directement de la <b>r\u00e9duction de 15 % sur vos utilisations en 2026<\/b>.<\/p>\n<p><strong>Nous comptons sur votre aide, sans laquelle le fonctionnement du Sunset ne peut actuellement \u00eatre garanti.<\/strong><\/p>\n<p><strong>Le mieux est de vous inscrire d\u00e8s maintenant ici ! Nous vous contacterons sous peu.<\/strong><\/p>\n<p>&#8212;<\/p>\n","protected":false},"author":2155,"featured_media":51370,"template":"","meta":{"_acf_changed":false,"publish_to_discourse":"0","publish_post_category":"1","wpdc_auto_publish_overridden":"","wpdc_topic_tags":"","wpdc_pin_topic":"","wpdc_pin_until":"","discourse_post_id":"","discourse_permalink":"","wpdc_publishing_response":"","wpdc_publishing_error":""},"product_brand":[],"product_cat":[15],"product_tag":[],"sailcom-capability":[],"sailcom-location":[348],"sailcom-event-type":[380],"sailcom-boat-type":[],"class_list":{"0":"post-62611","1":"product","2":"type-product","3":"status-publish","4":"has-post-thumbnail","6":"product_cat-uncategorised","7":"sailcom-location-zurichsee","8":"sailcom-event-type-maintenance","10":"first","11":"instock","12":"taxable","13":"shipping-taxable","14":"purchasable","15":"product-type-sc_event"},"acf":[],"_links":{"self":[{"href":"https:\/\/www.sailcom.ch\/fr\/wp-json\/wp\/v2\/product\/62611","targetHints":{"allow":["GET"]}}],"collection":[{"href":"https:\/\/www.sailcom.ch\/fr\/wp-json\/wp\/v2\/product"}],"about":[{"href":"https:\/\/www.sailcom.ch\/fr\/wp-json\/wp\/v2\/types\/product"}],"author":[{"embeddable":true,"href":"https:\/\/www.sailcom.ch\/fr\/wp-json\/wp\/v2\/users\/2155"}],"wp:featuredmedia":[{"embeddable":true,"href":"https:\/\/www.sailcom.ch\/fr\/wp-json\/wp\/v2\/media\/51370"}],"wp:attachment":[{"href":"https:\/\/www.sailcom.ch\/fr\/wp-json\/wp\/v2\/media?parent=62611"}],"wp:term":[{"taxonomy":"product_brand","embeddable":true,"href":"https:\/\/www.sailcom.ch\/fr\/wp-json\/wp\/v2\/product_brand?post=62611"},{"taxonomy":"product_cat","embeddable":true,"href":"https:\/\/www.sailcom.ch\/fr\/wp-json\/wp\/v2\/product_cat?post=62611"},{"taxonomy":"product_tag","embeddable":true,"href":"https:\/\/www.sailcom.ch\/fr\/wp-json\/wp\/v2\/product_tag?post=62611"},{"taxonomy":"sailcom-capability","embeddable":true,"href":"https:\/\/www.sailcom.ch\/fr\/wp-json\/wp\/v2\/sailcom-capability?post=62611"},{"taxonomy":"sailcom-location","embeddable":true,"href":"https:\/\/www.sailcom.ch\/fr\/wp-json\/wp\/v2\/sailcom-location?post=62611"},{"taxonomy":"sailcom-event-type","embeddable":true,"href":"https:\/\/www.sailcom.ch\/fr\/wp-json\/wp\/v2\/sailcom-event-type?post=62611"},{"taxonomy":"sailcom-boat-type","embeddable":true,"href":"https:\/\/www.sailcom.ch\/fr\/wp-json\/wp\/v2\/sailcom-boat-type?post=62611"}],"curies":[{"name":"wp","href":"https:\/\/api.w.org\/{rel}","templated":true}]}}