{"id":62383,"date":"2026-04-19T22:02:56","date_gmt":"2026-04-19T20:02:56","guid":{"rendered":"https:\/\/www.sailcom.ch\/product\/product\/"},"modified":"2026-04-21T11:23:38","modified_gmt":"2026-04-21T09:23:38","slug":"event_62383","status":"publish","type":"product","link":"https:\/\/www.sailcom.ch\/fr\/produit\/event_62383\/","title":{"rendered":"Einweisung\/Refresher J\/70 &amp; Mitsegeln"},"content":{"rendered":"","protected":false},"excerpt":{"rendered":"<p>Beschreibung: Einweisung\/Refresher f\u00fcr die J\/70 Open Boote von Sailcom. Ihr lernt die Austattung und Handhabung der J\/70 in der Praxis kennen, plus spezifische Hinweise f\u00fcr die Jojo im Hafen Wollishofen.<\/p>\n<p>Geeignet f\u00fcr: Anf\u00e4nger &amp; f\u00fcr Segler welche die J\/70 Openklasse (bzw. die Jojo) kennenlernen wollen, oder als Refresher nach der Winterpause. Auch f\u00fcr Nicht-Mitglieder von Sailcom zum Kennenlernen.<\/p>\n<p>Mitbringen: Segelhandschuhe und Segelschuhe (oder Schuhe mit nicht-markierenden Sohlen), wetterangepasste Kleidung.<\/p>\n","protected":false},"author":1974,"featured_media":1534,"template":"","meta":{"_acf_changed":false,"publish_to_discourse":"","publish_post_category":"","wpdc_auto_publish_overridden":"","wpdc_topic_tags":"","wpdc_pin_topic":"","wpdc_pin_until":"","discourse_post_id":"","discourse_permalink":"","wpdc_publishing_response":"","wpdc_publishing_error":""},"product_brand":[],"product_cat":[15],"product_tag":[],"sailcom-capability":[],"sailcom-location":[348],"sailcom-event-type":[373,364],"sailcom-boat-type":[],"class_list":{"0":"post-62383","1":"product","2":"type-product","3":"status-publish","4":"has-post-thumbnail","6":"product_cat-uncategorised","7":"sailcom-location-zurichsee","8":"sailcom-event-type-einweisungen","9":"sailcom-event-type-sail-along","11":"first","12":"outofstock","13":"taxable","14":"shipping-taxable","15":"product-type-sc_event"},"acf":[],"_links":{"self":[{"href":"https:\/\/www.sailcom.ch\/fr\/wp-json\/wp\/v2\/product\/62383","targetHints":{"allow":["GET"]}}],"collection":[{"href":"https:\/\/www.sailcom.ch\/fr\/wp-json\/wp\/v2\/product"}],"about":[{"href":"https:\/\/www.sailcom.ch\/fr\/wp-json\/wp\/v2\/types\/product"}],"author":[{"embeddable":true,"href":"https:\/\/www.sailcom.ch\/fr\/wp-json\/wp\/v2\/users\/1974"}],"wp:featuredmedia":[{"embeddable":true,"href":"https:\/\/www.sailcom.ch\/fr\/wp-json\/wp\/v2\/media\/1534"}],"wp:attachment":[{"href":"https:\/\/www.sailcom.ch\/fr\/wp-json\/wp\/v2\/media?parent=62383"}],"wp:term":[{"taxonomy":"product_brand","embeddable":true,"href":"https:\/\/www.sailcom.ch\/fr\/wp-json\/wp\/v2\/product_brand?post=62383"},{"taxonomy":"product_cat","embeddable":true,"href":"https:\/\/www.sailcom.ch\/fr\/wp-json\/wp\/v2\/product_cat?post=62383"},{"taxonomy":"product_tag","embeddable":true,"href":"https:\/\/www.sailcom.ch\/fr\/wp-json\/wp\/v2\/product_tag?post=62383"},{"taxonomy":"sailcom-capability","embeddable":true,"href":"https:\/\/www.sailcom.ch\/fr\/wp-json\/wp\/v2\/sailcom-capability?post=62383"},{"taxonomy":"sailcom-location","embeddable":true,"href":"https:\/\/www.sailcom.ch\/fr\/wp-json\/wp\/v2\/sailcom-location?post=62383"},{"taxonomy":"sailcom-event-type","embeddable":true,"href":"https:\/\/www.sailcom.ch\/fr\/wp-json\/wp\/v2\/sailcom-event-type?post=62383"},{"taxonomy":"sailcom-boat-type","embeddable":true,"href":"https:\/\/www.sailcom.ch\/fr\/wp-json\/wp\/v2\/sailcom-boat-type?post=62383"}],"curies":[{"name":"wp","href":"https:\/\/api.w.org\/{rel}","templated":true}]}}