{"id":60852,"date":"2026-03-06T13:49:15","date_gmt":"2026-03-06T12:49:15","guid":{"rendered":"https:\/\/www.sailcom.ch\/product\/product\/"},"modified":"2026-03-16T12:24:56","modified_gmt":"2026-03-16T11:24:56","slug":"event_60852","status":"publish","type":"product","link":"https:\/\/www.sailcom.ch\/fr\/produit\/event_60852\/","title":{"rendered":"Gezeiten-Segelt\u00f6rn und Skippertraining in der Bretagne \/ Normandie."},"content":{"rendered":"","protected":false},"excerpt":{"rendered":"<p><strong>Der Hochseeschein \u2013 Meilent\u00f6rn und das SailCom-Offshore Gezeitentraining 2026.<\/strong><\/p>\n<p><em>Aktuelle Belegung: 1 Skipper, 1 Kojenplatz Frau &#8211;<br \/>\nFrei: 2 Kojenpl\u00e4tze (oder 1 Kabine privat) \/ 1 Kojenplatz Frau.<\/em><\/p>\n<p>Willkommen in der Bucht von Saint-Malo zwischen Bretagne und Normandie.<br \/>\nUns erwarten die h\u00f6chsten Gezeitenunterscheide Europas, interessante und herausfordernde Navigation und eine fantastische Landschaft.<br \/>\nDie Navigation in den Gew\u00e4ssern wird uns von Anfang an auf dem Papier bekannt vorkommen. Die Kardinaltonnen des Minquier-Archipels kennen wir aus diversen \u00dcbungen f\u00fcr die Hochseeschein-Theorie.<br \/>\nAber wie sehen diese Tonnen in der Realit\u00e4t aus? Brauchen wir wirklich diese vielen Diagramme, Str\u00f6mungsatlanten und Gezeitentafeln um dort segeln zu k\u00f6nnen?<\/p>\n<p>Sp\u00e4testens wenn wir \u00fcber die steil nach unten weisende Gangway, die zu den Schwimmstegen unserer Abgangsmarina f\u00fchrt zu unserer Yacht laufen und am n\u00e4chsten Morgen auf dem Weg zum B\u00e4cker feststellen, dass diese Gangway nun fast eben ist, ist die Antwort klar.<\/p>\n<p><strong>Mit bis zu 13 Metern Tidenhub erleben wir dort die h\u00f6chsten Gezeiten in Europa.<\/strong> Und damit auch die st\u00e4rksten Str\u00f6mungen, in denen sich sogar die Fahrwegstonnen ehrf\u00fcrchtig mit dem Strom verneigen.<\/p>\n<p><b>Wir werden auch hier in der n\u00f6rdlichen Bretagne und Normandie wieder mit einer original franz\u00f6sischen Weltumsegleryacht vom Typ \u201eAlubat Ovni\u201c unterwegs sein.<br \/>\nDie Yacht auf den Fotos ist das bereits gecharterte Boot, das ich als Skipper aus vergangenem T\u00f6rn dort bereits gut kenne.<br \/>\nMit &#8220;nur&#8221; 34 Fuss bietet die &#8220;Enorven&#8221; die f\u00fcr das Revier genau richtige Gr\u00f6sse und das perfekte Handling f\u00fcr spannende Trainings und eine kleine Gruppengr\u00f6sse von maximal 4 Trainees.<br \/>\nUnter Deck ist eine Aluminium-Yacht vom Typ Ovni sehr ger\u00e4umig und komfortabel, die Bauweise den \u00fcblichen GFK-Yachten \u00fcberlegen.<\/b><\/p>\n<p>Je nach Wetter und Interesse der Crew erkunden gemeinsam die sagenumwobenen Illes Chaussey, umrunden die aus dem Hochseescheinkurs wohlbekannten Minquiers, steuern St. Malo an und entdecken die K\u00fcste der Bretagne und der Normandie.<br \/>\nBei Interesse k\u00f6nnen wir auch einer der englischen Kanalinseln einen Besuch abstatten oder versuchen vor der beeindruckenden Abtei von Mont St. Michel trockenzufallen.<\/p>\n<p>Vom Traumstrand an der K\u00fcste bis zu den teils stark befestigten Inselh\u00e4fen der Kanalinseln, trockenfallenden Marinas bis zur stromdurchfluteten Bucht oder gar zum Befahren von Fl\u00fcssen weit ins Inland bietet uns dieses Segelgebiet eine enorme Bandbreite zur Gestaltung unseres Segelt\u00f6rns.<\/p>\n<p><strong>Dieses Revier fordert t\u00e4glich all das, was wir im Hochseescheinkurs intensiv gelernt und ge\u00fcbt haben!<\/strong><\/p>\n<h5><strong>Der T\u00f6rn auf einen Blick<\/strong><\/h5>\n<p><strong>Datum:<\/strong> 04.September &#8211; 11. September 2026<br \/>\n(Freitag &#8211; Freitag!) Anreise auch am Samstag m\u00f6glich.<\/p>\n<p><strong>Start\/Ziel:<\/strong> Port de Herel, Granville, Normandie (FR)<br \/>\n<strong>Highlights:\u00a0<\/strong>Die Gezeiten, die Str\u00f6mungen, das Wetter, die unglaubliche Landschaft und viel Meer.<br \/>\n<strong>Klima:<\/strong> Sp\u00e4tsommerliche W\u00e4rme und evtl. auch mal etwas k\u00fchler und windiger. Meist aber sommerlich warm.<\/p>\n<p>\u2014<\/p>\n<h5><strong>Dein Skipper: Uwe Bechmann<\/strong><\/h5>\n<p><img decoding=\"async\" class=\"alignleft size-thumbnail wp-image-54734\" src=\"https:\/\/www.sailcom.ch\/wp-content\/uploads\/2025\/09\/2019-04-29-16.04.56-150x150.jpg\" alt=\"\" width=\"150\" height=\"150\" \/>Ich bin seit \u00fcber <strong>20 Jahren bei SailCom<\/strong> in Bootsteams aktiv, aktuell in der SailCom-Gesch\u00e4ftsleitung t\u00e4tig und leidenschaftlicher Fahrtensegler.<br \/>\nDas erste Mal 2005 in der Bretagne unter Segeln, zieht es mich immer wieder in dieses einzigartige Segelrevier zwischen dem Solent, der Bucht von St. Malo und Brest.<br \/>\nHin und wieder segle ich auch in der s\u00fcdlichen Bretagne, letztmals 2024 ab La Trinit\u00e9.<\/p>\n<p>In diesem Revier bin ich Fan von Booten der Marke &#8220;Alubat Ovni&#8221; &#8211; Du wirst sp\u00fcren, wieso, wenn wir zusammen unterwegs sind.<\/p>\n<p><strong>Als Hochseeschein-Inhaber, Hochseeschein-Instruktor\u00a0<\/strong>(u.a. f\u00fcr Hochamwind.ch, SailCom und ehemals HOZ)<strong>\u00a0und RYA Yachtmaster<\/strong> begleite ich dich mit dem Fokus auf Sicherheit auf dem Segelt\u00f6rn.<br \/>\nMein Fokus liegt nicht auf Regatta-Stress, sondern auf technisch-navigatorischer Finesse und einem entspannten Miteinander.<br \/>\nUnterwegs rotieren wir die Rollen an Bord (auf Wunsch inkl. Tagesskipper), sodass jede:r auf seine Kosten kommt.<\/p>\n<p><strong>Auf diesem T\u00f6rn versuchen wir, Dich m\u00f6glichst viele Punkte des CCS \/ SYA Leistungsnachweises aktiv abarbeiten zu lassen.<\/strong><br \/>\n<strong>D.h: Es wird viel Raum f\u00fcr Training, Handling und Man\u00f6ver geben, die Du auf Deine Hochseescheinausbildung anrechnen kannst.<\/strong><\/p>\n<p><strong>Nach dieser Woche wirst Du ein vielfaches der gesegelten Meilen profitiert und ein faszinierendes Segelrevier kennengelernt haben.<\/strong><br \/>\n<strong>Ein Gezeitenrevier, wie es wahrscheinlich kein vergleichbares gibt.<\/strong><\/p>\n<p>\u2014<\/p>\n<h5>Infos zur Buchung<\/h5>\n<p><strong>Preis:<\/strong> Nur CHF 1&#8217;445.00 pro Person f\u00fcr einen g\u00fcnstigen Kojenplatz in einer Doppelkabine.<br \/>\n<strong>Mehr Privatsph\u00e4re gew\u00fcnscht?<\/strong>\u00a0F\u00fcr eine Einzelkabine reserviere bitte einfach 2 Pl\u00e4tze.<br \/>\n<strong>Anreise:<\/strong> Mit dem TGV via Paris nach Granville und zur\u00fcck.<br \/>\n<strong>Noch kein SailCom-Mitglied?<\/strong>\u00a0Kein Problem! Melde dich einfach bei mir, wir finden eine L\u00f6sung.<\/p>\n<p>Infos zum T\u00f6rn:<\/p>\n<ul>\n<li><a href=\"https:\/\/www.tourisme-granville-terre-mer.com\/sejourner\/en-live\/horaires-marees\/\" target=\"_blank\" rel=\"noopener\">Gezeitentabellen von Port de Herel, Granville<\/a><\/li>\n<li><a href=\"https:\/\/ports-manche.com\/ports\/granville-herel\" target=\"_blank\" rel=\"noopener\">Homepage Hafen Port de Herel<\/a><\/li>\n<\/ul>\n<p>&#8212;<\/p>\n","protected":false},"author":2774,"featured_media":60897,"template":"","meta":{"_acf_changed":false,"publish_to_discourse":"","publish_post_category":"","wpdc_auto_publish_overridden":"","wpdc_topic_tags":"","wpdc_pin_topic":"","wpdc_pin_until":"","discourse_post_id":"","discourse_permalink":"","wpdc_publishing_response":"","wpdc_publishing_error":""},"product_brand":[],"product_cat":[15],"product_tag":[],"sailcom-capability":[],"sailcom-location":[532],"sailcom-event-type":[630,374],"sailcom-boat-type":[],"class_list":{"0":"post-60852","1":"product","2":"type-product","3":"status-publish","4":"has-post-thumbnail","6":"product_cat-uncategorised","7":"sailcom-location-sailcom-offshore","8":"sailcom-event-type-sailcom-offshore","9":"sailcom-event-type-skippertraining","11":"first","12":"instock","13":"taxable","14":"shipping-taxable","15":"purchasable","16":"product-type-sc_event"},"acf":[],"_links":{"self":[{"href":"https:\/\/www.sailcom.ch\/fr\/wp-json\/wp\/v2\/product\/60852","targetHints":{"allow":["GET"]}}],"collection":[{"href":"https:\/\/www.sailcom.ch\/fr\/wp-json\/wp\/v2\/product"}],"about":[{"href":"https:\/\/www.sailcom.ch\/fr\/wp-json\/wp\/v2\/types\/product"}],"author":[{"embeddable":true,"href":"https:\/\/www.sailcom.ch\/fr\/wp-json\/wp\/v2\/users\/2774"}],"wp:featuredmedia":[{"embeddable":true,"href":"https:\/\/www.sailcom.ch\/fr\/wp-json\/wp\/v2\/media\/60897"}],"wp:attachment":[{"href":"https:\/\/www.sailcom.ch\/fr\/wp-json\/wp\/v2\/media?parent=60852"}],"wp:term":[{"taxonomy":"product_brand","embeddable":true,"href":"https:\/\/www.sailcom.ch\/fr\/wp-json\/wp\/v2\/product_brand?post=60852"},{"taxonomy":"product_cat","embeddable":true,"href":"https:\/\/www.sailcom.ch\/fr\/wp-json\/wp\/v2\/product_cat?post=60852"},{"taxonomy":"product_tag","embeddable":true,"href":"https:\/\/www.sailcom.ch\/fr\/wp-json\/wp\/v2\/product_tag?post=60852"},{"taxonomy":"sailcom-capability","embeddable":true,"href":"https:\/\/www.sailcom.ch\/fr\/wp-json\/wp\/v2\/sailcom-capability?post=60852"},{"taxonomy":"sailcom-location","embeddable":true,"href":"https:\/\/www.sailcom.ch\/fr\/wp-json\/wp\/v2\/sailcom-location?post=60852"},{"taxonomy":"sailcom-event-type","embeddable":true,"href":"https:\/\/www.sailcom.ch\/fr\/wp-json\/wp\/v2\/sailcom-event-type?post=60852"},{"taxonomy":"sailcom-boat-type","embeddable":true,"href":"https:\/\/www.sailcom.ch\/fr\/wp-json\/wp\/v2\/sailcom-boat-type?post=60852"}],"curies":[{"name":"wp","href":"https:\/\/api.w.org\/{rel}","templated":true}]}}