{"id":60624,"date":"2026-02-17T17:42:00","date_gmt":"2026-02-17T16:42:00","guid":{"rendered":"https:\/\/www.sailcom.ch\/product\/product\/"},"modified":"2026-02-17T18:09:09","modified_gmt":"2026-02-17T17:09:09","slug":"event_60624","status":"publish","type":"product","link":"https:\/\/www.sailcom.ch\/fr\/produit\/event_60624\/","title":{"rendered":"Polarwind Weekend"},"content":{"rendered":"","protected":false},"excerpt":{"rendered":"<p>Noch einmal richtig kalter Wind um die Nase<\/p>\n<p>W\u00e4hrend sich andere durch volle Skipisten k\u00e4mpfen, g\u00f6nnen wir uns bewusst eine Auszeit auf dem See.<\/p>\n<p>Noch einmal klare Luft.<br \/>\nNoch einmal diese ruhige, fast magische Winterstimmung auf dem Bodensee.<\/p>\n<p>Wir geniessen die \u00dcberfahrt nach Deutschland ganz entspannt \u2013 mit heissem Tee, vielleicht einem Gl\u00fchwein oder einer warmen Suppe an Bord. Kein L\u00e4rm. Kein Gedr\u00e4nge. Nur Wind, Wasser und gute Gespr\u00e4che.<\/p>\n","protected":false},"author":2061,"featured_media":45069,"template":"","meta":{"_acf_changed":false,"publish_to_discourse":"","publish_post_category":"","wpdc_auto_publish_overridden":"","wpdc_topic_tags":"","wpdc_pin_topic":"","wpdc_pin_until":"","discourse_post_id":"","discourse_permalink":"","wpdc_publishing_response":"","wpdc_publishing_error":""},"product_brand":[],"product_cat":[15],"product_tag":[],"sailcom-capability":[],"sailcom-location":[339],"sailcom-event-type":[364],"sailcom-boat-type":[],"class_list":{"0":"post-60624","1":"product","2":"type-product","3":"status-publish","4":"has-post-thumbnail","6":"product_cat-uncategorised","7":"sailcom-location-bodensee","8":"sailcom-event-type-sail-along","10":"first","11":"outofstock","12":"taxable","13":"shipping-taxable","14":"product-type-sc_event"},"acf":[],"_links":{"self":[{"href":"https:\/\/www.sailcom.ch\/fr\/wp-json\/wp\/v2\/product\/60624","targetHints":{"allow":["GET"]}}],"collection":[{"href":"https:\/\/www.sailcom.ch\/fr\/wp-json\/wp\/v2\/product"}],"about":[{"href":"https:\/\/www.sailcom.ch\/fr\/wp-json\/wp\/v2\/types\/product"}],"author":[{"embeddable":true,"href":"https:\/\/www.sailcom.ch\/fr\/wp-json\/wp\/v2\/users\/2061"}],"wp:featuredmedia":[{"embeddable":true,"href":"https:\/\/www.sailcom.ch\/fr\/wp-json\/wp\/v2\/media\/45069"}],"wp:attachment":[{"href":"https:\/\/www.sailcom.ch\/fr\/wp-json\/wp\/v2\/media?parent=60624"}],"wp:term":[{"taxonomy":"product_brand","embeddable":true,"href":"https:\/\/www.sailcom.ch\/fr\/wp-json\/wp\/v2\/product_brand?post=60624"},{"taxonomy":"product_cat","embeddable":true,"href":"https:\/\/www.sailcom.ch\/fr\/wp-json\/wp\/v2\/product_cat?post=60624"},{"taxonomy":"product_tag","embeddable":true,"href":"https:\/\/www.sailcom.ch\/fr\/wp-json\/wp\/v2\/product_tag?post=60624"},{"taxonomy":"sailcom-capability","embeddable":true,"href":"https:\/\/www.sailcom.ch\/fr\/wp-json\/wp\/v2\/sailcom-capability?post=60624"},{"taxonomy":"sailcom-location","embeddable":true,"href":"https:\/\/www.sailcom.ch\/fr\/wp-json\/wp\/v2\/sailcom-location?post=60624"},{"taxonomy":"sailcom-event-type","embeddable":true,"href":"https:\/\/www.sailcom.ch\/fr\/wp-json\/wp\/v2\/sailcom-event-type?post=60624"},{"taxonomy":"sailcom-boat-type","embeddable":true,"href":"https:\/\/www.sailcom.ch\/fr\/wp-json\/wp\/v2\/sailcom-boat-type?post=60624"}],"curies":[{"name":"wp","href":"https:\/\/api.w.org\/{rel}","templated":true}]}}