{"id":55883,"date":"2025-11-20T09:46:57","date_gmt":"2025-11-20T08:46:57","guid":{"rendered":"https:\/\/www.sailcom.ch\/product\/sailpass-50-open-2026\/"},"modified":"2025-12-04T10:59:18","modified_gmt":"2025-12-04T09:59:18","slug":"sailpass-50-open-2026","status":"publish","type":"product","link":"https:\/\/www.sailcom.ch\/fr\/produit\/sailpass-50-open-2026\/","title":{"rendered":"SailPass 50 open 2026"},"content":{"rendered":"<h3>SailPass 50 open<\/h3>\n<p>Le plaisir de la voile complet \u00e0 moiti\u00e9 prix !<br \/>\nToute l&#8217;ann\u00e9e, sur tous les bateaux SailCom de la cat\u00e9gorie \u00ab Open \u00bb.<\/p>\n<p>L&#8217;offre id\u00e9ale pour vous si vous utilisez les bateaux Open de SailCom plus de trois jours par an !<\/p>","protected":false},"excerpt":{"rendered":"<p data-start=\"146\" data-end=\"356\"><strong data-start=\"146\" data-end=\"272\">Avec le SailPass 50 Open 2026, vous naviguez pendant toute une ann\u00e9e sur tous les bateaux de la cat\u00e9gorie \u00ab Open \u00bb de SailCom \u00e0 moiti\u00e9 prix.<br \/>\n<\/strong><br data-start=\"272\" data-end=\"275\">L&#8217;offre id\u00e9ale pour vous si vous utilisez les bateaux Open de SailCom plus de trois jours par an.<\/p>\n<p data-start=\"358\" data-end=\"375\"><strong data-start=\"358\" data-end=\"373\">Prestations :<\/strong><\/p>\n<ul data-start=\"376\" data-end=\"802\">\n<li data-start=\"376\" data-end=\"468\">\n<p data-start=\"378\" data-end=\"468\">Aucun contingent minimum : valable pour toutes les r\u00e9servations de la cat\u00e9gorie Open \u00e0 partir de la date d&#8217;achat pendant l&#8217;ann\u00e9e 2026.<\/p>\n<\/li>\n<li data-start=\"469\" data-end=\"530\">\n<p data-start=\"471\" data-end=\"530\">Tous les bateaux Open de SailCom sont inclus (dans toute la Suisse).<\/p>\n<\/li>\n<li data-start=\"531\" data-end=\"632\">\n<p data-start=\"533\" data-end=\"632\">Le plaisir de la voile complet \u00e0 moiti\u00e9 prix : Vous faites des \u00e9conomies d\u00e8s la 3\u00e8me r\u00e9servation journali\u00e8re. <\/p>\n<\/li>\n<\/ul>\n<p data-start=\"804\" data-end=\"819\"><strong data-start=\"804\" data-end=\"817\">Remarques :<\/strong><\/p>\n<ul data-start=\"820\" data-end=\"1027\">\n<li data-start=\"820\" data-end=\"865\">\n<p data-start=\"822\" data-end=\"865\">Valable pour toutes les r\u00e9servations \u00e0 partir de la date d&#8217;achat pour l&#8217;ann\u00e9e 2026.<\/p>\n<\/li>\n<li data-start=\"866\" data-end=\"902\">\n<p data-start=\"868\" data-end=\"902\">Valable sur tous les bateaux SailCom de la cat\u00e9gorie \u00ab Open \u00bb.<\/p>\n<\/li>\n<li data-start=\"965\" data-end=\"1027\">\n<p data-start=\"967\" data-end=\"1027\">R\u00e9servation comme d&#8217;habitude via la plateforme de r\u00e9servation SailCom.<\/p>\n<\/li>\n<li data-start=\"633\" data-end=\"714\">\n<p data-start=\"635\" data-end=\"714\">Pour un usage priv\u00e9 (pas d&#8217;\u00e9v\u00e9nement payant, pas d&#8217;utilisation commerciale).<\/p>\n<\/li>\n<li data-start=\"715\" data-end=\"802\">\n<p data-start=\"717\" data-end=\"802\">Pour les \u00e9v\u00e9nements ou les utilisations payantes, veuillez choisir l&#8217;option \u00ab Commercial-Booking \u00bb.<\/p>\n<\/li>\n<li>Non cumulable avec d&#8217;autres abonnements ou r\u00e9ductions.<\/li>\n<\/ul>\n<p>&nbsp;<\/p>\n","protected":false},"author":2,"featured_media":55802,"template":"","meta":{"_acf_changed":false,"publish_to_discourse":"","publish_post_category":"","wpdc_auto_publish_overridden":"","wpdc_topic_tags":"","wpdc_pin_topic":"","wpdc_pin_until":"","discourse_post_id":"","discourse_permalink":"","wpdc_publishing_response":"","wpdc_publishing_error":""},"product_brand":[],"product_cat":[608],"product_tag":[],"sailcom-capability":[],"sailcom-location":[],"sailcom-event-type":[],"sailcom-boat-type":[],"class_list":{"0":"post-55883","1":"product","2":"type-product","3":"status-publish","4":"has-post-thumbnail","6":"product_cat-offres","8":"first","9":"instock","10":"sold-individually","11":"taxable","12":"shipping-taxable","13":"purchasable","14":"product-type-sc_abo"},"acf":[],"_links":{"self":[{"href":"https:\/\/www.sailcom.ch\/fr\/wp-json\/wp\/v2\/product\/55883","targetHints":{"allow":["GET"]}}],"collection":[{"href":"https:\/\/www.sailcom.ch\/fr\/wp-json\/wp\/v2\/product"}],"about":[{"href":"https:\/\/www.sailcom.ch\/fr\/wp-json\/wp\/v2\/types\/product"}],"author":[{"embeddable":true,"href":"https:\/\/www.sailcom.ch\/fr\/wp-json\/wp\/v2\/users\/2"}],"wp:featuredmedia":[{"embeddable":true,"href":"https:\/\/www.sailcom.ch\/fr\/wp-json\/wp\/v2\/media\/55802"}],"wp:attachment":[{"href":"https:\/\/www.sailcom.ch\/fr\/wp-json\/wp\/v2\/media?parent=55883"}],"wp:term":[{"taxonomy":"product_brand","embeddable":true,"href":"https:\/\/www.sailcom.ch\/fr\/wp-json\/wp\/v2\/product_brand?post=55883"},{"taxonomy":"product_cat","embeddable":true,"href":"https:\/\/www.sailcom.ch\/fr\/wp-json\/wp\/v2\/product_cat?post=55883"},{"taxonomy":"product_tag","embeddable":true,"href":"https:\/\/www.sailcom.ch\/fr\/wp-json\/wp\/v2\/product_tag?post=55883"},{"taxonomy":"sailcom-capability","embeddable":true,"href":"https:\/\/www.sailcom.ch\/fr\/wp-json\/wp\/v2\/sailcom-capability?post=55883"},{"taxonomy":"sailcom-location","embeddable":true,"href":"https:\/\/www.sailcom.ch\/fr\/wp-json\/wp\/v2\/sailcom-location?post=55883"},{"taxonomy":"sailcom-event-type","embeddable":true,"href":"https:\/\/www.sailcom.ch\/fr\/wp-json\/wp\/v2\/sailcom-event-type?post=55883"},{"taxonomy":"sailcom-boat-type","embeddable":true,"href":"https:\/\/www.sailcom.ch\/fr\/wp-json\/wp\/v2\/sailcom-boat-type?post=55883"}],"curies":[{"name":"wp","href":"https:\/\/api.w.org\/{rel}","templated":true}]}}