{"id":53847,"date":"2025-09-13T17:21:20","date_gmt":"2025-09-13T15:21:20","guid":{"rendered":"https:\/\/www.sailcom.ch\/product\/product\/"},"modified":"2025-10-03T22:04:43","modified_gmt":"2025-10-03T20:04:43","slug":"event_53847","status":"publish","type":"product","link":"https:\/\/www.sailcom.ch\/fr\/produit\/event_53847\/","title":{"rendered":"Malin vorf\u00fchren bei der Schifffahrtskontrolle in Oberrieden"},"content":{"rendered":"","protected":false},"excerpt":{"rendered":"<p>Vorf\u00fchrung der Malin bei der Schifffahrtskontrolle in Oberrieden.<br \/>\nVorbereiten, Putzen, \u00dcberfahrt nach Oberrieden, Vorf\u00fchrung und R\u00fcckfahrt.<\/p>\n<p>Treffpunkt um 1200h beim Dinghi.<br \/>\nGutschrift von 4 Helferstunden f\u00fcr B-Status.<br \/>\nExterne willkommen, bitte anfragen an: if-boot@web.de<\/p>\n","protected":false},"author":2788,"featured_media":1568,"template":"","meta":{"_acf_changed":false,"publish_to_discourse":"","publish_post_category":"","wpdc_auto_publish_overridden":"","wpdc_topic_tags":"","wpdc_pin_topic":"","wpdc_pin_until":"","discourse_post_id":"","discourse_permalink":"","wpdc_publishing_response":"","wpdc_publishing_error":""},"product_brand":[],"product_cat":[15],"product_tag":[],"sailcom-capability":[],"sailcom-location":[348],"sailcom-event-type":[380,364],"sailcom-boat-type":[],"class_list":{"0":"post-53847","1":"product","2":"type-product","3":"status-publish","4":"has-post-thumbnail","6":"product_cat-uncategorised","7":"sailcom-location-zurichsee","8":"sailcom-event-type-maintenance","9":"sailcom-event-type-sail-along","11":"first","12":"outofstock","13":"taxable","14":"shipping-taxable","15":"product-type-sc_event"},"acf":[],"_links":{"self":[{"href":"https:\/\/www.sailcom.ch\/fr\/wp-json\/wp\/v2\/product\/53847","targetHints":{"allow":["GET"]}}],"collection":[{"href":"https:\/\/www.sailcom.ch\/fr\/wp-json\/wp\/v2\/product"}],"about":[{"href":"https:\/\/www.sailcom.ch\/fr\/wp-json\/wp\/v2\/types\/product"}],"author":[{"embeddable":true,"href":"https:\/\/www.sailcom.ch\/fr\/wp-json\/wp\/v2\/users\/2788"}],"wp:featuredmedia":[{"embeddable":true,"href":"https:\/\/www.sailcom.ch\/fr\/wp-json\/wp\/v2\/media\/1568"}],"wp:attachment":[{"href":"https:\/\/www.sailcom.ch\/fr\/wp-json\/wp\/v2\/media?parent=53847"}],"wp:term":[{"taxonomy":"product_brand","embeddable":true,"href":"https:\/\/www.sailcom.ch\/fr\/wp-json\/wp\/v2\/product_brand?post=53847"},{"taxonomy":"product_cat","embeddable":true,"href":"https:\/\/www.sailcom.ch\/fr\/wp-json\/wp\/v2\/product_cat?post=53847"},{"taxonomy":"product_tag","embeddable":true,"href":"https:\/\/www.sailcom.ch\/fr\/wp-json\/wp\/v2\/product_tag?post=53847"},{"taxonomy":"sailcom-capability","embeddable":true,"href":"https:\/\/www.sailcom.ch\/fr\/wp-json\/wp\/v2\/sailcom-capability?post=53847"},{"taxonomy":"sailcom-location","embeddable":true,"href":"https:\/\/www.sailcom.ch\/fr\/wp-json\/wp\/v2\/sailcom-location?post=53847"},{"taxonomy":"sailcom-event-type","embeddable":true,"href":"https:\/\/www.sailcom.ch\/fr\/wp-json\/wp\/v2\/sailcom-event-type?post=53847"},{"taxonomy":"sailcom-boat-type","embeddable":true,"href":"https:\/\/www.sailcom.ch\/fr\/wp-json\/wp\/v2\/sailcom-boat-type?post=53847"}],"curies":[{"name":"wp","href":"https:\/\/api.w.org\/{rel}","templated":true}]}}