{"id":53141,"date":"2025-08-21T00:07:48","date_gmt":"2025-08-20T22:07:48","guid":{"rendered":"https:\/\/www.sailcom.ch\/product\/product\/"},"modified":"2025-09-06T19:03:23","modified_gmt":"2025-09-06T17:03:23","slug":"event_53141","status":"publish","type":"product","link":"https:\/\/www.sailcom.ch\/fr\/produit\/event_53141\/","title":{"rendered":"Vollmondsegeln an Bord der GALATEA. Navigation en pleine lune \u00e0 bord du GALATEA"},"content":{"rendered":"","protected":false},"excerpt":{"rendered":"<p>Lass dich verzaubern bei einer Mondscheinfahrt \u00fcber die silbern gl\u00e4nzende Wasserf\u00e4che der eindr\u00fccklichen Weite des Genfersees!<br \/>\nAm sp\u00e4teren Nachmittag heisst es im Hafen Ouchy \u00abLeinen los!\u00bb. Kurs uns Distanz werden vom Wind bestimmt. Je nach Meteo geniessen wir den Sundowner und das anschliessende Nachtessen weit draussen auf dem See oder in einem ruhigen Hafen.<br \/>\n\u00dcber den Bergen im Osten steigt langsam der Vollmond auf und taucht den See in sein magisches Licht, in welches wir \u2013 hoffentlich bei klarem Wetter \u2013 unter Segeln dahingleiten.<br \/>\nSo gegen Mitternacht beenden wir unseren Nachtt\u00f6rn in einem Hafen und legen uns in die Kojen.<br \/>\nNach dem Fr\u00fchst\u00fcck ist wieder Segeln angesagt \u2013 sportlich oder bei Schwachwind unter Genaker.<br \/>\nAm Nachmittag nehmen wir Kurs Richtung Ouchy, wo wir \u00abklar Deck\u00bb machen und uns nach einem Ankerbier voneinander verabschieden.<\/p>\n<p>Treffpunkt: \tHafen Ouchy, bei der Galatea, Quai Nord, Platz 8<\/p>\n<p>Mitnehmen: \tDem Wetter angepasste Segelbekleidung, Fixleintuch, Schlafsack,<br \/>\n                        Proviant f\u00fcr den Mittagslunch (Montag), Euros oder Card f\u00fcr einen ev. Anleger in Evian\/FR<\/p>\n<p>Besonderes: Der Event ist auf drei Teilnehmende beschr\u00e4nkt, was das \u00dcbernachten<br \/>\n                       an Bord angenehmer macht. Nichtmitglieder sind ebenfalls willkommen. Der A \u2013                        Schein ist nur n\u00f6tig, falls du eine Einweisung ins Boot w\u00fcnschest.<br \/>\nBei schlechtem Wetter wird der Event zwei Tage vorher abgesagt.<\/p>\n<p>Kosten: \tCHF 85.00 bar oder per TWINT.  (Preis bei 3 Teilnehmenden)<br \/>\nAp\u00e9ro, Nachtessen und Fr\u00fchst\u00fcck besprechen\/kaufen wir vor Ort (Migrolino) und teilen die Kosten.<\/p>\n<p>Bei Fragen:\tBitte Telefon an J\u00fcrgen K\u00f6hler, 079 643 26 11<\/p>\n<p>Laisse-toi envo\u00fbter par une croisi\u00e8re au clair de lune sur les eaux scintillantes et argent\u00e9es de l&#039;imposante \u00e9tendue du lac L\u00e9man !<br \/>\nEn fin d&#039;apr\u00e8s-midi, il est temps de larguer les amarres au port d&#039;Ouchy. Le cap et la distance sont d\u00e9termin\u00e9s par le vent. Selon la m\u00e9t\u00e9o, nous profiterons d&#039;un ap\u00e9ritif au coucher du soleil, suivi d&#039;un d\u00eener au large ou dans un port tranquille.<br \/>\nLa pleine lune se l\u00e8ve lentement sur les montagnes \u00e0 l&#039;est, baignant le lac de sa lumi\u00e8re magique, o\u00f9 nous glisserons \u00e0 la voile \u2013 si le temps est clair, si possible. Vers minuit, nous terminerons notre croisi\u00e8re nocturne dans un port et regagnerons nos couchettes. Apr\u00e8s le petit-d\u00e9jeuner, nous hissons les voiles, soit de mani\u00e8re sportive, soit, par vent faible, sous gennaker.<br \/>\nL&#039;apr\u00e8s-midi, nous mettrons le cap sur Ouchy, o\u00f9 nous rangerons\/nettoyons le bateau et nous nous disons au revoir apr\u00e8s une bi\u00e8re.<\/p>\n<p>Lieu de rendez-vous : Port d&#039;Ouchy, pr\u00e8s du Galatea, quai nord, emplacement 8<\/p>\n<p>\u00c0 emporter : \tV\u00eatements de voile adapt\u00e9s \u00e0 la m\u00e9t\u00e9o, drap housse, sac de couchage,<br \/>\n                        provisions pour le d\u00e9jeuner (lundi),  des euros ou carte bancaire pour un \u00e9ventuel                                                 d\u00e9barquement \u00e0 Evian\/FR<\/p>\n<p>Particularit\u00e9s : L&#039;\u00e9v\u00e9nement est limit\u00e9 \u00e0 trois participants, ce qui rend la nuit \u00e0 bord<br \/>\n\t\t           plus agr\u00e9able.<br \/>\n                           Les non-membres sont \u00e9galement les bienvenus.<br \/>\n                           Le permis A n&#039;est n\u00e9cessaire que si tu souhaites une initiation.<br \/>\n                           En cas de mauvais temps, l&#039;\u00e9v\u00e9nement sera annul\u00e9 deux jours avant.<\/p>\n<p>Co\u00fbt : CHF 85.00 en esp\u00e8ces ou via TWINT.  (Prix pour 3 participants)<br \/>\n            Nous discuterons\/ach\u00e8terons l&#039;ap\u00e9ritif, le d\u00eener et le petit-d\u00e9jeuner sur place (Migrolino)                         et partagerons les frais.<\/p>\n<p>Des questions :  N\u2019hesites pas de m\u2019appeler,  J\u00fcrgen K\u00f6hler  079 643 26 11<\/p>\n","protected":false},"author":2755,"featured_media":23729,"template":"","meta":{"_acf_changed":false,"publish_to_discourse":"","publish_post_category":"","wpdc_auto_publish_overridden":"","wpdc_topic_tags":"","wpdc_pin_topic":"","wpdc_pin_until":"","discourse_post_id":"","discourse_permalink":"","wpdc_publishing_response":"","wpdc_publishing_error":""},"product_brand":[],"product_cat":[15],"product_tag":[],"sailcom-capability":[],"sailcom-location":[340],"sailcom-event-type":[364],"sailcom-boat-type":[],"class_list":{"0":"post-53141","1":"product","2":"type-product","3":"status-publish","4":"has-post-thumbnail","6":"product_cat-uncategorised","7":"sailcom-location-genfersee","8":"sailcom-event-type-sail-along","10":"first","11":"outofstock","12":"taxable","13":"shipping-taxable","14":"product-type-sc_event"},"acf":[],"_links":{"self":[{"href":"https:\/\/www.sailcom.ch\/fr\/wp-json\/wp\/v2\/product\/53141","targetHints":{"allow":["GET"]}}],"collection":[{"href":"https:\/\/www.sailcom.ch\/fr\/wp-json\/wp\/v2\/product"}],"about":[{"href":"https:\/\/www.sailcom.ch\/fr\/wp-json\/wp\/v2\/types\/product"}],"author":[{"embeddable":true,"href":"https:\/\/www.sailcom.ch\/fr\/wp-json\/wp\/v2\/users\/2755"}],"wp:featuredmedia":[{"embeddable":true,"href":"https:\/\/www.sailcom.ch\/fr\/wp-json\/wp\/v2\/media\/23729"}],"wp:attachment":[{"href":"https:\/\/www.sailcom.ch\/fr\/wp-json\/wp\/v2\/media?parent=53141"}],"wp:term":[{"taxonomy":"product_brand","embeddable":true,"href":"https:\/\/www.sailcom.ch\/fr\/wp-json\/wp\/v2\/product_brand?post=53141"},{"taxonomy":"product_cat","embeddable":true,"href":"https:\/\/www.sailcom.ch\/fr\/wp-json\/wp\/v2\/product_cat?post=53141"},{"taxonomy":"product_tag","embeddable":true,"href":"https:\/\/www.sailcom.ch\/fr\/wp-json\/wp\/v2\/product_tag?post=53141"},{"taxonomy":"sailcom-capability","embeddable":true,"href":"https:\/\/www.sailcom.ch\/fr\/wp-json\/wp\/v2\/sailcom-capability?post=53141"},{"taxonomy":"sailcom-location","embeddable":true,"href":"https:\/\/www.sailcom.ch\/fr\/wp-json\/wp\/v2\/sailcom-location?post=53141"},{"taxonomy":"sailcom-event-type","embeddable":true,"href":"https:\/\/www.sailcom.ch\/fr\/wp-json\/wp\/v2\/sailcom-event-type?post=53141"},{"taxonomy":"sailcom-boat-type","embeddable":true,"href":"https:\/\/www.sailcom.ch\/fr\/wp-json\/wp\/v2\/sailcom-boat-type?post=53141"}],"curies":[{"name":"wp","href":"https:\/\/api.w.org\/{rel}","templated":true}]}}