{"id":52661,"date":"2025-08-10T19:19:51","date_gmt":"2025-08-10T17:19:51","guid":{"rendered":"https:\/\/www.sailcom.ch\/product\/product\/"},"modified":"2025-08-29T09:23:09","modified_gmt":"2025-08-29T07:23:09","slug":"event_52661","status":"publish","type":"product","link":"https:\/\/www.sailcom.ch\/fr\/produit\/event_52661\/","title":{"rendered":"PUTZEN Aramis, Meilen, Z\u00fcrichsee, Zeit frei w\u00e4hlbar"},"content":{"rendered":"","protected":false},"excerpt":{"rendered":"<p>Putzen von Aramis<\/p>\n<p>Tag und Zeit k\u00f6nnen frei gew\u00e4hlt werden\t<\/p>\n<p>Erwartet werden ca. 2h selbstst\u00e4ndiger Einsatz f\u00fcr:<br \/>\nSchwarze Stellen an Deck entfernen, Backskisten ausr\u00e4umen, s\u00e4ubern und wieder einr\u00e4umen, F\u00e4cher unter Deck und unter den Kissen sowie Salonboden mit feuchtem Tuch reinigen.<br \/>\nPutzmaterial ist an Bord.<\/p>\n<p>Geleistete Stunden werden nach Einsatz f\u00fcr B-Status gutgeschrieben.<\/p>\n<p>Bitte vorg\u00e4ngig Kontaktaufnahme \u00fcber Jan Meissner f\u00fcr Reservation des Bootes: if-boot@web.de.<\/p>\n","protected":false},"author":2788,"featured_media":6472,"template":"","meta":{"_acf_changed":false,"publish_to_discourse":"","publish_post_category":"","wpdc_auto_publish_overridden":"","wpdc_topic_tags":"","wpdc_pin_topic":"","wpdc_pin_until":"","discourse_post_id":"","discourse_permalink":"","wpdc_publishing_response":"","wpdc_publishing_error":""},"product_brand":[],"product_cat":[15],"product_tag":[],"sailcom-capability":[],"sailcom-location":[348],"sailcom-event-type":[380],"sailcom-boat-type":[],"class_list":{"0":"post-52661","1":"product","2":"type-product","3":"status-publish","4":"has-post-thumbnail","6":"product_cat-uncategorised","7":"sailcom-location-zurichsee","8":"sailcom-event-type-maintenance","10":"first","11":"instock","12":"taxable","13":"shipping-taxable","14":"product-type-sc_event"},"acf":[],"_links":{"self":[{"href":"https:\/\/www.sailcom.ch\/fr\/wp-json\/wp\/v2\/product\/52661","targetHints":{"allow":["GET"]}}],"collection":[{"href":"https:\/\/www.sailcom.ch\/fr\/wp-json\/wp\/v2\/product"}],"about":[{"href":"https:\/\/www.sailcom.ch\/fr\/wp-json\/wp\/v2\/types\/product"}],"author":[{"embeddable":true,"href":"https:\/\/www.sailcom.ch\/fr\/wp-json\/wp\/v2\/users\/2788"}],"wp:featuredmedia":[{"embeddable":true,"href":"https:\/\/www.sailcom.ch\/fr\/wp-json\/wp\/v2\/media\/6472"}],"wp:attachment":[{"href":"https:\/\/www.sailcom.ch\/fr\/wp-json\/wp\/v2\/media?parent=52661"}],"wp:term":[{"taxonomy":"product_brand","embeddable":true,"href":"https:\/\/www.sailcom.ch\/fr\/wp-json\/wp\/v2\/product_brand?post=52661"},{"taxonomy":"product_cat","embeddable":true,"href":"https:\/\/www.sailcom.ch\/fr\/wp-json\/wp\/v2\/product_cat?post=52661"},{"taxonomy":"product_tag","embeddable":true,"href":"https:\/\/www.sailcom.ch\/fr\/wp-json\/wp\/v2\/product_tag?post=52661"},{"taxonomy":"sailcom-capability","embeddable":true,"href":"https:\/\/www.sailcom.ch\/fr\/wp-json\/wp\/v2\/sailcom-capability?post=52661"},{"taxonomy":"sailcom-location","embeddable":true,"href":"https:\/\/www.sailcom.ch\/fr\/wp-json\/wp\/v2\/sailcom-location?post=52661"},{"taxonomy":"sailcom-event-type","embeddable":true,"href":"https:\/\/www.sailcom.ch\/fr\/wp-json\/wp\/v2\/sailcom-event-type?post=52661"},{"taxonomy":"sailcom-boat-type","embeddable":true,"href":"https:\/\/www.sailcom.ch\/fr\/wp-json\/wp\/v2\/sailcom-boat-type?post=52661"}],"curies":[{"name":"wp","href":"https:\/\/api.w.org\/{rel}","templated":true}]}}