{"id":52638,"date":"2025-08-10T11:03:33","date_gmt":"2025-08-10T09:03:33","guid":{"rendered":"https:\/\/www.sailcom.ch\/product\/product\/"},"modified":"2025-09-17T12:32:37","modified_gmt":"2025-09-17T10:32:37","slug":"event_52638","status":"publish","type":"product","link":"https:\/\/www.sailcom.ch\/fr\/produit\/event_52638\/","title":{"rendered":"T\u00f6rn im Urnersee"},"content":{"rendered":"","protected":false},"excerpt":{"rendered":"<p>Treffpunkt: Hafen Felsenegg, Gersau<\/p>\n<p>Segeln nach Wind und Wetter, ab Gersau Richtung Brunnen-Sisikon-Fl\u00fcelen. Kennenlernen von G\u00e4stepl\u00e4tzen und Infrastruktur im Urnersee (F\u00f6hnhafen Brunnen und Hafen Fl\u00fcelen).<\/p>\n","protected":false},"author":2697,"featured_media":8956,"template":"","meta":{"_acf_changed":false,"publish_to_discourse":"","publish_post_category":"","wpdc_auto_publish_overridden":"","wpdc_topic_tags":"","wpdc_pin_topic":"","wpdc_pin_until":"","discourse_post_id":"","discourse_permalink":"","wpdc_publishing_response":"","wpdc_publishing_error":""},"product_brand":[],"product_cat":[15],"product_tag":[],"sailcom-capability":[],"sailcom-location":[345],"sailcom-event-type":[364,374,379],"sailcom-boat-type":[],"class_list":{"0":"post-52638","1":"product","2":"type-product","3":"status-publish","4":"has-post-thumbnail","6":"product_cat-uncategorised","7":"sailcom-location-vierwaldstattersee-location","8":"sailcom-event-type-sail-along","9":"sailcom-event-type-skippertraining","10":"sailcom-event-type-spisegeln","12":"first","13":"instock","14":"taxable","15":"shipping-taxable","16":"product-type-sc_event"},"acf":[],"_links":{"self":[{"href":"https:\/\/www.sailcom.ch\/fr\/wp-json\/wp\/v2\/product\/52638","targetHints":{"allow":["GET"]}}],"collection":[{"href":"https:\/\/www.sailcom.ch\/fr\/wp-json\/wp\/v2\/product"}],"about":[{"href":"https:\/\/www.sailcom.ch\/fr\/wp-json\/wp\/v2\/types\/product"}],"author":[{"embeddable":true,"href":"https:\/\/www.sailcom.ch\/fr\/wp-json\/wp\/v2\/users\/2697"}],"wp:featuredmedia":[{"embeddable":true,"href":"https:\/\/www.sailcom.ch\/fr\/wp-json\/wp\/v2\/media\/8956"}],"wp:attachment":[{"href":"https:\/\/www.sailcom.ch\/fr\/wp-json\/wp\/v2\/media?parent=52638"}],"wp:term":[{"taxonomy":"product_brand","embeddable":true,"href":"https:\/\/www.sailcom.ch\/fr\/wp-json\/wp\/v2\/product_brand?post=52638"},{"taxonomy":"product_cat","embeddable":true,"href":"https:\/\/www.sailcom.ch\/fr\/wp-json\/wp\/v2\/product_cat?post=52638"},{"taxonomy":"product_tag","embeddable":true,"href":"https:\/\/www.sailcom.ch\/fr\/wp-json\/wp\/v2\/product_tag?post=52638"},{"taxonomy":"sailcom-capability","embeddable":true,"href":"https:\/\/www.sailcom.ch\/fr\/wp-json\/wp\/v2\/sailcom-capability?post=52638"},{"taxonomy":"sailcom-location","embeddable":true,"href":"https:\/\/www.sailcom.ch\/fr\/wp-json\/wp\/v2\/sailcom-location?post=52638"},{"taxonomy":"sailcom-event-type","embeddable":true,"href":"https:\/\/www.sailcom.ch\/fr\/wp-json\/wp\/v2\/sailcom-event-type?post=52638"},{"taxonomy":"sailcom-boat-type","embeddable":true,"href":"https:\/\/www.sailcom.ch\/fr\/wp-json\/wp\/v2\/sailcom-boat-type?post=52638"}],"curies":[{"name":"wp","href":"https:\/\/api.w.org\/{rel}","templated":true}]}}