{"id":52104,"date":"2025-07-27T00:32:38","date_gmt":"2025-07-26T22:32:38","guid":{"rendered":"https:\/\/www.sailcom.ch\/product\/product\/"},"modified":"2025-08-03T16:56:35","modified_gmt":"2025-08-03T14:56:35","slug":"event_52104","status":"publish","type":"product","link":"https:\/\/www.sailcom.ch\/fr\/produit\/event_52104\/","title":{"rendered":"Segelferien auf einem Katamaran"},"content":{"rendered":"","protected":false},"excerpt":{"rendered":"<p>Ein Kinderfreundlicher Segelt\u00f6rn zum erschwinglichen Preis. Wir Segeln auf einem grossen Katamaran. Keine Schr\u00e4glage, viel Platz und absolut Kindgerecht. Nat\u00fcrlich ist dieser T\u00f6rn auch f\u00fcr Menschen ohne Kinder geeignet.<\/p>\n<p>https:\/\/segelschule-namaste.ch\/events\/kinderfreundlicher-segeltoern<\/p>\n<p>Die vier grossz\u00fcgigen Kabinen unter Deck sind geeignet f\u00fcr den R\u00fcckzug. Ein grosses Doppelbett, Schr\u00e4nke und ein eigenes kleines Bad mit Dusche und Toilette erlaubt eine bequeme Privatsph\u00e4re.<\/p>\n<p>Oben an Deck ist der grosse Salon mit einer voll ausgestatteten K\u00fcche. Hier k\u00f6nnen wir gemeinsam sein, gemeinsam unser Essen vorbereiten, gem\u00fctlich Sitzen, spielen und vieles mehr.<\/p>\n<p>Im gedeckten Cockpit gibt es viel Platz und Schatten zum sitzen, lesen, essen und \u00fcberhaupt geniessen. Vorne am Bug gibt es grossz\u00fcgige Liegem\u00f6glichkeiten auch im Netz \u00fcber dem Wasser.<\/p>\n<p>Der Start ist in der n\u00e4he des Flughafens Split, Kroatien. Von hier aus segeln wir los und erkunden die St\u00e4dte wie zum Beispiel Primosten und Sibenik und die Inseln Vis und Hvar. Wir ankern in einsamen Buchten und geniessen die Sonnenunterg\u00e4nge und auch die Sonnenaufg\u00e4nge vom Meer aus oder bleiben \u00dcbernacht in einer der malerischen Stadth\u00e4fen.<\/p>\n<p>Bei den Ferien-Segelt\u00f6rns steht die Erholung und der Genuss im Vordergrund. Wir Segeln in der Regel 2 bis 5 Stunden t\u00e4glich. Es sind keine Segelkenntnisse notwendig. Du kannst beim Segeln mithelfen, das Steuer \u00fcbernehmen, oder einfach entspannen. Auf Wunsch erkl\u00e4re ich auch ein paar Grund-Segelkenntnisse.<\/p>\n<p>Der T\u00f6rn ist auch f\u00fcr Kinder mit Begleitung eines Elternteils geeignet. Je nach alter und Gr\u00f6sse der Kinder kann eine Familienkabine gebucht werden.<\/p>\n<p>Wir Kochen gemeinsam auf dem Schiff und richten uns mit den gegebene M\u00f6glichkeiten nach den W\u00fcnschen der Crew. Meist werden wir Fr\u00fchst\u00fcck und ein kleines Lunch an Schiff zu uns nehmen und Abends in einer der wundervollen Hafenst\u00e4dte die lokale K\u00fcche geniessen.<\/p>\n<p>Weitere Infos und Anmeldung unter +41 78 672 25 70 oder robin@segelschule-namaste.ch<\/p>\n<p>Ich w\u00fcrde mich sehr freuen euch Bald an Bord begr\u00fcssen zu d\u00fcrfen,<br \/>\nRobin<\/p>\n<p>Es gelten die Segelschule Namaste T\u00f6rnbedingungen<\/p>\n","protected":false},"author":3557,"featured_media":46054,"template":"","meta":{"_acf_changed":false,"publish_to_discourse":"","publish_post_category":"","wpdc_auto_publish_overridden":"","wpdc_topic_tags":"","wpdc_pin_topic":"","wpdc_pin_until":"","discourse_post_id":"","discourse_permalink":"","wpdc_publishing_response":"","wpdc_publishing_error":""},"product_brand":[],"product_cat":[15],"product_tag":[],"sailcom-capability":[],"sailcom-location":[532],"sailcom-event-type":[364],"sailcom-boat-type":[],"class_list":{"0":"post-52104","1":"product","2":"type-product","3":"status-publish","4":"has-post-thumbnail","6":"product_cat-uncategorised","7":"sailcom-location-sailcom-offshore","8":"sailcom-event-type-sail-along","10":"first","11":"instock","12":"taxable","13":"shipping-taxable","14":"product-type-sc_event"},"acf":[],"_links":{"self":[{"href":"https:\/\/www.sailcom.ch\/fr\/wp-json\/wp\/v2\/product\/52104","targetHints":{"allow":["GET"]}}],"collection":[{"href":"https:\/\/www.sailcom.ch\/fr\/wp-json\/wp\/v2\/product"}],"about":[{"href":"https:\/\/www.sailcom.ch\/fr\/wp-json\/wp\/v2\/types\/product"}],"author":[{"embeddable":true,"href":"https:\/\/www.sailcom.ch\/fr\/wp-json\/wp\/v2\/users\/3557"}],"wp:featuredmedia":[{"embeddable":true,"href":"https:\/\/www.sailcom.ch\/fr\/wp-json\/wp\/v2\/media\/46054"}],"wp:attachment":[{"href":"https:\/\/www.sailcom.ch\/fr\/wp-json\/wp\/v2\/media?parent=52104"}],"wp:term":[{"taxonomy":"product_brand","embeddable":true,"href":"https:\/\/www.sailcom.ch\/fr\/wp-json\/wp\/v2\/product_brand?post=52104"},{"taxonomy":"product_cat","embeddable":true,"href":"https:\/\/www.sailcom.ch\/fr\/wp-json\/wp\/v2\/product_cat?post=52104"},{"taxonomy":"product_tag","embeddable":true,"href":"https:\/\/www.sailcom.ch\/fr\/wp-json\/wp\/v2\/product_tag?post=52104"},{"taxonomy":"sailcom-capability","embeddable":true,"href":"https:\/\/www.sailcom.ch\/fr\/wp-json\/wp\/v2\/sailcom-capability?post=52104"},{"taxonomy":"sailcom-location","embeddable":true,"href":"https:\/\/www.sailcom.ch\/fr\/wp-json\/wp\/v2\/sailcom-location?post=52104"},{"taxonomy":"sailcom-event-type","embeddable":true,"href":"https:\/\/www.sailcom.ch\/fr\/wp-json\/wp\/v2\/sailcom-event-type?post=52104"},{"taxonomy":"sailcom-boat-type","embeddable":true,"href":"https:\/\/www.sailcom.ch\/fr\/wp-json\/wp\/v2\/sailcom-boat-type?post=52104"}],"curies":[{"name":"wp","href":"https:\/\/api.w.org\/{rel}","templated":true}]}}