{"id":49863,"date":"2025-06-03T22:02:43","date_gmt":"2025-06-03T20:02:43","guid":{"rendered":"https:\/\/www.sailcom.ch\/product\/produkt\/"},"modified":"2025-06-04T07:19:33","modified_gmt":"2025-06-04T05:19:33","slug":"event_49863","status":"publish","type":"product","link":"https:\/\/www.sailcom.ch\/fr\/produit\/event_49863\/","title":{"rendered":"GALATEA. Einweisung\/Initiation"},"content":{"rendered":"","protected":false},"excerpt":{"rendered":"<p>Kennenlernen der Dufour 310 Galatea: Ausstattung des Bootes \u00fcber und unter Deck, Hafenman\u00f6ver mit dem Doppelruder\/Besonderheiten des Liegeplatzes, Reffen.<br \/>\nTreffpunkt: 13.00 Uhr bei der Galatea, Hafen Ouchy, Mole Nord, Platz 8<br \/>\nBedingungen: F\u00fcr dieses Boot ben\u00f6tigt man den A \u2013 Schein<br \/>\nKosten: Die Gesamtkosten von CHF 228.- wird durch die Anzahl Teilnehmenden geteilt. Bezahlung auch per TWINT. (Bei 3 Personen -&gt; CHF 76.-)<\/p>\n<p>D\u00e9couverte du Dufour 310 Galatea : \u00e9quipement du bateau sur et sous le pont, man\u0153uvres de port avec le double safran\/particularit\u00e9s de l&#039;amarrage, prise de ris.<br \/>\nRendez-vous : 13.00 heures chez le bateau, port d&#039;Ouchy, m\u00f4le nord, place 8.<br \/>\nConditions : Pour ce bateau, le permis A est n\u00e9cessaire.<br \/>\nCo\u00fbts : Les co\u00fbts totaux de CHF 228.- seront divis\u00e9s par le nombre de participants. Paiement \u00e9galement par TWINT. (avec 3 personnes -&gt; CHF 76.-)<\/p>\n","protected":false},"author":2755,"featured_media":23729,"template":"","meta":{"_acf_changed":false,"publish_to_discourse":"","publish_post_category":"","wpdc_auto_publish_overridden":"","wpdc_topic_tags":"","wpdc_pin_topic":"","wpdc_pin_until":"","discourse_post_id":"","discourse_permalink":"","wpdc_publishing_response":"","wpdc_publishing_error":""},"product_brand":[],"product_cat":[15],"product_tag":[],"sailcom-capability":[],"sailcom-location":[340],"sailcom-event-type":[373],"sailcom-boat-type":[],"class_list":{"0":"post-49863","1":"product","2":"type-product","3":"status-publish","4":"has-post-thumbnail","6":"product_cat-uncategorised","7":"sailcom-location-genfersee","8":"sailcom-event-type-einweisungen","10":"first","11":"instock","12":"taxable","13":"shipping-taxable","14":"product-type-sc_event"},"acf":[],"_links":{"self":[{"href":"https:\/\/www.sailcom.ch\/fr\/wp-json\/wp\/v2\/product\/49863","targetHints":{"allow":["GET"]}}],"collection":[{"href":"https:\/\/www.sailcom.ch\/fr\/wp-json\/wp\/v2\/product"}],"about":[{"href":"https:\/\/www.sailcom.ch\/fr\/wp-json\/wp\/v2\/types\/product"}],"author":[{"embeddable":true,"href":"https:\/\/www.sailcom.ch\/fr\/wp-json\/wp\/v2\/users\/2755"}],"wp:featuredmedia":[{"embeddable":true,"href":"https:\/\/www.sailcom.ch\/fr\/wp-json\/wp\/v2\/media\/23729"}],"wp:attachment":[{"href":"https:\/\/www.sailcom.ch\/fr\/wp-json\/wp\/v2\/media?parent=49863"}],"wp:term":[{"taxonomy":"product_brand","embeddable":true,"href":"https:\/\/www.sailcom.ch\/fr\/wp-json\/wp\/v2\/product_brand?post=49863"},{"taxonomy":"product_cat","embeddable":true,"href":"https:\/\/www.sailcom.ch\/fr\/wp-json\/wp\/v2\/product_cat?post=49863"},{"taxonomy":"product_tag","embeddable":true,"href":"https:\/\/www.sailcom.ch\/fr\/wp-json\/wp\/v2\/product_tag?post=49863"},{"taxonomy":"sailcom-capability","embeddable":true,"href":"https:\/\/www.sailcom.ch\/fr\/wp-json\/wp\/v2\/sailcom-capability?post=49863"},{"taxonomy":"sailcom-location","embeddable":true,"href":"https:\/\/www.sailcom.ch\/fr\/wp-json\/wp\/v2\/sailcom-location?post=49863"},{"taxonomy":"sailcom-event-type","embeddable":true,"href":"https:\/\/www.sailcom.ch\/fr\/wp-json\/wp\/v2\/sailcom-event-type?post=49863"},{"taxonomy":"sailcom-boat-type","embeddable":true,"href":"https:\/\/www.sailcom.ch\/fr\/wp-json\/wp\/v2\/sailcom-boat-type?post=49863"}],"curies":[{"name":"wp","href":"https:\/\/api.w.org\/{rel}","templated":true}]}}