{"id":49107,"date":"2025-05-16T15:55:11","date_gmt":"2025-05-16T13:55:11","guid":{"rendered":"https:\/\/www.sailcom.ch\/product\/produkt\/"},"modified":"2025-09-09T07:47:41","modified_gmt":"2025-09-09T05:47:41","slug":"event_49107","status":"publish","type":"product","link":"https:\/\/www.sailcom.ch\/fr\/produit\/event_49107\/","title":{"rendered":"Ausbildungst\u00f6rn Korfu, Bavaria 51"},"content":{"rendered":"","protected":false},"excerpt":{"rendered":"<p>Programm<br \/>\n11. Okt: individuelle Anreise nach Gouvia\/ Korfu, Ankunft auf dem Schiff um 17.00 Uhr<br \/>\n12. \u2013 17. Okt: Sechs intensive Segel- und Ausbildungstage<br \/>\n18. Okt: individuelle Abreise ab Gouvia\/ Korfu<\/p>\n<p>250 \u2013 300nm + Man\u00f6vertraining<br \/>\nSegeln auf allen Kursen, Segeltrimm, Reffen\/Ausreffen, Ankerman\u00f6ver, Ankern mit Landleine, \u201cR\u00f6misch-katholisches\u201d-Anlegeman\u00f6ver, Anlegen am Steg mit Muringleinen, Man-\u00fcber-Bord-Man\u00f6ver, Nachtfahrt, Passagenplanung, Navigation mit elektronischen Hilfsmitteln, Analoge Navigation mit dem Handpeilkompass, ev. Segeln unter Gennaker<\/p>\n<p>Du wirst mit einem reichen Erfahrungsschatz und neuen Kompetenzen nach Hause zur\u00fcckkehren.<\/p>\n<p>Jacht: Bavaria 51<br \/>\nEinen Tag kannst du w\u00e4hrend dieser Woche auf einem Katamaran schnupper-segeln (Nautitech 46 Fly). M\u00f6chtest du lieber die ganze Woche auf dem Kat sein? \u2013 Dann schaue dir die anderen Events an!<\/p>\n<p>Ausbildner: Ondrej (Andy) Stifter, Hochseeschein, Yachtmaster Offshore, &gt;25000sm<\/p>\n<p>Crew-Gr\u00f6sse: 5 Teilnehmende = intensives Lernerlebnis<\/p>\n<p>Kosten f\u00fcr SAILCOM-Mitglieder<br \/>\nEinzelkabine: 1690 Fr.<\/p>\n<p>im Preis enthalten sind:<br \/>\n7 \u00dcbernachtungen auf der gebuchten Jacht<br \/>\nintensives Segelerlebnis und Ausbildung in kleiner Crew<br \/>\nBest\u00e4tigung der Seemeilen f\u00fcr den CH-Hochseeschein (oder f\u00fcr andere Segelscheine)<br \/>\nBettw\u00e4sche inkl. Badetuch<br \/>\nEndreinigung<\/p>\n<p>nicht enthalten sind:<br \/>\nBordkasse (Essen und Trinken an Bord, Hafengeb\u00fchren, Diesel)<br \/>\nReisekosten nach und von Korfu<br \/>\npers\u00f6nliche Ausgaben an Land, ausw\u00e4rts essen an Land<\/p>\n<p>Bei Fragen wende dich an Andy unter: admin@hochamwind.ch<\/p>\n<p>Nach Anmeldung werde ich mit dir Kontakt aufnehmen. Wir kl\u00e4ren, in welcher Kabine du schlafen willst. Anschliessend Bezahlung des T\u00f6rns per Bank\u00fcberweisung bis sp\u00e4testens 30 Tage nach der Anmeldung.<\/p>\n","protected":false},"author":3545,"featured_media":46054,"template":"","meta":{"_acf_changed":false,"publish_to_discourse":"","publish_post_category":"","wpdc_auto_publish_overridden":"","wpdc_topic_tags":"","wpdc_pin_topic":"","wpdc_pin_until":"","discourse_post_id":"","discourse_permalink":"","wpdc_publishing_response":"","wpdc_publishing_error":""},"product_brand":[],"product_cat":[15],"product_tag":[],"sailcom-capability":[],"sailcom-location":[532],"sailcom-event-type":[374],"sailcom-boat-type":[],"class_list":{"0":"post-49107","1":"product","2":"type-product","3":"status-publish","4":"has-post-thumbnail","6":"product_cat-uncategorised","7":"sailcom-location-sailcom-offshore","8":"sailcom-event-type-skippertraining","10":"first","11":"instock","12":"taxable","13":"shipping-taxable","14":"product-type-sc_event"},"acf":[],"_links":{"self":[{"href":"https:\/\/www.sailcom.ch\/fr\/wp-json\/wp\/v2\/product\/49107","targetHints":{"allow":["GET"]}}],"collection":[{"href":"https:\/\/www.sailcom.ch\/fr\/wp-json\/wp\/v2\/product"}],"about":[{"href":"https:\/\/www.sailcom.ch\/fr\/wp-json\/wp\/v2\/types\/product"}],"author":[{"embeddable":true,"href":"https:\/\/www.sailcom.ch\/fr\/wp-json\/wp\/v2\/users\/3545"}],"wp:featuredmedia":[{"embeddable":true,"href":"https:\/\/www.sailcom.ch\/fr\/wp-json\/wp\/v2\/media\/46054"}],"wp:attachment":[{"href":"https:\/\/www.sailcom.ch\/fr\/wp-json\/wp\/v2\/media?parent=49107"}],"wp:term":[{"taxonomy":"product_brand","embeddable":true,"href":"https:\/\/www.sailcom.ch\/fr\/wp-json\/wp\/v2\/product_brand?post=49107"},{"taxonomy":"product_cat","embeddable":true,"href":"https:\/\/www.sailcom.ch\/fr\/wp-json\/wp\/v2\/product_cat?post=49107"},{"taxonomy":"product_tag","embeddable":true,"href":"https:\/\/www.sailcom.ch\/fr\/wp-json\/wp\/v2\/product_tag?post=49107"},{"taxonomy":"sailcom-capability","embeddable":true,"href":"https:\/\/www.sailcom.ch\/fr\/wp-json\/wp\/v2\/sailcom-capability?post=49107"},{"taxonomy":"sailcom-location","embeddable":true,"href":"https:\/\/www.sailcom.ch\/fr\/wp-json\/wp\/v2\/sailcom-location?post=49107"},{"taxonomy":"sailcom-event-type","embeddable":true,"href":"https:\/\/www.sailcom.ch\/fr\/wp-json\/wp\/v2\/sailcom-event-type?post=49107"},{"taxonomy":"sailcom-boat-type","embeddable":true,"href":"https:\/\/www.sailcom.ch\/fr\/wp-json\/wp\/v2\/sailcom-boat-type?post=49107"}],"curies":[{"name":"wp","href":"https:\/\/api.w.org\/{rel}","templated":true}]}}