{"id":48660,"date":"2025-05-08T15:42:48","date_gmt":"2025-05-08T13:42:48","guid":{"rendered":"https:\/\/www.sailcom.ch\/product\/product\/"},"modified":"2025-06-11T10:22:54","modified_gmt":"2025-06-11T08:22:54","slug":"event_48660","status":"publish","type":"product","link":"https:\/\/www.sailcom.ch\/fr\/produit\/event_48660\/","title":{"rendered":"Plauschsegeln zu den Inseln L\u00fctzelau und Ufenau"},"content":{"rendered":"","protected":false},"excerpt":{"rendered":"<p>Ab Rapperswil vom zentral gelegenen Stadthafen mit wundersch\u00f6ner Kulisse segeln wir aus dem Hafen in Richtung den Inseln L\u00fctzelau und Ufenau.<\/p>\n<p>Treffpunkt: Am Liegeplatz der J70 im Stadthafen Rapperswil 63-64<\/p>\n<p>Findet ab 2 Anmeldungen statt. Maximal 3 Teilnehmer.<\/p>\n<p>Ich freue mich dich bald pers\u00f6nlich an Bord begr\u00fcssen zu d\u00fcrfen,<br \/>\nRobin.<br \/>\nsegelschule-namaste.ch<\/p>\n","protected":false},"author":3557,"featured_media":1534,"template":"","meta":{"_acf_changed":false,"publish_to_discourse":"","publish_post_category":"","wpdc_auto_publish_overridden":"","wpdc_topic_tags":"","wpdc_pin_topic":"","wpdc_pin_until":"","discourse_post_id":"","discourse_permalink":"","wpdc_publishing_response":"","wpdc_publishing_error":""},"product_brand":[],"product_cat":[15],"product_tag":[],"sailcom-capability":[],"sailcom-location":[348],"sailcom-event-type":[373,378],"sailcom-boat-type":[],"class_list":{"0":"post-48660","1":"product","2":"type-product","3":"status-publish","4":"has-post-thumbnail","6":"product_cat-uncategorised","7":"sailcom-location-zurichsee","8":"sailcom-event-type-einweisungen","9":"sailcom-event-type-genisegeln","11":"first","12":"instock","13":"taxable","14":"shipping-taxable","15":"product-type-sc_event"},"acf":[],"_links":{"self":[{"href":"https:\/\/www.sailcom.ch\/fr\/wp-json\/wp\/v2\/product\/48660","targetHints":{"allow":["GET"]}}],"collection":[{"href":"https:\/\/www.sailcom.ch\/fr\/wp-json\/wp\/v2\/product"}],"about":[{"href":"https:\/\/www.sailcom.ch\/fr\/wp-json\/wp\/v2\/types\/product"}],"author":[{"embeddable":true,"href":"https:\/\/www.sailcom.ch\/fr\/wp-json\/wp\/v2\/users\/3557"}],"wp:featuredmedia":[{"embeddable":true,"href":"https:\/\/www.sailcom.ch\/fr\/wp-json\/wp\/v2\/media\/1534"}],"wp:attachment":[{"href":"https:\/\/www.sailcom.ch\/fr\/wp-json\/wp\/v2\/media?parent=48660"}],"wp:term":[{"taxonomy":"product_brand","embeddable":true,"href":"https:\/\/www.sailcom.ch\/fr\/wp-json\/wp\/v2\/product_brand?post=48660"},{"taxonomy":"product_cat","embeddable":true,"href":"https:\/\/www.sailcom.ch\/fr\/wp-json\/wp\/v2\/product_cat?post=48660"},{"taxonomy":"product_tag","embeddable":true,"href":"https:\/\/www.sailcom.ch\/fr\/wp-json\/wp\/v2\/product_tag?post=48660"},{"taxonomy":"sailcom-capability","embeddable":true,"href":"https:\/\/www.sailcom.ch\/fr\/wp-json\/wp\/v2\/sailcom-capability?post=48660"},{"taxonomy":"sailcom-location","embeddable":true,"href":"https:\/\/www.sailcom.ch\/fr\/wp-json\/wp\/v2\/sailcom-location?post=48660"},{"taxonomy":"sailcom-event-type","embeddable":true,"href":"https:\/\/www.sailcom.ch\/fr\/wp-json\/wp\/v2\/sailcom-event-type?post=48660"},{"taxonomy":"sailcom-boat-type","embeddable":true,"href":"https:\/\/www.sailcom.ch\/fr\/wp-json\/wp\/v2\/sailcom-boat-type?post=48660"}],"curies":[{"name":"wp","href":"https:\/\/api.w.org\/{rel}","templated":true}]}}