{"id":47444,"date":"2025-04-07T15:53:05","date_gmt":"2025-04-07T13:53:05","guid":{"rendered":"https:\/\/www.sailcom.ch\/product\/product\/"},"modified":"2025-04-11T21:39:04","modified_gmt":"2025-04-11T19:39:04","slug":"event_47444","status":"publish","type":"product","link":"https:\/\/www.sailcom.ch\/fr\/produit\/event_47444\/","title":{"rendered":"Riss in Genua reparieren, evtl. Keder einn\u00e4hen f\u00fcr Umr\u00fcstung auf Rollreff (N\u00e4harbeit)"},"content":{"rendered":"","protected":false},"excerpt":{"rendered":"<p>Heimarbeit, Zeit frei w\u00e4hlbar, Zeitgutschrift nach R\u00fccksprache und Aufwand.<\/p>\n<p>Eine gebrauchte Surprise Genua hat einen Riss am Achterliek, das gen\u00e4ht und verst\u00e4rkt werden sollte. Daneben w\u00e4re es sch\u00f6n, wenn das Segel neu mit einem d\u00fcnnen Keder im Vorliek versehen wird, damit es als Ersatz f\u00fcr unsere Aramis dienen kann.<\/p>\n<p>Es wird keine perfekte N\u00e4harbeit eines professionellen Segelmachers erwartet.<br \/>\nEs w\u00e4re aber sch\u00f6n, wenn die noch gut erhaltene Genua als Ersatz f\u00fcr die Sailcom weitergenutzt werden k\u00f6nnte.<\/p>\n<p>Erwartet wird selbstst\u00e4ndige Beschaffung des Materials gegen Spesenersatz und Fertigstellung der Genua nach Aufwand gegen Zeitgutschrift f\u00fcr den B-Status.<\/p>\n<p>F\u00fcr weitere Infos und \u00dcbergabe (Postversand auch m\u00f6glich) bitte Kontakt mit Jan Meissner aufnehmen: if-boot@web.de.<\/p>\n","protected":false},"author":2788,"featured_media":1568,"template":"","meta":{"_acf_changed":false,"publish_to_discourse":"","publish_post_category":"","wpdc_auto_publish_overridden":"","wpdc_topic_tags":"","wpdc_pin_topic":"","wpdc_pin_until":"","discourse_post_id":"","discourse_permalink":"","wpdc_publishing_response":"","wpdc_publishing_error":""},"product_brand":[],"product_cat":[15],"product_tag":[],"sailcom-capability":[],"sailcom-location":[595],"sailcom-event-type":[380],"sailcom-boat-type":[],"class_list":{"0":"post-47444","1":"product","2":"type-product","3":"status-publish","4":"has-post-thumbnail","6":"product_cat-uncategorised","7":"sailcom-location-heimarbeit","8":"sailcom-event-type-maintenance","10":"first","11":"instock","12":"taxable","13":"shipping-taxable","14":"product-type-sc_event"},"acf":[],"_links":{"self":[{"href":"https:\/\/www.sailcom.ch\/fr\/wp-json\/wp\/v2\/product\/47444","targetHints":{"allow":["GET"]}}],"collection":[{"href":"https:\/\/www.sailcom.ch\/fr\/wp-json\/wp\/v2\/product"}],"about":[{"href":"https:\/\/www.sailcom.ch\/fr\/wp-json\/wp\/v2\/types\/product"}],"author":[{"embeddable":true,"href":"https:\/\/www.sailcom.ch\/fr\/wp-json\/wp\/v2\/users\/2788"}],"wp:featuredmedia":[{"embeddable":true,"href":"https:\/\/www.sailcom.ch\/fr\/wp-json\/wp\/v2\/media\/1568"}],"wp:attachment":[{"href":"https:\/\/www.sailcom.ch\/fr\/wp-json\/wp\/v2\/media?parent=47444"}],"wp:term":[{"taxonomy":"product_brand","embeddable":true,"href":"https:\/\/www.sailcom.ch\/fr\/wp-json\/wp\/v2\/product_brand?post=47444"},{"taxonomy":"product_cat","embeddable":true,"href":"https:\/\/www.sailcom.ch\/fr\/wp-json\/wp\/v2\/product_cat?post=47444"},{"taxonomy":"product_tag","embeddable":true,"href":"https:\/\/www.sailcom.ch\/fr\/wp-json\/wp\/v2\/product_tag?post=47444"},{"taxonomy":"sailcom-capability","embeddable":true,"href":"https:\/\/www.sailcom.ch\/fr\/wp-json\/wp\/v2\/sailcom-capability?post=47444"},{"taxonomy":"sailcom-location","embeddable":true,"href":"https:\/\/www.sailcom.ch\/fr\/wp-json\/wp\/v2\/sailcom-location?post=47444"},{"taxonomy":"sailcom-event-type","embeddable":true,"href":"https:\/\/www.sailcom.ch\/fr\/wp-json\/wp\/v2\/sailcom-event-type?post=47444"},{"taxonomy":"sailcom-boat-type","embeddable":true,"href":"https:\/\/www.sailcom.ch\/fr\/wp-json\/wp\/v2\/sailcom-boat-type?post=47444"}],"curies":[{"name":"wp","href":"https:\/\/api.w.org\/{rel}","templated":true}]}}