{"id":47242,"date":"2025-04-02T01:19:29","date_gmt":"2025-04-01T23:19:29","guid":{"rendered":"https:\/\/www.sailcom.ch\/product\/produkt\/"},"modified":"2025-04-24T17:43:38","modified_gmt":"2025-04-24T15:43:38","slug":"event_47242","status":"publish","type":"product","link":"https:\/\/www.sailcom.ch\/fr\/produit\/event_47242\/","title":{"rendered":"GALATEA Segelplausch mit \u00dcbernachtung an Bord\/ Sortie en voile et passer la nuit \u00e0 bord"},"content":{"rendered":"","protected":false},"excerpt":{"rendered":"<p>(Dieser Event findet im Anschluss einer Einweisung statt, siehe Ausschreibung.)<\/p>\n<p>Zum Mitmachen braucht es weder eine SC &#8211; Mitgliedschaft noch einen Segelschein.<br \/>\nTreffpunkt: Um 17.30 Uhr beim Boot, Hafen Ouchy, Mole Nord, Platz 8<br \/>\nNach dem Einchecken und Ablegen gniessen wir segelnd das herrliche Revier des L\u00e9man und steuern zum \u00dcbernachten einen Hafen an. Je nach Wunsch und Meteo k\u00f6nnen wir aber auch in die Nacht hinein segeln. Nachtessen an Bord oder im Restaurant (nach vorg\u00e4ngiger Absprache mit der Crew). Am Sonntag setzen wir nach dem Fr\u00fchst\u00fcck an Bord die Segel und nehmen Kurs zur\u00fcck zum Hafen Ouchy, wo wir sp\u00e4testens um 10.30 Uhr klar Deck machen.<br \/>\n(Ich werde anschliessend mit einer neuen Crew eine Einweisung machen)<br \/>\nMitnehmen: Dem Wetter entsprechende Kleidung, Fixleintuch. Schlafsack,<br \/>\nBedingung: Der Event wird durchgef\u00fchrt, wenn sich mindestens zwei Personen anmelden und das Wetter gut ist (Absage 2 Tage vorher).<br \/>\nBezahlung mit TWINT m\u00f6glich.<br \/>\nF\u00fcr Fragen\/infos: Telefon 079 643 26 11 an J\u00fcrgen<\/p>\n<p>(Cet \u00e9v\u00e9nement a lieu \u00e0 la suite d&#039;une initiation, voir l&#039;annonce site SC).<\/p>\n<p>Il n&#039;est pas n\u00e9cessaire d&#039;\u00eatre membre du SC ou d&#039;avoir un brevet de voile pour participer.<br \/>\nRendez-vous : \u00e0 17h30 au bateau, port d&#039;Ouchy, m\u00f4le nord, place 8.<br \/>\nApr\u00e8s l&#039;accueil, nous naviguerons dans la magnifique r\u00e9gion du L\u00e9man et nous nous dirigerons vers un port pour passer la nuit. Selon les souhaits et la m\u00e9t\u00e9o, nous pouvons aussi naviguer la nuit. D\u00eener \u00e0 bord ou au restaurant (apr\u00e8s accord pr\u00e9alable avec l&#039;\u00e9quipage). Le dimanche, apr\u00e8s le petit-d\u00e9jeuner \u00e0 bord, nous mettons les voiles et mettons le cap sur le port d&#039;Ouchy, o\u00f9 nous arriverons au plus tard \u00e0 10h30.<br \/>\n(Je ferai ensuite une initiation avec un nouvel \u00e9quipage).<br \/>\nEmporter avec soi : V\u00eatements adapt\u00e9s \u00e0 la m\u00e9t\u00e9o, drap-housse. Sac de couchage,<br \/>\nCondition : L&#039;\u00e9v\u00e9nement aura lieu si au moins deux personnes s&#039;inscrivent et si la m\u00e9t\u00e9o est bonne (annulation 2 jours avant).<br \/>\nPaiement possible avec TWINT.<br \/>\nPour toute question\/infos : T\u00e9l\u00e9phone 079 643 26 11 \u00e0 J\u00fcrgen<\/p>\n","protected":false},"author":2755,"featured_media":0,"template":"","meta":{"_acf_changed":false,"publish_to_discourse":"","publish_post_category":"","wpdc_auto_publish_overridden":"","wpdc_topic_tags":"","wpdc_pin_topic":"","wpdc_pin_until":"","discourse_post_id":"","discourse_permalink":"","wpdc_publishing_response":"","wpdc_publishing_error":""},"product_brand":[],"product_cat":[15],"product_tag":[],"sailcom-capability":[],"sailcom-location":[340],"sailcom-event-type":[364],"sailcom-boat-type":[],"class_list":{"0":"post-47242","1":"product","2":"type-product","3":"status-publish","5":"product_cat-uncategorised","6":"sailcom-location-genfersee","7":"sailcom-event-type-sail-along","9":"first","10":"instock","11":"taxable","12":"shipping-taxable","13":"product-type-sc_event"},"acf":[],"_links":{"self":[{"href":"https:\/\/www.sailcom.ch\/fr\/wp-json\/wp\/v2\/product\/47242","targetHints":{"allow":["GET"]}}],"collection":[{"href":"https:\/\/www.sailcom.ch\/fr\/wp-json\/wp\/v2\/product"}],"about":[{"href":"https:\/\/www.sailcom.ch\/fr\/wp-json\/wp\/v2\/types\/product"}],"author":[{"embeddable":true,"href":"https:\/\/www.sailcom.ch\/fr\/wp-json\/wp\/v2\/users\/2755"}],"wp:attachment":[{"href":"https:\/\/www.sailcom.ch\/fr\/wp-json\/wp\/v2\/media?parent=47242"}],"wp:term":[{"taxonomy":"product_brand","embeddable":true,"href":"https:\/\/www.sailcom.ch\/fr\/wp-json\/wp\/v2\/product_brand?post=47242"},{"taxonomy":"product_cat","embeddable":true,"href":"https:\/\/www.sailcom.ch\/fr\/wp-json\/wp\/v2\/product_cat?post=47242"},{"taxonomy":"product_tag","embeddable":true,"href":"https:\/\/www.sailcom.ch\/fr\/wp-json\/wp\/v2\/product_tag?post=47242"},{"taxonomy":"sailcom-capability","embeddable":true,"href":"https:\/\/www.sailcom.ch\/fr\/wp-json\/wp\/v2\/sailcom-capability?post=47242"},{"taxonomy":"sailcom-location","embeddable":true,"href":"https:\/\/www.sailcom.ch\/fr\/wp-json\/wp\/v2\/sailcom-location?post=47242"},{"taxonomy":"sailcom-event-type","embeddable":true,"href":"https:\/\/www.sailcom.ch\/fr\/wp-json\/wp\/v2\/sailcom-event-type?post=47242"},{"taxonomy":"sailcom-boat-type","embeddable":true,"href":"https:\/\/www.sailcom.ch\/fr\/wp-json\/wp\/v2\/sailcom-boat-type?post=47242"}],"curies":[{"name":"wp","href":"https:\/\/api.w.org\/{rel}","templated":true}]}}