{"id":47202,"date":"2025-03-31T20:54:58","date_gmt":"2025-03-31T18:54:58","guid":{"rendered":"https:\/\/www.sailcom.ch\/product\/product\/"},"modified":"2025-03-31T20:56:21","modified_gmt":"2025-03-31T18:56:21","slug":"event_47202","status":"publish","type":"product","link":"https:\/\/www.sailcom.ch\/fr\/produit\/event_47202\/","title":{"rendered":"Skippertraining in der Ostsee vom 15.-22. Juni 2025"},"content":{"rendered":"","protected":false},"excerpt":{"rendered":"<p>Skipperkurs und Hafenman\u00f6ver-Training von G\u00f6teborg nach Aarhus (D\u00e4nemark)<\/p>\n<p>Vom Sonntag 15. bis 22. Juni 2025 findet ein Skipperkurs in der Ostsee statt, f\u00fcr den es noch freie Pl\u00e4tze f\u00fcr interessierte SailCom Mitglieder gibt. Dieser Kurs richtet sich an angehende Charterskipper:innen und interessierte Segler:innen, die ihre F\u00e4higkeiten auffrischen m\u00f6chten und wird von mitr\u00fcckenwind.ch durchgef\u00fchrt. <\/p>\n<p>Kursinhalte:<\/p>\n<p>Hafenman\u00f6ver: T\u00e4gliches Training f\u00fcr sicheres An- und Ablegen in verschiedenen Hafensituationen.\u200b<\/p>\n<p>Yachttechnik: Einf\u00fchrung in die technischen Systeme einer Hochseeyacht, einschlie\u00dflich Motor, Elektrik und Rigg.\u200b<\/p>\n<p>Crewf\u00fchrung: Strategien f\u00fcr effektive Kommunikation und Leitung einer Crew.\u200b<\/p>\n<p>T\u00f6rnplanung: Navigation und Routenplanung unter Ber\u00fccksichtigung von Wetterbedingungen und Sicherheitsaspekten.\u200b<\/p>\n<p>Yacht: Bavaraia 39 Cruiser<\/p>\n<p>Starthafen: G\u00f6teborg; Zielhafen: Aarhus<\/p>\n<p>Skipper: Mark Witschi (Skipper mitr\u00fcckenwind.ch und Sailteam.ch und SailCom Mitglied)\u200b<\/p>\n<p>Dieser Kurs erf\u00fcllt die Anforderungen gem\u00e4\u00df Artikel 10, Anhang 2 der Hochseeausweis-Verordnung und die Mitwirkung an der Schiffsf\u00fchrung kann im Leistungsnachweis von CCS\/SYA best\u00e4tigt werden.<\/p>\n<p>Wenn Du eine private Kabine f\u00fcr Dich allein m\u00f6chtest, reserviere einfach zwei Pl\u00e4tze.<\/p>\n<p>Mehr Infos erh\u00e4ltst Du gern unter 078 658 22 38 (Mark) oder am liebsten per Mail unter mark@mitrueckenwind.ch.<\/p>\n","protected":false},"author":2767,"featured_media":46054,"template":"","meta":{"_acf_changed":false,"publish_to_discourse":"","publish_post_category":"","wpdc_auto_publish_overridden":"","wpdc_topic_tags":"","wpdc_pin_topic":"","wpdc_pin_until":"","discourse_post_id":"","discourse_permalink":"","wpdc_publishing_response":"","wpdc_publishing_error":""},"product_brand":[],"product_cat":[15],"product_tag":[],"sailcom-capability":[],"sailcom-location":[532],"sailcom-event-type":[374],"sailcom-boat-type":[],"class_list":{"0":"post-47202","1":"product","2":"type-product","3":"status-publish","4":"has-post-thumbnail","6":"product_cat-uncategorised","7":"sailcom-location-sailcom-offshore","8":"sailcom-event-type-skippertraining","10":"first","11":"instock","12":"taxable","13":"shipping-taxable","14":"product-type-sc_event"},"acf":[],"_links":{"self":[{"href":"https:\/\/www.sailcom.ch\/fr\/wp-json\/wp\/v2\/product\/47202","targetHints":{"allow":["GET"]}}],"collection":[{"href":"https:\/\/www.sailcom.ch\/fr\/wp-json\/wp\/v2\/product"}],"about":[{"href":"https:\/\/www.sailcom.ch\/fr\/wp-json\/wp\/v2\/types\/product"}],"author":[{"embeddable":true,"href":"https:\/\/www.sailcom.ch\/fr\/wp-json\/wp\/v2\/users\/2767"}],"wp:featuredmedia":[{"embeddable":true,"href":"https:\/\/www.sailcom.ch\/fr\/wp-json\/wp\/v2\/media\/46054"}],"wp:attachment":[{"href":"https:\/\/www.sailcom.ch\/fr\/wp-json\/wp\/v2\/media?parent=47202"}],"wp:term":[{"taxonomy":"product_brand","embeddable":true,"href":"https:\/\/www.sailcom.ch\/fr\/wp-json\/wp\/v2\/product_brand?post=47202"},{"taxonomy":"product_cat","embeddable":true,"href":"https:\/\/www.sailcom.ch\/fr\/wp-json\/wp\/v2\/product_cat?post=47202"},{"taxonomy":"product_tag","embeddable":true,"href":"https:\/\/www.sailcom.ch\/fr\/wp-json\/wp\/v2\/product_tag?post=47202"},{"taxonomy":"sailcom-capability","embeddable":true,"href":"https:\/\/www.sailcom.ch\/fr\/wp-json\/wp\/v2\/sailcom-capability?post=47202"},{"taxonomy":"sailcom-location","embeddable":true,"href":"https:\/\/www.sailcom.ch\/fr\/wp-json\/wp\/v2\/sailcom-location?post=47202"},{"taxonomy":"sailcom-event-type","embeddable":true,"href":"https:\/\/www.sailcom.ch\/fr\/wp-json\/wp\/v2\/sailcom-event-type?post=47202"},{"taxonomy":"sailcom-boat-type","embeddable":true,"href":"https:\/\/www.sailcom.ch\/fr\/wp-json\/wp\/v2\/sailcom-boat-type?post=47202"}],"curies":[{"name":"wp","href":"https:\/\/api.w.org\/{rel}","templated":true}]}}