{"id":47112,"date":"2023-08-08T12:00:17","date_gmt":"2023-08-08T10:00:17","guid":{"rendered":"https:\/\/www.sailcom.ch\/product\/trimaran\/"},"modified":"2025-06-17T09:26:34","modified_gmt":"2025-06-17T07:26:34","slug":"trimaran","status":"publish","type":"product","link":"https:\/\/www.sailcom.ch\/fr\/produit\/trimaran\/","title":{"rendered":"Trimaran"},"content":{"rendered":"<p>Le Corsair Dash 750MkII Trimaran est une voilier \u00e0 trois coques compacte qui vous procure un grand plaisir de navigation tout en restant facile \u00e0 man\u0153uvrer.<br \/>\nCe navire convient aussi bien aux sorties de courte dur\u00e9e qu&#8217;aux excursions prolong\u00e9es avec nuit\u00e9es sur le lac de Neuch\u00e2tel.<\/p>\n<p>Le trimaran offre un espace g\u00e9n\u00e9reux et g\u00eete \u00e0 peine, m\u00eame au pr\u00e8s. Il constitue par cons\u00e9quent un bateau id\u00e9al pour les familles et les activit\u00e9s nautiques de loisir.<br \/>\nGr\u00e2ce \u00e0 sa quille r\u00e9tractable, il permet d&#8217;acc\u00e9der ais\u00e9ment aux bancs de sable peu profonds de la rive sud du lac de Neuch\u00e2tel.<\/p>\n<p><strong>Emplacement dans le port de la ville de Neuch\u00e2tel, Jeune-Rives, ponton A, place 68<br \/>\n<\/strong><strong>Le code d&#8217;acc\u00e8s au ponton se trouve dans le manuel et la liste de contr\u00f4le<\/strong><\/p>\n<p><a href=\"https:\/\/www.sailcom.ch\/wp-content\/uploads\/2024\/04\/Handbuch_Trimaran_DE.pdf\" target=\"_blank\" rel=\"noopener\">Manuel du trimaran<\/a><\/p>\n<p><a href=\"https:\/\/www.sailcom.ch\/wp-content\/uploads\/2024\/04\/Checkliste_Trimaran_DE-1.pdf\" target=\"_blank\" rel=\"noopener\">Liste de contr\u00f4le<\/a><\/p>\n<p><a href=\"\/wp-content\/uploads\/2023\/07\/Sailing_Manual_for_All_Corsair_Models_Including_Corsair_F_24_F_28_F_31.pdf\" target=\"_blank\" rel=\"noopener\">Manuel g\u00e9n\u00e9ral Corsaire <\/a><\/p>\n<p>&nbsp;<\/p>","protected":false},"excerpt":{"rendered":"<p>Le Corsair Dash 750MkII Trimaran est une voilier \u00e0 trois coques compacte qui vous procure un grand plaisir de navigation tout en restant facile \u00e0 man\u0153uvrer. Ce navire convient aussi bien aux sorties de courte dur\u00e9e qu&#8217;aux excursions prolong\u00e9es avec nuit\u00e9es sur le lac de Neuch\u00e2tel. Le trimaran offre un espace g\u00e9n\u00e9reux et g\u00eete \u00e0 [&hellip;]<\/p>\n","protected":false},"author":2,"featured_media":53525,"template":"","meta":{"_acf_changed":false,"publish_to_discourse":"","publish_post_category":"","wpdc_auto_publish_overridden":"","wpdc_topic_tags":"","wpdc_pin_topic":"","wpdc_pin_until":"","discourse_post_id":"","discourse_permalink":"","wpdc_publishing_response":"","wpdc_publishing_error":""},"product_brand":[],"product_cat":[594],"product_tag":[],"sailcom-capability":[],"sailcom-location":[344],"sailcom-event-type":[],"sailcom-boat-type":[370],"class_list":{"0":"post-47112","1":"product","2":"type-product","3":"status-publish","4":"has-post-thumbnail","6":"product_cat-special-fr","7":"sailcom-location-neuenburgersee","8":"sailcom-boat-type-special","10":"first","11":"instock","12":"taxable","13":"shipping-taxable","14":"product-type-redq_rental"},"acf":[],"_links":{"self":[{"href":"https:\/\/www.sailcom.ch\/fr\/wp-json\/wp\/v2\/product\/47112","targetHints":{"allow":["GET"]}}],"collection":[{"href":"https:\/\/www.sailcom.ch\/fr\/wp-json\/wp\/v2\/product"}],"about":[{"href":"https:\/\/www.sailcom.ch\/fr\/wp-json\/wp\/v2\/types\/product"}],"author":[{"embeddable":true,"href":"https:\/\/www.sailcom.ch\/fr\/wp-json\/wp\/v2\/users\/2"}],"wp:featuredmedia":[{"embeddable":true,"href":"https:\/\/www.sailcom.ch\/fr\/wp-json\/wp\/v2\/media\/53525"}],"wp:attachment":[{"href":"https:\/\/www.sailcom.ch\/fr\/wp-json\/wp\/v2\/media?parent=47112"}],"wp:term":[{"taxonomy":"product_brand","embeddable":true,"href":"https:\/\/www.sailcom.ch\/fr\/wp-json\/wp\/v2\/product_brand?post=47112"},{"taxonomy":"product_cat","embeddable":true,"href":"https:\/\/www.sailcom.ch\/fr\/wp-json\/wp\/v2\/product_cat?post=47112"},{"taxonomy":"product_tag","embeddable":true,"href":"https:\/\/www.sailcom.ch\/fr\/wp-json\/wp\/v2\/product_tag?post=47112"},{"taxonomy":"sailcom-capability","embeddable":true,"href":"https:\/\/www.sailcom.ch\/fr\/wp-json\/wp\/v2\/sailcom-capability?post=47112"},{"taxonomy":"sailcom-location","embeddable":true,"href":"https:\/\/www.sailcom.ch\/fr\/wp-json\/wp\/v2\/sailcom-location?post=47112"},{"taxonomy":"sailcom-event-type","embeddable":true,"href":"https:\/\/www.sailcom.ch\/fr\/wp-json\/wp\/v2\/sailcom-event-type?post=47112"},{"taxonomy":"sailcom-boat-type","embeddable":true,"href":"https:\/\/www.sailcom.ch\/fr\/wp-json\/wp\/v2\/sailcom-boat-type?post=47112"}],"curies":[{"name":"wp","href":"https:\/\/api.w.org\/{rel}","templated":true}]}}