{"id":47110,"date":"2023-09-12T12:00:17","date_gmt":"2023-09-12T10:00:17","guid":{"rendered":"https:\/\/www.sailcom.ch\/product\/storm-22-rani\/"},"modified":"2025-11-11T10:56:17","modified_gmt":"2025-11-11T09:56:17","slug":"storm-22-rani","status":"publish","type":"product","link":"https:\/\/www.sailcom.ch\/fr\/produit\/storm-22-rani\/","title":{"rendered":"Storm 22 (Rani)"},"content":{"rendered":"<p><span id=\"mp_spacer1\" class=\"mp_spacer\"><strong>Le STORM 22 \u00ab Rani \u00bb offre un grand confort, un plaisir de navigation et est parfaitement adapt\u00e9 pour explorer le lac de Neuch\u00e2tel sur plusieurs jours.<\/strong><\/span><\/p>\n<p><span id=\"mp_spacer1\" class=\"mp_spacer\"><img fetchpriority=\"high\" decoding=\"async\" class=\"alignright wp-image-55670\" src=\"https:\/\/www.sailcom.ch\/wp-content\/uploads\/2023\/09\/shared_qr_code.jpeg\" alt=\"\" width=\"360\" height=\"392\" srcset=\"https:\/\/www.sailcom.ch\/wp-content\/uploads\/2023\/09\/shared_qr_code.jpeg 742w, https:\/\/www.sailcom.ch\/wp-content\/uploads\/2023\/09\/shared_qr_code-275x300.jpeg 275w, https:\/\/www.sailcom.ch\/wp-content\/uploads\/2023\/09\/shared_qr_code-600x653.jpeg 600w\" sizes=\"(max-width: 360px) 100vw, 360px\" \/>Le tirant d&#8217;eau variable avec la quille relevable permet d&#8217;acc\u00e9der sans difficult\u00e9 aux nombreuses zones de baignade sur la rive sud du lac.<br \/>\nIl est possible d&#8217;y passer quelques heures agr\u00e9ables \u00e0 l&#8217;ancre avant de se diriger vers les ports bien \u00e9quip\u00e9s et toujours proches du lac de Neuch\u00e2tel.<\/span><\/p>\n<p>Lors du d\u00e9veloppement de ce yacht, une attention particuli\u00e8re a \u00e9t\u00e9 accord\u00e9e \u00e0 <strong>la s\u00e9curit\u00e9 et \u00e0 la facilit\u00e9 d&#8217;utilisation<\/strong>.<br \/>\nUn cockpit dispos\u00e9 de mani\u00e8re intuitive et une cabine spacieuse de haute qualit\u00e9 assurent le confort m\u00eame lors de croisi\u00e8res prolong\u00e9es.<\/p>\n<p>Le Rani est \u00e9quip\u00e9 d&#8217;un moteur \u00e9lectrique pod de 3 kW.<br \/>\nCela signifie pour vous une manipulation extr\u00eamement simple du moteur, une autonomie certainement suffisante et, en cas de besoin, assez de puissance pour man\u0153uvrer en toute s\u00e9curit\u00e9 m\u00eame par vent fort.<\/p>\n<p>Veuillez contacter directement l&#8217;\u00e9quipe du bateau (sous Contacts) pour convenir d&#8217;un rendez-vous d&#8217;initiation si aucune date appropri\u00e9e n&#8217;est propos\u00e9e.<\/p>\n<p><span id=\"mp_spacer1\" class=\"mp_spacer\">Bien qu&#8217;il y ait beaucoup d&#8217;espace disponible, le STORM 22 est homologu\u00e9 pour <strong>un maximum de 5 personnes<\/strong> &#8211; Veuillez en tenir compte lors de la planification de votre croisi\u00e8re !<\/span><\/p>\n<p><strong>Emplacement :<\/strong> Neuch\u00e2tel, Nid-du-Cr\u00f4, Ponton 5\/Steg 5, Place. 558<\/p>\n<p><a href=\"\/wp-content\/uploads\/2023\/07\/Rani_Manual_DE_Ver_20230616_ube.pdf\" target=\"_blank\" rel=\"noopener\">Manuel Rani Allemand<\/a><\/p>\n<p><a href=\"\/wp-content\/uploads\/2023\/07\/Rani_Manual_FR_DEEPL_Ver_20230616_ube.pdf\" target=\"_blank\" rel=\"noopener\">Manuel Rani Fran\u00e7ais<\/a><\/p>\n<p><strong>Participer \u00e0 une navigation sur le Rani :<\/p>\n<p><\/strong>Scannez simplement le code QR ci-contre et rejoignez le groupe Whatsapp du Rani.<br \/>\nVous resterez ainsi toujours inform\u00e9 des possibilit\u00e9s de participer \u00e0 une navigation, \u00e0 un entra\u00eenement ou \u00e0 une aide.<br \/>\nM\u00eame si vous n&#8217;\u00eates pas (encore) membre de SailCom, vous pouvez rejoindre le groupe &#8211; c&#8217;est gratuit&nbsp;!<\/p>","protected":false},"excerpt":{"rendered":"<p>Le STORM 22 \u00ab Rani \u00bb offre un grand confort, un plaisir de navigation et est parfaitement adapt\u00e9 pour explorer le lac de Neuch\u00e2tel sur plusieurs jours. Le tirant d&#8217;eau variable avec la quille relevable permet d&#8217;acc\u00e9der sans difficult\u00e9 aux nombreuses zones de baignade sur la rive sud du lac. Il est possible d&#8217;y passer [&hellip;]<\/p>\n","protected":false},"author":5,"featured_media":32475,"template":"","meta":{"_acf_changed":false,"publish_to_discourse":"","publish_post_category":"","wpdc_auto_publish_overridden":"","wpdc_topic_tags":"","wpdc_pin_topic":"","wpdc_pin_until":"","discourse_post_id":"","discourse_permalink":"","wpdc_publishing_response":"","wpdc_publishing_error":""},"product_brand":[],"product_cat":[432],"product_tag":[],"sailcom-capability":[],"sailcom-location":[344],"sailcom-event-type":[],"sailcom-boat-type":[366],"class_list":{"0":"post-47110","1":"product","2":"type-product","3":"status-publish","4":"has-post-thumbnail","6":"product_cat-day-easy-fr","7":"sailcom-location-neuenburgersee","8":"sailcom-boat-type-day-easy","10":"first","11":"instock","12":"taxable","13":"shipping-taxable","14":"product-type-redq_rental"},"acf":[],"_links":{"self":[{"href":"https:\/\/www.sailcom.ch\/fr\/wp-json\/wp\/v2\/product\/47110","targetHints":{"allow":["GET"]}}],"collection":[{"href":"https:\/\/www.sailcom.ch\/fr\/wp-json\/wp\/v2\/product"}],"about":[{"href":"https:\/\/www.sailcom.ch\/fr\/wp-json\/wp\/v2\/types\/product"}],"author":[{"embeddable":true,"href":"https:\/\/www.sailcom.ch\/fr\/wp-json\/wp\/v2\/users\/5"}],"wp:featuredmedia":[{"embeddable":true,"href":"https:\/\/www.sailcom.ch\/fr\/wp-json\/wp\/v2\/media\/32475"}],"wp:attachment":[{"href":"https:\/\/www.sailcom.ch\/fr\/wp-json\/wp\/v2\/media?parent=47110"}],"wp:term":[{"taxonomy":"product_brand","embeddable":true,"href":"https:\/\/www.sailcom.ch\/fr\/wp-json\/wp\/v2\/product_brand?post=47110"},{"taxonomy":"product_cat","embeddable":true,"href":"https:\/\/www.sailcom.ch\/fr\/wp-json\/wp\/v2\/product_cat?post=47110"},{"taxonomy":"product_tag","embeddable":true,"href":"https:\/\/www.sailcom.ch\/fr\/wp-json\/wp\/v2\/product_tag?post=47110"},{"taxonomy":"sailcom-capability","embeddable":true,"href":"https:\/\/www.sailcom.ch\/fr\/wp-json\/wp\/v2\/sailcom-capability?post=47110"},{"taxonomy":"sailcom-location","embeddable":true,"href":"https:\/\/www.sailcom.ch\/fr\/wp-json\/wp\/v2\/sailcom-location?post=47110"},{"taxonomy":"sailcom-event-type","embeddable":true,"href":"https:\/\/www.sailcom.ch\/fr\/wp-json\/wp\/v2\/sailcom-event-type?post=47110"},{"taxonomy":"sailcom-boat-type","embeddable":true,"href":"https:\/\/www.sailcom.ch\/fr\/wp-json\/wp\/v2\/sailcom-boat-type?post=47110"}],"curies":[{"name":"wp","href":"https:\/\/api.w.org\/{rel}","templated":true}]}}