{"id":47107,"date":"2023-09-12T12:00:17","date_gmt":"2023-09-12T10:00:17","guid":{"rendered":"https:\/\/www.sailcom.ch\/product\/surprise-topas\/"},"modified":"2025-03-28T15:36:38","modified_gmt":"2025-03-28T14:36:38","slug":"surprise-topas","status":"publish","type":"product","link":"https:\/\/www.sailcom.ch\/fr\/produit\/surprise-topas\/","title":{"rendered":"Surprise (Topas)"},"content":{"rendered":"<p><strong>La \u00ab Topas \u00bb, restaur\u00e9e avec soin, est un yacht \u00e0 voile rapide, agile et s\u00fbr de type Archambault \u00ab Surprise \u00bb.<\/strong><br \/>\nIl s&#8217;agit du voilier id\u00e9al sur le lac L\u00e9man, m\u00eame par vent l\u00e9ger.<br \/>\nIl est tr\u00e8s maniable et facile \u00e0 man\u0153uvrer. Il offre le confort d&#8217;un yacht simple mais fonctionnel.<\/p>\n<p>Donc, pour citer l&#8217;\u00e9quipe du bateau : \u00ab Le meilleur bateau pour le meilleur lac \ud83d\ude09 \u00bb<\/p>\n<p>Un magnifique bateau, fort pratique pour passer d&#8217;agr\u00e9ables moments en compagnie d&#8217;amis ou en famille.<\/p>\n<p><strong>Place d&#8217;amarrage :<\/strong> \u00c0 partir de 2025, nouvellement \u00e0 Versoix sur l&#8217;emplacement 460&#8217;067<\/p>\n<p>\u00c9quip\u00e9 d&#8217;une quille r\u00e9tractable, le Topas est id\u00e9al pour les excursions en famille ou entre amis !<\/p>\n<p><a href=\"\/wp-content\/uploads\/2023\/07\/Surprise_Topas_VSX.pdf\" target=\"_blank\" rel=\"noopener\">Manuel Surprise Topas<\/a><\/p>\n<hr \/>\n<p>Vous trouverez \u00e9galement \u00e0 bord les documents imprim\u00e9s \u00e0 emporter pour une navigation c\u00f4t\u00e9 fran\u00e7ais.<br \/>\nEn cas de contr\u00f4le de la police maritime fran\u00e7aise, vous devez \u00eatre en mesure de p<strong>r\u00e9senter les documents suivants en plus des papiers du bateau et de votre permis de conduire :<\/strong><\/p>\n<ul>\n<li>Une version \u00e0 jour du r\u00e8glement g\u00e9n\u00e9ral de police pour toutes les eaux int\u00e9rieures de France (RGP) <a href=\"https:\/\/www.haute-savoie.gouv.fr\/contenu\/telechargement\/28037\/168112\/file\/RPPconsolide%20VOK-2019-06-17-bd.pdf\" target=\"_blank\" rel=\"noopener\">[version en ligne]<\/a>.<\/li>\n<li>Une version \u00e0 jour du R\u00e8glement Particulier de Police du Lac L\u00e9man (RPP) <a href=\"https:\/\/www.haute-savoie.gouv.fr\/contenu\/telechargement\/23843\/145334\" target=\"_blank\" rel=\"noopener\">[version en ligne].<\/a><\/li>\n<li>Une version actualis\u00e9e de l&#8217;accord franco-suisse du 7 d\u00e9cembre 1976 [<a href=\"https:\/\/www.haute-savoie.gouv.fr\/contenu\/telechargement\/31420\/186874\/file\/O0-RNL-2019-compile-et-accord\" target=\"_blank\" rel=\"noopener\">Version en ligne<\/a>]<\/li>\n<\/ul>\n<p>&nbsp;<\/p>","protected":false},"excerpt":{"rendered":"<p>La \u00ab Topas \u00bb, restaur\u00e9e avec soin, est un yacht \u00e0 voile rapide, agile et s\u00fbr de type Archambault \u00ab Surprise \u00bb. Il s&#8217;agit du voilier id\u00e9al sur le lac L\u00e9man, m\u00eame par vent l\u00e9ger. Il est tr\u00e8s maniable et facile \u00e0 man\u0153uvrer. Il offre le confort d&#8217;un yacht simple mais fonctionnel. Donc, pour citer [&hellip;]<\/p>\n","protected":false},"author":2,"featured_media":32109,"template":"","meta":{"_acf_changed":false,"publish_to_discourse":"","publish_post_category":"","wpdc_auto_publish_overridden":"","wpdc_topic_tags":"","wpdc_pin_topic":"","wpdc_pin_until":"","discourse_post_id":"","discourse_permalink":"","wpdc_publishing_response":"","wpdc_publishing_error":""},"product_brand":[],"product_cat":[432],"product_tag":[],"sailcom-capability":[],"sailcom-location":[340],"sailcom-event-type":[],"sailcom-boat-type":[366],"class_list":{"0":"post-47107","1":"product","2":"type-product","3":"status-publish","4":"has-post-thumbnail","6":"product_cat-day-easy-fr","7":"sailcom-location-genfersee","8":"sailcom-boat-type-day-easy","10":"first","11":"instock","12":"taxable","13":"shipping-taxable","14":"product-type-redq_rental"},"acf":[],"_links":{"self":[{"href":"https:\/\/www.sailcom.ch\/fr\/wp-json\/wp\/v2\/product\/47107","targetHints":{"allow":["GET"]}}],"collection":[{"href":"https:\/\/www.sailcom.ch\/fr\/wp-json\/wp\/v2\/product"}],"about":[{"href":"https:\/\/www.sailcom.ch\/fr\/wp-json\/wp\/v2\/types\/product"}],"author":[{"embeddable":true,"href":"https:\/\/www.sailcom.ch\/fr\/wp-json\/wp\/v2\/users\/2"}],"wp:featuredmedia":[{"embeddable":true,"href":"https:\/\/www.sailcom.ch\/fr\/wp-json\/wp\/v2\/media\/32109"}],"wp:attachment":[{"href":"https:\/\/www.sailcom.ch\/fr\/wp-json\/wp\/v2\/media?parent=47107"}],"wp:term":[{"taxonomy":"product_brand","embeddable":true,"href":"https:\/\/www.sailcom.ch\/fr\/wp-json\/wp\/v2\/product_brand?post=47107"},{"taxonomy":"product_cat","embeddable":true,"href":"https:\/\/www.sailcom.ch\/fr\/wp-json\/wp\/v2\/product_cat?post=47107"},{"taxonomy":"product_tag","embeddable":true,"href":"https:\/\/www.sailcom.ch\/fr\/wp-json\/wp\/v2\/product_tag?post=47107"},{"taxonomy":"sailcom-capability","embeddable":true,"href":"https:\/\/www.sailcom.ch\/fr\/wp-json\/wp\/v2\/sailcom-capability?post=47107"},{"taxonomy":"sailcom-location","embeddable":true,"href":"https:\/\/www.sailcom.ch\/fr\/wp-json\/wp\/v2\/sailcom-location?post=47107"},{"taxonomy":"sailcom-event-type","embeddable":true,"href":"https:\/\/www.sailcom.ch\/fr\/wp-json\/wp\/v2\/sailcom-event-type?post=47107"},{"taxonomy":"sailcom-boat-type","embeddable":true,"href":"https:\/\/www.sailcom.ch\/fr\/wp-json\/wp\/v2\/sailcom-boat-type?post=47107"}],"curies":[{"name":"wp","href":"https:\/\/api.w.org\/{rel}","templated":true}]}}