{"id":47105,"date":"2023-09-12T12:00:56","date_gmt":"2023-09-12T10:00:56","guid":{"rendered":"https:\/\/www.sailcom.ch\/product\/first-211-csacsi\/"},"modified":"2025-08-05T15:13:37","modified_gmt":"2025-08-05T13:13:37","slug":"first-211-csacsi","status":"publish","type":"product","link":"https:\/\/www.sailcom.ch\/fr\/produit\/first-211-csacsi\/","title":{"rendered":"First 211 (Csacsi)"},"content":{"rendered":"<p><strong>Le B\u00e9n\u00e9teau First 211 &#8220;CsaCsi&#8221; est un petit yacht \u00e0 voile rapide, s\u00fbr et populaire !<\/strong><\/p>\n<div class=\"column col-xs-12 col-md-6\">\n<div class=\"detailDescription\">\n<div class=\"prpertieValue\">\n<p>Il est le r\u00e9sultat de la longue exp\u00e9rience de B\u00e9n\u00e9teau : la coque et la structure du pont sont tr\u00e8s rigides, des flotteurs soigneusement positionn\u00e9s rendent le First 211 insubmersible. Mais surtout, une quille relevable profil\u00e9e en fer (350 kg) assure d&#8217;excellentes caract\u00e9ristiques de navigation et une stabilit\u00e9 remarquable. Deux safrans amovibles permettent de ma\u00eetriser le bateau par tous les vents.<\/p>\n<p><span id=\"mp_spacer1\" class=\"mp_spacer\">Le CsaCsi est parfaitement adapt\u00e9 pour d\u00e9couvrir la rive sud du lac de Neuch\u00e2tel, la place d&#8217;amarrage \u00e0 Gletterens \u00e9tant situ\u00e9e au c\u0153ur de la r\u00e9serve naturelle de la Grande Caricaie &#8211; Un lieu v\u00e9ritablement attrayant pour d\u00e9couvrir la magie du lac de Neuch\u00e2tel !<\/span><\/p>\n<\/div>\n<\/div>\n<p><a href=\"https:\/\/www.sailcom.ch\/wp-content\/uploads\/2023\/09\/Manuel-First-Francais-2024.pdf\">Manuel First CsaCsi Fran\u00e7ais 2024<\/a><\/p>\n<p><a href=\"https:\/\/www.sailcom.ch\/wp-content\/uploads\/2023\/09\/HandbuchFirst-2024-.pdf\">Manuel First CsaCsi 2024<\/a><\/p>\n<\/div>","protected":false},"excerpt":{"rendered":"<p>Le B\u00e9n\u00e9teau First 211 &#8220;CsaCsi&#8221; est un petit yacht \u00e0 voile rapide, s\u00fbr et populaire ! Il est le r\u00e9sultat de la longue exp\u00e9rience de B\u00e9n\u00e9teau : la coque et la structure du pont sont tr\u00e8s rigides, des flotteurs soigneusement positionn\u00e9s rendent le First 211 insubmersible. Mais surtout, une quille relevable profil\u00e9e en fer (350 [&hellip;]<\/p>\n","protected":false},"author":2,"featured_media":32047,"template":"","meta":{"_acf_changed":false,"publish_to_discourse":"","publish_post_category":"","wpdc_auto_publish_overridden":"","wpdc_topic_tags":"","wpdc_pin_topic":"","wpdc_pin_until":"","discourse_post_id":"","discourse_permalink":"","wpdc_publishing_response":"","wpdc_publishing_error":""},"product_brand":[],"product_cat":[432],"product_tag":[],"sailcom-capability":[],"sailcom-location":[344],"sailcom-event-type":[],"sailcom-boat-type":[366],"class_list":{"0":"post-47105","1":"product","2":"type-product","3":"status-publish","4":"has-post-thumbnail","6":"product_cat-day-easy-fr","7":"sailcom-location-neuenburgersee","8":"sailcom-boat-type-day-easy","10":"first","11":"instock","12":"taxable","13":"shipping-taxable","14":"product-type-redq_rental"},"acf":[],"_links":{"self":[{"href":"https:\/\/www.sailcom.ch\/fr\/wp-json\/wp\/v2\/product\/47105","targetHints":{"allow":["GET"]}}],"collection":[{"href":"https:\/\/www.sailcom.ch\/fr\/wp-json\/wp\/v2\/product"}],"about":[{"href":"https:\/\/www.sailcom.ch\/fr\/wp-json\/wp\/v2\/types\/product"}],"author":[{"embeddable":true,"href":"https:\/\/www.sailcom.ch\/fr\/wp-json\/wp\/v2\/users\/2"}],"wp:featuredmedia":[{"embeddable":true,"href":"https:\/\/www.sailcom.ch\/fr\/wp-json\/wp\/v2\/media\/32047"}],"wp:attachment":[{"href":"https:\/\/www.sailcom.ch\/fr\/wp-json\/wp\/v2\/media?parent=47105"}],"wp:term":[{"taxonomy":"product_brand","embeddable":true,"href":"https:\/\/www.sailcom.ch\/fr\/wp-json\/wp\/v2\/product_brand?post=47105"},{"taxonomy":"product_cat","embeddable":true,"href":"https:\/\/www.sailcom.ch\/fr\/wp-json\/wp\/v2\/product_cat?post=47105"},{"taxonomy":"product_tag","embeddable":true,"href":"https:\/\/www.sailcom.ch\/fr\/wp-json\/wp\/v2\/product_tag?post=47105"},{"taxonomy":"sailcom-capability","embeddable":true,"href":"https:\/\/www.sailcom.ch\/fr\/wp-json\/wp\/v2\/sailcom-capability?post=47105"},{"taxonomy":"sailcom-location","embeddable":true,"href":"https:\/\/www.sailcom.ch\/fr\/wp-json\/wp\/v2\/sailcom-location?post=47105"},{"taxonomy":"sailcom-event-type","embeddable":true,"href":"https:\/\/www.sailcom.ch\/fr\/wp-json\/wp\/v2\/sailcom-event-type?post=47105"},{"taxonomy":"sailcom-boat-type","embeddable":true,"href":"https:\/\/www.sailcom.ch\/fr\/wp-json\/wp\/v2\/sailcom-boat-type?post=47105"}],"curies":[{"name":"wp","href":"https:\/\/api.w.org\/{rel}","templated":true}]}}