{"id":47104,"date":"2023-09-15T10:00:56","date_gmt":"2023-09-15T08:00:56","guid":{"rendered":"https:\/\/www.sailcom.ch\/product\/j-70-sui-1540\/"},"modified":"2025-03-28T15:06:59","modified_gmt":"2025-03-28T14:06:59","slug":"j-70-sui-1540","status":"publish","type":"product","link":"https:\/\/www.sailcom.ch\/fr\/produit\/j-70-sui-1540\/","title":{"rendered":"J 70 &#8211; SUI 1540"},"content":{"rendered":"<p><strong>Notre bateau standard actuel de la classe Open.<br \/>\n<\/strong><br \/>\nDocile et facile \u00e0 man\u0153uvrer pour les plaisanciers occasionnels, il se transforme en v\u00e9ritable voilier de comp\u00e9tition entre les mains de navigateurs exp\u00e9riment\u00e9s.<br \/>\nLe bateau de pr\u00e9dilection de la Sailing League et de la Bundesliga de voile : \u00e9l\u00e9gant, rapide, tout en restant maniable et facile \u00e0 prendre en main.<\/p>\n<p>Le moteur \u00e9lectrique assure une propulsion simple et s\u00fbre avant et dans le port.<br \/>\nLe bateau id\u00e9al pour le plaisir, la d\u00e9tente, les ap\u00e9ritifs au coucher du soleil ou simplement pour une ou deux heures de navigation agr\u00e9able apr\u00e8s le travail.<\/p>\n<p><strong>Nouvelle localisation<\/strong> : Port Beau-Rivage &#8211; Ponton 1, Emplacement n\u00b0 9<\/p>\n<p><a href=\"https:\/\/www.sailcom.ch\/wp-content\/uploads\/2023\/09\/Bootshandbuch-J70-V6.0-15.01.2024.pdf\" target=\"_blank\" rel=\"noopener\">Manuel J\/70<\/a><\/p>\n<p><a href=\"https:\/\/www.sailcom.ch\/wp-content\/uploads\/2024\/06\/20240611_Standortinfo-J-70-SUI-1540-Biel-Bienne-DE-1.pdf\" target=\"_blank\" rel=\"noopener\">Informations sur l&#8217;emplacement et l&#8217;acc\u00e8s (Nouveau \u00e0 partir du 11.06.2024)<\/a><\/p>\n<p>&nbsp;<\/p>","protected":false},"excerpt":{"rendered":"<p>Notre bateau standard actuel de la classe Open. Docile et facile \u00e0 man\u0153uvrer pour les plaisanciers occasionnels, il se transforme en v\u00e9ritable voilier de comp\u00e9tition entre les mains de navigateurs exp\u00e9riment\u00e9s. Le bateau de pr\u00e9dilection de la Sailing League et de la Bundesliga de voile : \u00e9l\u00e9gant, rapide, tout en restant maniable et facile \u00e0 [&hellip;]<\/p>\n","protected":false},"author":2,"featured_media":32603,"template":"","meta":{"_acf_changed":false,"publish_to_discourse":"","publish_post_category":"","wpdc_auto_publish_overridden":"","wpdc_topic_tags":"","wpdc_pin_topic":"","wpdc_pin_until":"","discourse_post_id":"","discourse_permalink":"","wpdc_publishing_response":"","wpdc_publishing_error":""},"product_brand":[],"product_cat":[572],"product_tag":[],"sailcom-capability":[],"sailcom-location":[338],"sailcom-event-type":[],"sailcom-boat-type":[365],"class_list":{"0":"post-47104","1":"product","2":"type-product","3":"status-publish","4":"has-post-thumbnail","6":"product_cat-open-fr","7":"sailcom-location-bielersee","8":"sailcom-boat-type-open","10":"first","11":"instock","12":"taxable","13":"shipping-taxable","14":"product-type-redq_rental"},"acf":[],"_links":{"self":[{"href":"https:\/\/www.sailcom.ch\/fr\/wp-json\/wp\/v2\/product\/47104","targetHints":{"allow":["GET"]}}],"collection":[{"href":"https:\/\/www.sailcom.ch\/fr\/wp-json\/wp\/v2\/product"}],"about":[{"href":"https:\/\/www.sailcom.ch\/fr\/wp-json\/wp\/v2\/types\/product"}],"author":[{"embeddable":true,"href":"https:\/\/www.sailcom.ch\/fr\/wp-json\/wp\/v2\/users\/2"}],"wp:featuredmedia":[{"embeddable":true,"href":"https:\/\/www.sailcom.ch\/fr\/wp-json\/wp\/v2\/media\/32603"}],"wp:attachment":[{"href":"https:\/\/www.sailcom.ch\/fr\/wp-json\/wp\/v2\/media?parent=47104"}],"wp:term":[{"taxonomy":"product_brand","embeddable":true,"href":"https:\/\/www.sailcom.ch\/fr\/wp-json\/wp\/v2\/product_brand?post=47104"},{"taxonomy":"product_cat","embeddable":true,"href":"https:\/\/www.sailcom.ch\/fr\/wp-json\/wp\/v2\/product_cat?post=47104"},{"taxonomy":"product_tag","embeddable":true,"href":"https:\/\/www.sailcom.ch\/fr\/wp-json\/wp\/v2\/product_tag?post=47104"},{"taxonomy":"sailcom-capability","embeddable":true,"href":"https:\/\/www.sailcom.ch\/fr\/wp-json\/wp\/v2\/sailcom-capability?post=47104"},{"taxonomy":"sailcom-location","embeddable":true,"href":"https:\/\/www.sailcom.ch\/fr\/wp-json\/wp\/v2\/sailcom-location?post=47104"},{"taxonomy":"sailcom-event-type","embeddable":true,"href":"https:\/\/www.sailcom.ch\/fr\/wp-json\/wp\/v2\/sailcom-event-type?post=47104"},{"taxonomy":"sailcom-boat-type","embeddable":true,"href":"https:\/\/www.sailcom.ch\/fr\/wp-json\/wp\/v2\/sailcom-boat-type?post=47104"}],"curies":[{"name":"wp","href":"https:\/\/api.w.org\/{rel}","templated":true}]}}