{"id":47096,"date":"2023-09-14T11:00:56","date_gmt":"2023-09-14T09:00:56","guid":{"rendered":"https:\/\/www.sailcom.ch\/product\/j-70-sui-1535\/"},"modified":"2025-08-06T09:07:40","modified_gmt":"2025-08-06T07:07:40","slug":"j-70-sui-1535","status":"publish","type":"product","link":"https:\/\/www.sailcom.ch\/fr\/produit\/j-70-sui-1535\/","title":{"rendered":"J 70 &#8211; SUI 1535"},"content":{"rendered":"<p><strong>Le bateau standard actuel de la classe Open chez Sailcom.<\/strong><br \/>\nIndulgent et facile \u00e0 naviguer pour les plaisanciers occasionnels, et un v\u00e9ritable voilier de course pour les marins exp\u00e9riment\u00e9s.<\/p>\n<p>Le bateau de la Sailing League et de la Bundesliga de voile : \u00e9l\u00e9gant, rapide, tout en restant docile et facile \u00e0 man\u0153uvrer.<\/p>\n<p>Le moteur \u00e9lectrique assure une propulsion simple et s\u00fbre avant et dans le port.<br \/>\nLe bateau id\u00e9al pour le plaisir, la d\u00e9tente, les ap\u00e9ritifs au coucher du soleil ou simplement pour une ou deux heures de navigation agr\u00e9able apr\u00e8s le travail.<\/p>\n<p>R\u00e9servez une initiation directement dans la section \u00c9v\u00e9nements ou sur demande.<\/p>\n<p>Informations sur les \u00e9v\u00e9nements, photos et communaut\u00e9 &#8211; SailCom Suisse Romande :<\/p>\n<p><a href=\"https:\/\/www.facebook.com\/SailComRomandie\/\" target=\"_blank\" rel=\"noopener\">https:\/\/www.facebook.com\/SailComRomandie\/<\/a><\/p>\n<div><\/div>\n<div class=\"bootSubtitle\"><strong>Emplacement<\/strong><\/div>\n<p>Lausanne Ouchy, amarrage pour J-70, ponton K, place 99 dans le port de Lausanne Ouchy.<br \/>\nAcc\u00e8s au ponton avec badge, selon les informations sur l&#8217;emplacement.<\/p>\n<p><a href=\"\/wp-content\/uploads\/2023\/07\/Standortinfo_Lausanne_DE.pdf\" target=\"_blank\" rel=\"noopener\">Informations sur l&#8217;emplacement F<\/a><\/p>\n<p><a href=\"https:\/\/www.sailcom.ch\/wp-content\/uploads\/2023\/09\/Bootshandbuch-J70-V6.0-15.01.2024.pdf\" target=\"_blank\" rel=\"noopener\">Manuel F<\/a><\/p>\n<hr \/>\n<p>Vous trouverez \u00e9galement \u00e0 bord les documents imprim\u00e9s \u00e0 emporter pour une navigation c\u00f4t\u00e9 fran\u00e7ais.<br \/>\nEn cas de contr\u00f4le de la police maritime fran\u00e7aise, vous devez \u00eatre en mesure de p<strong>r\u00e9senter les documents suivants en plus des papiers du bateau et de votre permis de conduire :<\/strong><\/p>\n<ul>\n<li>Une version \u00e0 jour du r\u00e8glement g\u00e9n\u00e9ral de police pour toutes les eaux int\u00e9rieures de France (RGP) <a href=\"https:\/\/www.haute-savoie.gouv.fr\/contenu\/telechargement\/28037\/168112\/file\/RPPconsolide%20VOK-2019-06-17-bd.pdf\" target=\"_blank\" rel=\"noopener\">[version en ligne]<\/a>.<\/li>\n<li>Une version \u00e0 jour du R\u00e8glement Particulier de Police du Lac L\u00e9man (RPP) <a href=\"https:\/\/www.haute-savoie.gouv.fr\/contenu\/telechargement\/23843\/145334\" target=\"_blank\" rel=\"noopener\">[version en ligne].<\/a><\/li>\n<li>Une version actualis\u00e9e de l&#8217;accord franco-suisse du 7 d\u00e9cembre 1976<a href=\"https:\/\/www.haute-savoie.gouv.fr\/contenu\/telechargement\/31420\/186874\/file\/O0-RNL-2019-compile-et-accord\" target=\"_blank\" rel=\"noopener\"> [version en ligne].<\/a><\/li>\n<\/ul>\n<p>&nbsp;<\/p>","protected":false},"excerpt":{"rendered":"<p>Le bateau standard actuel de la classe Open chez Sailcom. Indulgent et facile \u00e0 naviguer pour les plaisanciers occasionnels, et un v\u00e9ritable voilier de course pour les marins exp\u00e9riment\u00e9s. Le bateau de la Sailing League et de la Bundesliga de voile : \u00e9l\u00e9gant, rapide, tout en restant docile et facile \u00e0 man\u0153uvrer. Le moteur \u00e9lectrique [&hellip;]<\/p>\n","protected":false},"author":2,"featured_media":32367,"template":"","meta":{"_acf_changed":false,"publish_to_discourse":"","publish_post_category":"","wpdc_auto_publish_overridden":"","wpdc_topic_tags":"","wpdc_pin_topic":"","wpdc_pin_until":"","discourse_post_id":"","discourse_permalink":"","wpdc_publishing_response":"","wpdc_publishing_error":""},"product_brand":[],"product_cat":[572],"product_tag":[],"sailcom-capability":[],"sailcom-location":[340],"sailcom-event-type":[],"sailcom-boat-type":[365],"class_list":{"0":"post-47096","1":"product","2":"type-product","3":"status-publish","4":"has-post-thumbnail","6":"product_cat-open-fr","7":"sailcom-location-genfersee","8":"sailcom-boat-type-open","10":"first","11":"instock","12":"taxable","13":"shipping-taxable","14":"product-type-redq_rental"},"acf":[],"_links":{"self":[{"href":"https:\/\/www.sailcom.ch\/fr\/wp-json\/wp\/v2\/product\/47096","targetHints":{"allow":["GET"]}}],"collection":[{"href":"https:\/\/www.sailcom.ch\/fr\/wp-json\/wp\/v2\/product"}],"about":[{"href":"https:\/\/www.sailcom.ch\/fr\/wp-json\/wp\/v2\/types\/product"}],"author":[{"embeddable":true,"href":"https:\/\/www.sailcom.ch\/fr\/wp-json\/wp\/v2\/users\/2"}],"wp:featuredmedia":[{"embeddable":true,"href":"https:\/\/www.sailcom.ch\/fr\/wp-json\/wp\/v2\/media\/32367"}],"wp:attachment":[{"href":"https:\/\/www.sailcom.ch\/fr\/wp-json\/wp\/v2\/media?parent=47096"}],"wp:term":[{"taxonomy":"product_brand","embeddable":true,"href":"https:\/\/www.sailcom.ch\/fr\/wp-json\/wp\/v2\/product_brand?post=47096"},{"taxonomy":"product_cat","embeddable":true,"href":"https:\/\/www.sailcom.ch\/fr\/wp-json\/wp\/v2\/product_cat?post=47096"},{"taxonomy":"product_tag","embeddable":true,"href":"https:\/\/www.sailcom.ch\/fr\/wp-json\/wp\/v2\/product_tag?post=47096"},{"taxonomy":"sailcom-capability","embeddable":true,"href":"https:\/\/www.sailcom.ch\/fr\/wp-json\/wp\/v2\/sailcom-capability?post=47096"},{"taxonomy":"sailcom-location","embeddable":true,"href":"https:\/\/www.sailcom.ch\/fr\/wp-json\/wp\/v2\/sailcom-location?post=47096"},{"taxonomy":"sailcom-event-type","embeddable":true,"href":"https:\/\/www.sailcom.ch\/fr\/wp-json\/wp\/v2\/sailcom-event-type?post=47096"},{"taxonomy":"sailcom-boat-type","embeddable":true,"href":"https:\/\/www.sailcom.ch\/fr\/wp-json\/wp\/v2\/sailcom-boat-type?post=47096"}],"curies":[{"name":"wp","href":"https:\/\/api.w.org\/{rel}","templated":true}]}}