{"id":47023,"date":"2025-03-27T18:24:46","date_gmt":"2025-03-27T17:24:46","guid":{"rendered":"https:\/\/www.sailcom.ch\/product\/product\/"},"modified":"2025-04-02T20:07:54","modified_gmt":"2025-04-02T18:07:54","slug":"event_47023","status":"publish","type":"product","link":"https:\/\/www.sailcom.ch\/fr\/produit\/event_47023\/","title":{"rendered":"6 kleine Kabinen-Vorh\u00e4nge neu machen (N\u00e4harbeit)"},"content":{"rendered":"","protected":false},"excerpt":{"rendered":"<p>Heimarbeit, Zeit frei w\u00e4hlbar, Zeitgutschrift nach R\u00fccksprache und Aufwand<br \/>\nDie Vorh\u00e4nge in der Kabine der Malin sind unansehnlich und teilweise besch\u00e4digt und sollten ersetzt werden. Es sind 6 St\u00fcck zu je ca. 30x40cm mit einem Saum oben und unten.<br \/>\nDie alten k\u00f6nnen als Vorlage geschickt werden.<\/p>\n<p>Erwartet wird selbstst\u00e4ndige Beschaffung des Stoffes gegen Spesenersatz und Fertigstellung der 6 Teile nach Aufwand gegen Zeitgutschrift f\u00fcr den B-Status.<\/p>\n<p>F\u00fcr weitere Infos und \u00dcbergabe (Postversand m\u00f6glich) bitte Kontakt mit Jan Meissner aufnehmen: if-boot@web.de.<\/p>\n","protected":false},"author":2788,"featured_media":1568,"template":"","meta":{"_acf_changed":false,"publish_to_discourse":"","publish_post_category":"","wpdc_auto_publish_overridden":"","wpdc_topic_tags":"","wpdc_pin_topic":"","wpdc_pin_until":"","discourse_post_id":"","discourse_permalink":"","wpdc_publishing_response":"","wpdc_publishing_error":""},"product_brand":[],"product_cat":[15],"product_tag":[],"sailcom-capability":[],"sailcom-location":[348],"sailcom-event-type":[380],"sailcom-boat-type":[],"class_list":{"0":"post-47023","1":"product","2":"type-product","3":"status-publish","4":"has-post-thumbnail","6":"product_cat-uncategorised","7":"sailcom-location-zurichsee","8":"sailcom-event-type-maintenance","10":"first","11":"outofstock","12":"taxable","13":"shipping-taxable","14":"product-type-sc_event"},"acf":[],"_links":{"self":[{"href":"https:\/\/www.sailcom.ch\/fr\/wp-json\/wp\/v2\/product\/47023","targetHints":{"allow":["GET"]}}],"collection":[{"href":"https:\/\/www.sailcom.ch\/fr\/wp-json\/wp\/v2\/product"}],"about":[{"href":"https:\/\/www.sailcom.ch\/fr\/wp-json\/wp\/v2\/types\/product"}],"author":[{"embeddable":true,"href":"https:\/\/www.sailcom.ch\/fr\/wp-json\/wp\/v2\/users\/2788"}],"wp:featuredmedia":[{"embeddable":true,"href":"https:\/\/www.sailcom.ch\/fr\/wp-json\/wp\/v2\/media\/1568"}],"wp:attachment":[{"href":"https:\/\/www.sailcom.ch\/fr\/wp-json\/wp\/v2\/media?parent=47023"}],"wp:term":[{"taxonomy":"product_brand","embeddable":true,"href":"https:\/\/www.sailcom.ch\/fr\/wp-json\/wp\/v2\/product_brand?post=47023"},{"taxonomy":"product_cat","embeddable":true,"href":"https:\/\/www.sailcom.ch\/fr\/wp-json\/wp\/v2\/product_cat?post=47023"},{"taxonomy":"product_tag","embeddable":true,"href":"https:\/\/www.sailcom.ch\/fr\/wp-json\/wp\/v2\/product_tag?post=47023"},{"taxonomy":"sailcom-capability","embeddable":true,"href":"https:\/\/www.sailcom.ch\/fr\/wp-json\/wp\/v2\/sailcom-capability?post=47023"},{"taxonomy":"sailcom-location","embeddable":true,"href":"https:\/\/www.sailcom.ch\/fr\/wp-json\/wp\/v2\/sailcom-location?post=47023"},{"taxonomy":"sailcom-event-type","embeddable":true,"href":"https:\/\/www.sailcom.ch\/fr\/wp-json\/wp\/v2\/sailcom-event-type?post=47023"},{"taxonomy":"sailcom-boat-type","embeddable":true,"href":"https:\/\/www.sailcom.ch\/fr\/wp-json\/wp\/v2\/sailcom-boat-type?post=47023"}],"curies":[{"name":"wp","href":"https:\/\/api.w.org\/{rel}","templated":true}]}}