{"id":46949,"date":"2025-03-02T12:00:17","date_gmt":"2025-03-02T11:00:17","guid":{"rendered":"https:\/\/www.sailcom.ch\/product\/saphire-27-sui-2\/"},"modified":"2025-03-28T07:08:37","modified_gmt":"2025-03-28T06:08:37","slug":"saphire-27-sui-2","status":"publish","type":"product","link":"https:\/\/www.sailcom.ch\/fr\/produit\/saphire-27-sui-2\/","title":{"rendered":"Saphire 27 (SUI 2)"},"content":{"rendered":"<p>Le Saphire 27 est un excellent day-racer pour naviguer sur le Lac L\u00e9man.<br \/>\nCe bateau est particuli\u00e8rement adapt\u00e9 aux navigateurs sportifs qui souhaitent s&#8217;amuser ou participer \u00e0 des r\u00e9gates.<\/p>\n<p>Gr\u00e9ement en carbone, jeu de voiles sport en aramide, speedy carbonium..<br \/>\nLe Saphire 2.0 a repris ses droits, l&#8217;orange est le nouveau noir !<\/p>\n<p>Pour les amateurs de sport en puissance et en finesse, et les \u00e9quipes bien r\u00f4d\u00e9es.<\/p>\n<p>N\u00b0 SRS 2300<\/p>\n<p>Initiation sous <strong>\u00c9v\u00e9nements<\/strong> ou sur demande.<\/p>\n<p>SC SUISSE ROMANDE<\/p>\n<p><a href=\"https:\/\/www.facebook.com\/SailComRomandie\/\" target=\"_blank\" rel=\"noopener\">https:\/\/www.facebook.com\/SailComRomandie\/<\/a><\/p>\n<p>L\u00c9MAN &#8211; rester vigilant.<\/p>\n<p><a href=\"\/wp-content\/uploads\/2023\/07\/Standortinfo_Lausanne_DE_1.pdf\" target=\"_blank\" rel=\"noopener\">Informations sur l&#8217;emplacement Lausanne-Ouchy<\/a><\/p>\n<p><a href=\"\/wp-content\/uploads\/2023\/07\/Handbuch_Saphire_SUI2_Lausanne_DE_2023.pdf\" target=\"_blank\" rel=\"noopener\">Manuel Saphire<\/a><\/p>\n<hr \/>\n<p>Vous trouverez \u00e9galement \u00e0 bord les documents imprim\u00e9s \u00e0 emporter pour une navigation c\u00f4t\u00e9 fran\u00e7ais.<br \/>\nEn cas de contr\u00f4le de la police maritime fran\u00e7aise, vous devez \u00eatre en mesure de p<strong>r\u00e9senter les documents suivants en plus des papiers du bateau et de votre permis de conduire :<\/strong><\/p>\n<ul>\n<li>Une version \u00e0 jour du r\u00e8glement g\u00e9n\u00e9ral de police pour toutes les eaux int\u00e9rieures de France (RGP) <a href=\"https:\/\/www.haute-savoie.gouv.fr\/contenu\/telechargement\/28037\/168112\/file\/RPPconsolide%20VOK-2019-06-17-bd.pdf\" target=\"_blank\" rel=\"noopener\">[version en ligne]<\/a>.<\/li>\n<li>Une version \u00e0 jour du R\u00e8glement Particulier de Police du Lac L\u00e9man (RPP) <a href=\"https:\/\/www.haute-savoie.gouv.fr\/contenu\/telechargement\/23843\/145334\" target=\"_blank\" rel=\"noopener\">[version en ligne].<\/a><\/li>\n<li>Une version actualis\u00e9e de l&#8217;accord franco-suisse du 7 d\u00e9cembre 1976<a href=\"https:\/\/www.haute-savoie.gouv.fr\/contenu\/telechargement\/31420\/186874\/file\/O0-RNL-2019-compile-et-accord\" target=\"_blank\" rel=\"noopener\"> [version en ligne].<\/a><\/li>\n<\/ul>\n<p>&nbsp;<\/p>","protected":false},"excerpt":{"rendered":"<p>Le Saphire 27 est un excellent day-racer pour naviguer sur le Lac L\u00e9man. Ce bateau est particuli\u00e8rement adapt\u00e9 aux navigateurs sportifs qui souhaitent s&#8217;amuser ou participer \u00e0 des r\u00e9gates. Gr\u00e9ement en carbone, jeu de voiles sport en aramide, speedy carbonium.. Le Saphire 2.0 a repris ses droits, l&#8217;orange est le nouveau noir ! Pour les [&hellip;]<\/p>\n","protected":false},"author":2,"featured_media":33009,"template":"","meta":{"_acf_changed":false,"publish_to_discourse":"","publish_post_category":"","wpdc_auto_publish_overridden":"","wpdc_topic_tags":"","wpdc_pin_topic":"","wpdc_pin_until":"","discourse_post_id":"","discourse_permalink":"","wpdc_publishing_response":"","wpdc_publishing_error":""},"product_brand":[],"product_cat":[568],"product_tag":[],"sailcom-capability":[],"sailcom-location":[340],"sailcom-event-type":[],"sailcom-boat-type":[367],"class_list":{"0":"post-46949","1":"product","2":"type-product","3":"status-publish","4":"has-post-thumbnail","6":"product_cat-day-sport","7":"sailcom-location-genfersee","8":"sailcom-boat-type-day-sport-boat","10":"first","11":"instock","12":"taxable","13":"shipping-taxable","14":"product-type-redq_rental"},"acf":[],"_links":{"self":[{"href":"https:\/\/www.sailcom.ch\/fr\/wp-json\/wp\/v2\/product\/46949","targetHints":{"allow":["GET"]}}],"collection":[{"href":"https:\/\/www.sailcom.ch\/fr\/wp-json\/wp\/v2\/product"}],"about":[{"href":"https:\/\/www.sailcom.ch\/fr\/wp-json\/wp\/v2\/types\/product"}],"author":[{"embeddable":true,"href":"https:\/\/www.sailcom.ch\/fr\/wp-json\/wp\/v2\/users\/2"}],"wp:featuredmedia":[{"embeddable":true,"href":"https:\/\/www.sailcom.ch\/fr\/wp-json\/wp\/v2\/media\/33009"}],"wp:attachment":[{"href":"https:\/\/www.sailcom.ch\/fr\/wp-json\/wp\/v2\/media?parent=46949"}],"wp:term":[{"taxonomy":"product_brand","embeddable":true,"href":"https:\/\/www.sailcom.ch\/fr\/wp-json\/wp\/v2\/product_brand?post=46949"},{"taxonomy":"product_cat","embeddable":true,"href":"https:\/\/www.sailcom.ch\/fr\/wp-json\/wp\/v2\/product_cat?post=46949"},{"taxonomy":"product_tag","embeddable":true,"href":"https:\/\/www.sailcom.ch\/fr\/wp-json\/wp\/v2\/product_tag?post=46949"},{"taxonomy":"sailcom-capability","embeddable":true,"href":"https:\/\/www.sailcom.ch\/fr\/wp-json\/wp\/v2\/sailcom-capability?post=46949"},{"taxonomy":"sailcom-location","embeddable":true,"href":"https:\/\/www.sailcom.ch\/fr\/wp-json\/wp\/v2\/sailcom-location?post=46949"},{"taxonomy":"sailcom-event-type","embeddable":true,"href":"https:\/\/www.sailcom.ch\/fr\/wp-json\/wp\/v2\/sailcom-event-type?post=46949"},{"taxonomy":"sailcom-boat-type","embeddable":true,"href":"https:\/\/www.sailcom.ch\/fr\/wp-json\/wp\/v2\/sailcom-boat-type?post=46949"}],"curies":[{"name":"wp","href":"https:\/\/api.w.org\/{rel}","templated":true}]}}