{"id":46437,"date":"2025-03-16T10:17:09","date_gmt":"2025-03-16T09:17:09","guid":{"rendered":"https:\/\/www.sailcom.ch\/product\/produit\/"},"modified":"2025-03-16T10:17:10","modified_gmt":"2025-03-16T09:17:10","slug":"event_46437","status":"publish","type":"product","link":"https:\/\/www.sailcom.ch\/fr\/produit\/event_46437\/","title":{"rendered":"Soir\u00e9e voile sur le lac L\u00e9man"},"content":{"rendered":"","protected":false},"excerpt":{"rendered":"<p>### Envie d\u2019une \u00e9chapp\u00e9e sur le lac L\u00e9man ? \ud83c\udf0a\u26f5<\/p>\n<p>Rejoins-nous pour une sortie voile en soir\u00e9e et profite du calme du lac, loin de l\u2019agitation du quotidien. Que tu sois d\u00e9butant\u00b7e ou passionn\u00e9\u00b7e, viens partager un moment convivial \u00e0 bord avec d\u2019autres amateurs de voile. Aucune exp\u00e9rience requise !<\/p>\n<p>\ud83d\udd39 \u00c0 pr\u00e9voir :<\/p>\n<p>V\u00eatements adapt\u00e9s au vent et aux intemp\u00e9ries<br \/>\nChaussures propres \u00e0 semelles blanches<br \/>\nEt pourquoi pas un maillot de bain, si la m\u00e9t\u00e9o le permet ? \u2600\ufe0f<br \/>\n\ud83d\udcb0 Tarif : 40.-\/personne<\/p>\n<p>\ud83d\udcc5 Paiement :<br \/>\nTu recevras un message quelques jours avant la sortie pour confirmer si elle a lieu ou non. Si elle est maintenue, tu devras r\u00e9gler ton inscription via Twint ou Revolut.<\/p>\n<p>\u26a0\ufe0f M\u00e9t\u00e9o :<br \/>\nLa sortie peut \u00eatre annul\u00e9e en cas de mauvaises conditions. Dans ce cas, tu recevras un message et seras enti\u00e8rement rembours\u00e9\u00b7e.<\/p>\n<p>\u2728 Pr\u00eat\u00b7e \u00e0 hisser les voiles ? Inscris-toi et embarque avec nous ! \u26f5<\/p>\n","protected":false},"author":3504,"featured_media":4233,"template":"","meta":{"_acf_changed":false,"publish_to_discourse":"","publish_post_category":"","wpdc_auto_publish_overridden":"","wpdc_topic_tags":"","wpdc_pin_topic":"","wpdc_pin_until":"","discourse_post_id":"","discourse_permalink":"","wpdc_publishing_response":"","wpdc_publishing_error":""},"product_brand":[],"product_cat":[15],"product_tag":[],"sailcom-capability":[],"sailcom-location":[340],"sailcom-event-type":[373],"sailcom-boat-type":[],"class_list":{"0":"post-46437","1":"product","2":"type-product","3":"status-publish","4":"has-post-thumbnail","6":"product_cat-uncategorised","7":"sailcom-location-genfersee","8":"sailcom-event-type-einweisungen","10":"first","11":"instock","12":"taxable","13":"shipping-taxable","14":"product-type-sc_event"},"acf":[],"_links":{"self":[{"href":"https:\/\/www.sailcom.ch\/fr\/wp-json\/wp\/v2\/product\/46437","targetHints":{"allow":["GET"]}}],"collection":[{"href":"https:\/\/www.sailcom.ch\/fr\/wp-json\/wp\/v2\/product"}],"about":[{"href":"https:\/\/www.sailcom.ch\/fr\/wp-json\/wp\/v2\/types\/product"}],"author":[{"embeddable":true,"href":"https:\/\/www.sailcom.ch\/fr\/wp-json\/wp\/v2\/users\/3504"}],"wp:featuredmedia":[{"embeddable":true,"href":"https:\/\/www.sailcom.ch\/fr\/wp-json\/wp\/v2\/media\/4233"}],"wp:attachment":[{"href":"https:\/\/www.sailcom.ch\/fr\/wp-json\/wp\/v2\/media?parent=46437"}],"wp:term":[{"taxonomy":"product_brand","embeddable":true,"href":"https:\/\/www.sailcom.ch\/fr\/wp-json\/wp\/v2\/product_brand?post=46437"},{"taxonomy":"product_cat","embeddable":true,"href":"https:\/\/www.sailcom.ch\/fr\/wp-json\/wp\/v2\/product_cat?post=46437"},{"taxonomy":"product_tag","embeddable":true,"href":"https:\/\/www.sailcom.ch\/fr\/wp-json\/wp\/v2\/product_tag?post=46437"},{"taxonomy":"sailcom-capability","embeddable":true,"href":"https:\/\/www.sailcom.ch\/fr\/wp-json\/wp\/v2\/sailcom-capability?post=46437"},{"taxonomy":"sailcom-location","embeddable":true,"href":"https:\/\/www.sailcom.ch\/fr\/wp-json\/wp\/v2\/sailcom-location?post=46437"},{"taxonomy":"sailcom-event-type","embeddable":true,"href":"https:\/\/www.sailcom.ch\/fr\/wp-json\/wp\/v2\/sailcom-event-type?post=46437"},{"taxonomy":"sailcom-boat-type","embeddable":true,"href":"https:\/\/www.sailcom.ch\/fr\/wp-json\/wp\/v2\/sailcom-boat-type?post=46437"}],"curies":[{"name":"wp","href":"https:\/\/api.w.org\/{rel}","templated":true}]}}