{"id":45773,"date":"2025-03-03T02:15:58","date_gmt":"2025-03-03T01:15:58","guid":{"rendered":"https:\/\/www.sailcom.ch\/product\/product\/"},"modified":"2025-04-26T11:32:28","modified_gmt":"2025-04-26T09:32:28","slug":"event_45773","status":"publish","type":"product","link":"https:\/\/www.sailcom.ch\/fr\/produit\/event_45773\/","title":{"rendered":"Hafenman\u00f6vertraining, Schiffshandhabung auf engem Raum, Einparken und Ausparken, L\u00e4ngsseits anlegen \u2026"},"content":{"rendered":"","protected":false},"excerpt":{"rendered":"<p>Teilnahme ohne SAILCOM Mitgliedschaft m\u00f6glich.<\/p>\n<p>W\u00e4re es nicht toll, Hafenman\u00f6ver auf einer Hochseetauglichen Yacht auf einem Schweizer See zu erlernen und zu \u00fcben. Vor dem ersten Charter die Sicherheit im Umgang mit einer Yacht, gerade beim Man\u00f6vrieren auf engem Raum, zu erhalten?<\/p>\n<p>Genau das kannst du bei einem meiner Hafenman\u00f6ver Trainings bekommen. Entweder am Bodensee auf einer Bavaria 34 oder auf dem Genfer See auf einer Dufour 31.<\/p>\n<p>&#8211; Schiffshandhabung auf engem Raum<br \/>\n&#8211; Hafenman\u00f6ver (Ein- und Ausparken)<br \/>\n&#8211; Vorw\u00e4rts, R\u00fcckw\u00e4rts, L\u00e4ngsseits an den Steg oder in die Box<br \/>\n&#8211; Eindampfen in die Spring<br \/>\n&#8211; und vieles mehr<\/p>\n<p>Bevor man \u00fcberhaupt dar\u00fcber nachdenkt mit einem Schiff an einen Liegeplatz anzulegen, sollte man wissen wie sich ein Segelschiff auf engem Raum bewegt und lernen wie man es handhabt. Dazu gibt es verschiedene Komponenten die man erlernen und \u00fcben muss. Das ist zum Beispiel R\u00fcckw\u00e4rtsfahren, Slalomfahren, drehen auf der Stelle und vieles mehr. Erst wenn die einzelnen Komponenten beherrscht werden, kann man diese zu komplexeren Aufgaben zusammenf\u00fcgen. Und erst wenn man das auf einem sicheren \u201eSpielplatz\u201c ge\u00fcbt hat, kann man anfangen das ganze im Hafen und an den Anlegestellen zu \u00fcben. Dabei werdet ihr von mir begleitet und k\u00f6nnt in einem sicheren Rahmen verschiedene Man\u00f6ver trainieren.<\/p>\n<p>Nachdem die Teilnehmer gelernt haben, das Schiff auf engem Raum zu bewegen, n\u00e4hern wir uns gedanklich dem Hafenman\u00f6ver. Dem Anlegen und Ablegen aus verschiedenen Situationen. Was ist wichtig und wie kommuniziert man mit seiner Crew. Gut geplant ist halb Festgemacht.<\/p>\n<p>&#8211; Der Event findet ab 2 Teilnehmern statt.<br \/>\n&#8211; SailCom Mitgliedschaft ist NICHT notwendig.<br \/>\n&#8211; Der Event eignet sich auch als Pr\u00fcfungsvorbereitung f\u00fcr den kleinen A Schein<\/p>\n<p>Weitere Infos auch auf<br \/>\nhttps:\/\/segelschule-namaste.ch\/hafenmanoever-und-skipperkurs-am-bodensee-und-genfersee<br \/>\noder +41 78 672 25 70<\/p>\n<p>Ich freue mich euch bald an Bord zum Havenman\u00f6vertraining begr\u00fcssen zu d\u00fcrfen.<br \/>\nRobin.<\/p>\n","protected":false},"author":3557,"featured_media":45069,"template":"","meta":{"_acf_changed":false,"publish_to_discourse":"","publish_post_category":"","wpdc_auto_publish_overridden":"","wpdc_topic_tags":"","wpdc_pin_topic":"","wpdc_pin_until":"","discourse_post_id":"","discourse_permalink":"","wpdc_publishing_response":"","wpdc_publishing_error":""},"product_brand":[],"product_cat":[15],"product_tag":[],"sailcom-capability":[],"sailcom-location":[339],"sailcom-event-type":[373,375,374],"sailcom-boat-type":[],"class_list":{"0":"post-45773","1":"product","2":"type-product","3":"status-publish","4":"has-post-thumbnail","6":"product_cat-uncategorised","7":"sailcom-location-bodensee","8":"sailcom-event-type-einweisungen","9":"sailcom-event-type-hafen","10":"sailcom-event-type-skippertraining","12":"first","13":"outofstock","14":"taxable","15":"shipping-taxable","16":"product-type-sc_event"},"acf":[],"_links":{"self":[{"href":"https:\/\/www.sailcom.ch\/fr\/wp-json\/wp\/v2\/product\/45773","targetHints":{"allow":["GET"]}}],"collection":[{"href":"https:\/\/www.sailcom.ch\/fr\/wp-json\/wp\/v2\/product"}],"about":[{"href":"https:\/\/www.sailcom.ch\/fr\/wp-json\/wp\/v2\/types\/product"}],"author":[{"embeddable":true,"href":"https:\/\/www.sailcom.ch\/fr\/wp-json\/wp\/v2\/users\/3557"}],"wp:featuredmedia":[{"embeddable":true,"href":"https:\/\/www.sailcom.ch\/fr\/wp-json\/wp\/v2\/media\/45069"}],"wp:attachment":[{"href":"https:\/\/www.sailcom.ch\/fr\/wp-json\/wp\/v2\/media?parent=45773"}],"wp:term":[{"taxonomy":"product_brand","embeddable":true,"href":"https:\/\/www.sailcom.ch\/fr\/wp-json\/wp\/v2\/product_brand?post=45773"},{"taxonomy":"product_cat","embeddable":true,"href":"https:\/\/www.sailcom.ch\/fr\/wp-json\/wp\/v2\/product_cat?post=45773"},{"taxonomy":"product_tag","embeddable":true,"href":"https:\/\/www.sailcom.ch\/fr\/wp-json\/wp\/v2\/product_tag?post=45773"},{"taxonomy":"sailcom-capability","embeddable":true,"href":"https:\/\/www.sailcom.ch\/fr\/wp-json\/wp\/v2\/sailcom-capability?post=45773"},{"taxonomy":"sailcom-location","embeddable":true,"href":"https:\/\/www.sailcom.ch\/fr\/wp-json\/wp\/v2\/sailcom-location?post=45773"},{"taxonomy":"sailcom-event-type","embeddable":true,"href":"https:\/\/www.sailcom.ch\/fr\/wp-json\/wp\/v2\/sailcom-event-type?post=45773"},{"taxonomy":"sailcom-boat-type","embeddable":true,"href":"https:\/\/www.sailcom.ch\/fr\/wp-json\/wp\/v2\/sailcom-boat-type?post=45773"}],"curies":[{"name":"wp","href":"https:\/\/api.w.org\/{rel}","templated":true}]}}