{"id":45755,"date":"2025-03-01T12:01:52","date_gmt":"2025-03-01T11:01:52","guid":{"rendered":"https:\/\/www.sailcom.ch\/product\/product\/"},"modified":"2025-04-04T09:37:37","modified_gmt":"2025-04-04T07:37:37","slug":"event_45755","status":"publish","type":"product","link":"https:\/\/www.sailcom.ch\/fr\/produit\/event_45755\/","title":{"rendered":"Bootstaufe Bavaria C34"},"content":{"rendered":"","protected":false},"excerpt":{"rendered":"<p>Das Bootsteam hat ein Namen f\u00fcr die neue Bavaria C34 gefunden. Den m\u00f6chten wir feierlich mit der Bootstaufe einweihen. Alle interessierten Personen sind herzlich eingeladen. Zum Anstossen wird das Bootsteam einen kleinen Ap\u00e9ro organisieren. Dabei kann nat\u00fcrlich das Boot besichtigt werden. Eine Anmeldung ist erw\u00fcnscht.<br \/>\nDas Bootsteam freut sich auf Dich!<\/p>\n","protected":false},"author":2737,"featured_media":45069,"template":"","meta":{"_acf_changed":false,"publish_to_discourse":"","publish_post_category":"","wpdc_auto_publish_overridden":"","wpdc_topic_tags":"","wpdc_pin_topic":"","wpdc_pin_until":"","discourse_post_id":"","discourse_permalink":"","wpdc_publishing_response":"","wpdc_publishing_error":""},"product_brand":[],"product_cat":[15],"product_tag":[],"sailcom-capability":[],"sailcom-location":[339],"sailcom-event-type":[371],"sailcom-boat-type":[],"class_list":{"0":"post-45755","1":"product","2":"type-product","3":"status-publish","4":"has-post-thumbnail","6":"product_cat-uncategorised","7":"sailcom-location-bodensee","8":"sailcom-event-type-events-an-land","10":"first","11":"instock","12":"taxable","13":"shipping-taxable","14":"product-type-sc_event"},"acf":[],"_links":{"self":[{"href":"https:\/\/www.sailcom.ch\/fr\/wp-json\/wp\/v2\/product\/45755","targetHints":{"allow":["GET"]}}],"collection":[{"href":"https:\/\/www.sailcom.ch\/fr\/wp-json\/wp\/v2\/product"}],"about":[{"href":"https:\/\/www.sailcom.ch\/fr\/wp-json\/wp\/v2\/types\/product"}],"author":[{"embeddable":true,"href":"https:\/\/www.sailcom.ch\/fr\/wp-json\/wp\/v2\/users\/2737"}],"wp:featuredmedia":[{"embeddable":true,"href":"https:\/\/www.sailcom.ch\/fr\/wp-json\/wp\/v2\/media\/45069"}],"wp:attachment":[{"href":"https:\/\/www.sailcom.ch\/fr\/wp-json\/wp\/v2\/media?parent=45755"}],"wp:term":[{"taxonomy":"product_brand","embeddable":true,"href":"https:\/\/www.sailcom.ch\/fr\/wp-json\/wp\/v2\/product_brand?post=45755"},{"taxonomy":"product_cat","embeddable":true,"href":"https:\/\/www.sailcom.ch\/fr\/wp-json\/wp\/v2\/product_cat?post=45755"},{"taxonomy":"product_tag","embeddable":true,"href":"https:\/\/www.sailcom.ch\/fr\/wp-json\/wp\/v2\/product_tag?post=45755"},{"taxonomy":"sailcom-capability","embeddable":true,"href":"https:\/\/www.sailcom.ch\/fr\/wp-json\/wp\/v2\/sailcom-capability?post=45755"},{"taxonomy":"sailcom-location","embeddable":true,"href":"https:\/\/www.sailcom.ch\/fr\/wp-json\/wp\/v2\/sailcom-location?post=45755"},{"taxonomy":"sailcom-event-type","embeddable":true,"href":"https:\/\/www.sailcom.ch\/fr\/wp-json\/wp\/v2\/sailcom-event-type?post=45755"},{"taxonomy":"sailcom-boat-type","embeddable":true,"href":"https:\/\/www.sailcom.ch\/fr\/wp-json\/wp\/v2\/sailcom-boat-type?post=45755"}],"curies":[{"name":"wp","href":"https:\/\/api.w.org\/{rel}","templated":true}]}}