{"id":45171,"date":"2025-02-08T10:32:19","date_gmt":"2025-02-08T09:32:19","guid":{"rendered":"https:\/\/www.sailcom.ch\/product\/product\/"},"modified":"2025-08-27T17:37:40","modified_gmt":"2025-08-27T15:37:40","slug":"event_45171","status":"publish","type":"product","link":"https:\/\/www.sailcom.ch\/fr\/produit\/event_45171\/","title":{"rendered":"Einsteiger:innen-Segeln J\/70"},"content":{"rendered":"","protected":false},"excerpt":{"rendered":"<p>Achtung: Absage wegen Starkwindwarnung!<\/p>\n<p>Du bist an deinem D-Schein dran oder hast diesen erst seit kurzem? Und du f\u00fchlst dich noch unsicher auf einer Segelyacht und willst mehr Erfahrung sammeln? Oder einfach nur Menschen kennenlernen, die auch erst seit kurzem das Segeln f\u00fcr sich entdeckt haben? Willkommen an Bord!<\/p>\n<p>Als ich vor wenigen Jahren zu segeln begann, h\u00e4tte ich mir gew\u00fcnscht, mit Menschen segeln gehen zu k\u00f6nnen, die auch noch keine alten und erfahrenen Seeb\u00e4r:innen sind. Eine Gruppe von Menschen, wo es nicht peinlich ist, wenn ich bei der Halse zuerst anluve, bzw. bei der Wende erstmal abfalle. Wo ich auch mal ein Breidrehen oder ein Dings-\u00fcber-Bord \u00fcben kann. Wo ich meinen Aufschiesser an die Boje perfektionieren kann. (Nur Ankern m\u00f6chte ich nicht mit euch \u00fcben. Das geht zu lange.)<\/p>\n<p>Wir nutzen die J70 im Hafen Tiefenbrunnen. Treffpunkt ist direkt auf der Mole vor dem Boot. Bring bitte Bootsschuhe mit. (Ansonsten nach eigenem Bedarf und Befinden Segelhandschuhe, Hut, Wasser, Sonnencreme, -brille, etc.)<\/p>\n<p>Wir wollen ca. 20:30 zur\u00fcck im Hafen sein und m\u00fcssen dann das Boot noch aufr\u00e4umen.<\/p>\n<p>Wenn dich das anspricht, dann melde dich an. Anmeldung bis 24h vorher. Falls keine Anmeldungen wird der Event abgesagt.<\/p>\n<p>Abmeldungen sind bis 24h vorher kostenlos. Danach ist der volle Betrag geschuldet.<br \/>\nDer Event findet bei jedem Wetter statt, auch bei Flaute. Ausnahme ist, wenn Starkwind oder Sturm angezeigt oder vorhergesagt sind. Bei Absage entstehen keine Kosten.<\/p>\n<p>Die Kosten f\u00fcr das Boot von CHF 96 werden durch die Mitsegler:innen geteilt:<br \/>\n&#8211; Bei vier Mitsegler:innen sind die Kosten CHF 24 pro Person<br \/>\n&#8211; Bei drei Mitsegler:innen sind die Kosten CHF 32 pro Person<br \/>\n&#8211; Bei zwei Mitsegler:innen sind die Kosten CHF 48 pro Person<br \/>\n&#8211; Bei einer Mitsegler:in sind die Kosten entsprechend CHF 96<\/p>\n<p>Bitte den Betrag passend in Bar mitbringen oder per Twint \u00fcberweisen. Fragen gerne per E-Mail an \u00abeinsteiger-segeln [\u00e4t] cmdr [punkt] ch\u00bb.<\/p>\n","protected":false},"author":2921,"featured_media":9881,"template":"","meta":{"_acf_changed":false,"publish_to_discourse":"","publish_post_category":"","wpdc_auto_publish_overridden":"","wpdc_topic_tags":"","wpdc_pin_topic":"","wpdc_pin_until":"","discourse_post_id":"","discourse_permalink":"","wpdc_publishing_response":"","wpdc_publishing_error":""},"product_brand":[],"product_cat":[15],"product_tag":[],"sailcom-capability":[],"sailcom-location":[348],"sailcom-event-type":[364],"sailcom-boat-type":[],"class_list":{"0":"post-45171","1":"product","2":"type-product","3":"status-publish","4":"has-post-thumbnail","6":"product_cat-uncategorised","7":"sailcom-location-zurichsee","8":"sailcom-event-type-sail-along","10":"first","11":"outofstock","12":"taxable","13":"shipping-taxable","14":"product-type-sc_event"},"acf":[],"_links":{"self":[{"href":"https:\/\/www.sailcom.ch\/fr\/wp-json\/wp\/v2\/product\/45171","targetHints":{"allow":["GET"]}}],"collection":[{"href":"https:\/\/www.sailcom.ch\/fr\/wp-json\/wp\/v2\/product"}],"about":[{"href":"https:\/\/www.sailcom.ch\/fr\/wp-json\/wp\/v2\/types\/product"}],"author":[{"embeddable":true,"href":"https:\/\/www.sailcom.ch\/fr\/wp-json\/wp\/v2\/users\/2921"}],"wp:featuredmedia":[{"embeddable":true,"href":"https:\/\/www.sailcom.ch\/fr\/wp-json\/wp\/v2\/media\/9881"}],"wp:attachment":[{"href":"https:\/\/www.sailcom.ch\/fr\/wp-json\/wp\/v2\/media?parent=45171"}],"wp:term":[{"taxonomy":"product_brand","embeddable":true,"href":"https:\/\/www.sailcom.ch\/fr\/wp-json\/wp\/v2\/product_brand?post=45171"},{"taxonomy":"product_cat","embeddable":true,"href":"https:\/\/www.sailcom.ch\/fr\/wp-json\/wp\/v2\/product_cat?post=45171"},{"taxonomy":"product_tag","embeddable":true,"href":"https:\/\/www.sailcom.ch\/fr\/wp-json\/wp\/v2\/product_tag?post=45171"},{"taxonomy":"sailcom-capability","embeddable":true,"href":"https:\/\/www.sailcom.ch\/fr\/wp-json\/wp\/v2\/sailcom-capability?post=45171"},{"taxonomy":"sailcom-location","embeddable":true,"href":"https:\/\/www.sailcom.ch\/fr\/wp-json\/wp\/v2\/sailcom-location?post=45171"},{"taxonomy":"sailcom-event-type","embeddable":true,"href":"https:\/\/www.sailcom.ch\/fr\/wp-json\/wp\/v2\/sailcom-event-type?post=45171"},{"taxonomy":"sailcom-boat-type","embeddable":true,"href":"https:\/\/www.sailcom.ch\/fr\/wp-json\/wp\/v2\/sailcom-boat-type?post=45171"}],"curies":[{"name":"wp","href":"https:\/\/api.w.org\/{rel}","templated":true}]}}