{"id":40597,"date":"2024-11-05T19:10:32","date_gmt":"2024-11-05T18:10:32","guid":{"rendered":"https:\/\/www.sailcom.ch\/product\/produkt\/"},"modified":"2024-11-05T19:10:33","modified_gmt":"2024-11-05T18:10:33","slug":"event_40597","status":"publish","type":"product","link":"https:\/\/www.sailcom.ch\/fr\/produit\/event_40597\/","title":{"rendered":"Dufour 310 auswassern\/Unterwasserschiff reinigen Sortie de l&#039;eau\/nettoyage"},"content":{"rendered":"","protected":false},"excerpt":{"rendered":"<p>Um 11.00 Uhr verholen wir die GALATEA von Ouchy zum Hafen Vidy und machen das Boot klar zum Auswassern. Die Werft Chantier de Vidy \u00fcbernimmt die Kranarbeit. Anschliessend Reinigung des Bootes mit dem K\u00e4rcher (Rumpf; Deck). Im Boot: Bodenbretter demontieren, Bilge reinigen. Cockpit: Backskiste ausr\u00e4umen, reinigen, alles kontrollieren und ordentlich verstauen. <\/p>\n<p>A 11h nous d\u00e9pla\u00e7ons le GALATEA d&#039;Ouchy au port de Vidy et pr\u00e9parons le bateau \u00e0 la sortie de l&#039;eau. Le chantier naval Chantier de Vidy est charg\u00e9 des travaux de grue. Nettoyez ensuite le bateau avec le K\u00e4rcher (coque ; pont). Dans le bateau : D\u00e9monter les planchers, nettoyer la cale. Cockpit : Videz le coffre, nettoyez-le, v\u00e9rifiez tout et rangez-le soigneusement.<\/p>\n","protected":false},"author":2755,"featured_media":23729,"template":"","meta":{"_acf_changed":false,"publish_to_discourse":"","publish_post_category":"","wpdc_auto_publish_overridden":"","wpdc_topic_tags":"","wpdc_pin_topic":"","wpdc_pin_until":"","discourse_post_id":"","discourse_permalink":"","wpdc_publishing_response":"","wpdc_publishing_error":""},"product_brand":[],"product_cat":[15],"product_tag":[],"sailcom-capability":[],"sailcom-location":[340],"sailcom-event-type":[380],"sailcom-boat-type":[],"class_list":{"0":"post-40597","1":"product","2":"type-product","3":"status-publish","4":"has-post-thumbnail","6":"product_cat-uncategorised","7":"sailcom-location-genfersee","8":"sailcom-event-type-maintenance","10":"first","11":"instock","12":"taxable","13":"shipping-taxable","14":"product-type-sc_event"},"acf":[],"_links":{"self":[{"href":"https:\/\/www.sailcom.ch\/fr\/wp-json\/wp\/v2\/product\/40597","targetHints":{"allow":["GET"]}}],"collection":[{"href":"https:\/\/www.sailcom.ch\/fr\/wp-json\/wp\/v2\/product"}],"about":[{"href":"https:\/\/www.sailcom.ch\/fr\/wp-json\/wp\/v2\/types\/product"}],"author":[{"embeddable":true,"href":"https:\/\/www.sailcom.ch\/fr\/wp-json\/wp\/v2\/users\/2755"}],"wp:featuredmedia":[{"embeddable":true,"href":"https:\/\/www.sailcom.ch\/fr\/wp-json\/wp\/v2\/media\/23729"}],"wp:attachment":[{"href":"https:\/\/www.sailcom.ch\/fr\/wp-json\/wp\/v2\/media?parent=40597"}],"wp:term":[{"taxonomy":"product_brand","embeddable":true,"href":"https:\/\/www.sailcom.ch\/fr\/wp-json\/wp\/v2\/product_brand?post=40597"},{"taxonomy":"product_cat","embeddable":true,"href":"https:\/\/www.sailcom.ch\/fr\/wp-json\/wp\/v2\/product_cat?post=40597"},{"taxonomy":"product_tag","embeddable":true,"href":"https:\/\/www.sailcom.ch\/fr\/wp-json\/wp\/v2\/product_tag?post=40597"},{"taxonomy":"sailcom-capability","embeddable":true,"href":"https:\/\/www.sailcom.ch\/fr\/wp-json\/wp\/v2\/sailcom-capability?post=40597"},{"taxonomy":"sailcom-location","embeddable":true,"href":"https:\/\/www.sailcom.ch\/fr\/wp-json\/wp\/v2\/sailcom-location?post=40597"},{"taxonomy":"sailcom-event-type","embeddable":true,"href":"https:\/\/www.sailcom.ch\/fr\/wp-json\/wp\/v2\/sailcom-event-type?post=40597"},{"taxonomy":"sailcom-boat-type","embeddable":true,"href":"https:\/\/www.sailcom.ch\/fr\/wp-json\/wp\/v2\/sailcom-boat-type?post=40597"}],"curies":[{"name":"wp","href":"https:\/\/api.w.org\/{rel}","templated":true}]}}