{"id":38394,"date":"2024-09-05T21:25:31","date_gmt":"2024-09-05T19:25:31","guid":{"rendered":"https:\/\/www.sailcom.ch\/product\/product\/"},"modified":"2024-09-05T21:25:31","modified_gmt":"2024-09-05T19:25:31","slug":"event_38394","status":"publish","type":"product","link":"https:\/\/www.sailcom.ch\/fr\/produit\/event_38394\/","title":{"rendered":"Vollmondsegeln am Bodensee"},"content":{"rendered":"","protected":false},"excerpt":{"rendered":"<p>&#8211; M\u00f6chtest du den Sonnenuntergang auf einem Schiff mitten auf einem grossen See betrachten?<br \/>\n&#8211; Den darauffolgenden Vollmond aufgehen sehen?<br \/>\n&#8211; Den Abend in stille auf einer gem\u00fctlichen Segelyacht erleben?<br \/>\n&#8211; Bei Vollmond um das Schiff schwimmen?<\/p>\n<p>Dann ist dieser Event genau das richtige f\u00fcr dich.<\/p>\n<p>Start: 18.09.2024 19:00 in Romanshorn Hafen<br \/>\nEnde ohne \u00dcbernachtung 18.09.2024 00:00<br \/>\nKosten: 60,- CHF<br \/>\nSailcom Mitgliedschaft ist nicht erforderlich.<\/p>\n<p>Ein ganz besonderes Erlebnis ist es den Sonnenuntergang und den darauffolgenden Vollmond von einem Schiff aus auf dem See zu erleben.<\/p>\n<p>Der n\u00e4chste Vollmond ist ein Supermond. Auf dem Bodensee bei Romanshorn geht am 18.09.2024 um 19:28 die Sonne unter und um 19:41 geht der Mond auf.<\/p>\n<p>Der Ablauf<\/p>\n<p>&#8211; Wir treffen uns um 18:40 am Steg vor unserem Schiff in Romanshorn<br \/>\n&#8211; ca. 19:00 legen wir ab und fahren auf den See hinaus wo wir den Sonnenuntergang bestens beobachten k\u00f6nnen.<br \/>\n&#8211; Knabberzeug und Getr\u00e4nke haben wir an Bord, auch Tee und Kaffee.<br \/>\n&#8211; Ca. 00:00 sind wir wieder im Hafen zur\u00fcck<\/p>\n<p>Das Schiff hat 3 Kabinen mit zwei Kojen, 1 Bad\/Toilette, einen Salon und K\u00fcche, ein gesch\u00fctztes Cockpit zum sitzen im Freien, eine Badeplattform mit Badeleiter.<\/p>\n<p>Ich w\u00fcrde mich sehr freuen euch bald an Bord dieser wundersch\u00f6nen Bavaria 34 zum Vollmondsegeln zu begr\u00fcssen.<\/p>\n","protected":false},"author":3557,"featured_media":37626,"template":"","meta":{"_acf_changed":false,"publish_to_discourse":"","publish_post_category":"","wpdc_auto_publish_overridden":"","wpdc_topic_tags":"","wpdc_pin_topic":"","wpdc_pin_until":"","discourse_post_id":"","discourse_permalink":"","wpdc_publishing_response":"","wpdc_publishing_error":""},"product_brand":[],"product_cat":[15],"product_tag":[],"sailcom-capability":[],"sailcom-location":[339],"sailcom-event-type":[364],"sailcom-boat-type":[],"class_list":{"0":"post-38394","1":"product","2":"type-product","3":"status-publish","4":"has-post-thumbnail","6":"product_cat-uncategorised","7":"sailcom-location-bodensee","8":"sailcom-event-type-sail-along","10":"first","11":"instock","12":"taxable","13":"shipping-taxable","14":"product-type-sc_event"},"acf":[],"_links":{"self":[{"href":"https:\/\/www.sailcom.ch\/fr\/wp-json\/wp\/v2\/product\/38394","targetHints":{"allow":["GET"]}}],"collection":[{"href":"https:\/\/www.sailcom.ch\/fr\/wp-json\/wp\/v2\/product"}],"about":[{"href":"https:\/\/www.sailcom.ch\/fr\/wp-json\/wp\/v2\/types\/product"}],"author":[{"embeddable":true,"href":"https:\/\/www.sailcom.ch\/fr\/wp-json\/wp\/v2\/users\/3557"}],"wp:featuredmedia":[{"embeddable":true,"href":"https:\/\/www.sailcom.ch\/fr\/wp-json\/wp\/v2\/media\/37626"}],"wp:attachment":[{"href":"https:\/\/www.sailcom.ch\/fr\/wp-json\/wp\/v2\/media?parent=38394"}],"wp:term":[{"taxonomy":"product_brand","embeddable":true,"href":"https:\/\/www.sailcom.ch\/fr\/wp-json\/wp\/v2\/product_brand?post=38394"},{"taxonomy":"product_cat","embeddable":true,"href":"https:\/\/www.sailcom.ch\/fr\/wp-json\/wp\/v2\/product_cat?post=38394"},{"taxonomy":"product_tag","embeddable":true,"href":"https:\/\/www.sailcom.ch\/fr\/wp-json\/wp\/v2\/product_tag?post=38394"},{"taxonomy":"sailcom-capability","embeddable":true,"href":"https:\/\/www.sailcom.ch\/fr\/wp-json\/wp\/v2\/sailcom-capability?post=38394"},{"taxonomy":"sailcom-location","embeddable":true,"href":"https:\/\/www.sailcom.ch\/fr\/wp-json\/wp\/v2\/sailcom-location?post=38394"},{"taxonomy":"sailcom-event-type","embeddable":true,"href":"https:\/\/www.sailcom.ch\/fr\/wp-json\/wp\/v2\/sailcom-event-type?post=38394"},{"taxonomy":"sailcom-boat-type","embeddable":true,"href":"https:\/\/www.sailcom.ch\/fr\/wp-json\/wp\/v2\/sailcom-boat-type?post=38394"}],"curies":[{"name":"wp","href":"https:\/\/api.w.org\/{rel}","templated":true}]}}