{"id":37850,"date":"2024-08-25T18:28:23","date_gmt":"2024-08-25T16:28:23","guid":{"rendered":"https:\/\/www.sailcom.ch\/product\/product\/"},"modified":"2024-09-02T08:48:40","modified_gmt":"2024-09-02T06:48:40","slug":"event_37850","status":"publish","type":"product","link":"https:\/\/www.sailcom.ch\/fr\/produit\/event_37850\/","title":{"rendered":"Eine kleine Segel-Kreuzfahrt \u00fcber den Bodensee mit \u00dcbernachtung"},"content":{"rendered":"","protected":false},"excerpt":{"rendered":"<p>Wer kommt zum Plauschsegeln mit?<\/p>\n<p>Eine kleine Segel-Kreuzfahrt \u00fcber den Bodensee mit Ankern, Badestops, Anlegen in einem anderen Hafen und Glac\u00e9 essen oder Kaffee trinken gehen. Wir haben den ganzen Tag und die ganze Nacht zeit.<\/p>\n<p>Gerne weise ich euch auch in die Grundlagen des Segelns ein. Ihr k\u00f6nnt aktiv dabei sein, die Segel hochziehen und trimmen, das Schiff steuern, oder einfach nur geniessen und zuschauen.<\/p>\n<p>Zum Abend hin suchen wir uns einen sch\u00f6nen Ankerplatz und kochen gemeinsam ein Indisches mildes Gem\u00fcse Korma mit ein paar passenden Beilagen. Anschliessend geniessen wir den Sonnenuntergang und unser Abendessen im Cockpit. Zum \u00fcbernachten fahren wir wieder in den Hafen Romanshorn und k\u00f6nnen noch bis zum n\u00e4chsten Tag um 09:00 auf dem Schiff verweilen und den Morgen mit Kaffe\/Tee\/Croissants begr\u00fcssen.<\/p>\n<p>Der Event findet ab 2 Anmeldungen statt. Einzelperson in einer Kabine alleine 240,- oder zu zweit in einer Kabine 180,- pro Person. SailCom Mitgliedschaft ist NICHT notwendig.<\/p>\n<p>Treffpunkt: Am Liegeplatz der Bavaria 34<br \/>\n(Romanshorn &#8211; SBS Yachthafen &#8211; Nautika &#8211; Platz H2)<\/p>\n<p>Ich freue mich euch bald an Bord begr\u00fcssen zu d\u00fcrfen, LG Robin<br \/>\nweitere Infos https:\/\/segelschule-namaste.ch\/ oder bei mir unter +41 78 672 25 70<\/p>\n","protected":false},"author":3557,"featured_media":37626,"template":"","meta":{"_acf_changed":false,"publish_to_discourse":"","publish_post_category":"","wpdc_auto_publish_overridden":"","wpdc_topic_tags":"","wpdc_pin_topic":"","wpdc_pin_until":"","discourse_post_id":"","discourse_permalink":"","wpdc_publishing_response":"","wpdc_publishing_error":""},"product_brand":[],"product_cat":[15],"product_tag":[],"sailcom-capability":[],"sailcom-location":[339],"sailcom-event-type":[373,364],"sailcom-boat-type":[],"class_list":{"0":"post-37850","1":"product","2":"type-product","3":"status-publish","4":"has-post-thumbnail","6":"product_cat-uncategorised","7":"sailcom-location-bodensee","8":"sailcom-event-type-einweisungen","9":"sailcom-event-type-sail-along","11":"first","12":"instock","13":"taxable","14":"shipping-taxable","15":"product-type-sc_event"},"acf":[],"_links":{"self":[{"href":"https:\/\/www.sailcom.ch\/fr\/wp-json\/wp\/v2\/product\/37850","targetHints":{"allow":["GET"]}}],"collection":[{"href":"https:\/\/www.sailcom.ch\/fr\/wp-json\/wp\/v2\/product"}],"about":[{"href":"https:\/\/www.sailcom.ch\/fr\/wp-json\/wp\/v2\/types\/product"}],"author":[{"embeddable":true,"href":"https:\/\/www.sailcom.ch\/fr\/wp-json\/wp\/v2\/users\/3557"}],"wp:featuredmedia":[{"embeddable":true,"href":"https:\/\/www.sailcom.ch\/fr\/wp-json\/wp\/v2\/media\/37626"}],"wp:attachment":[{"href":"https:\/\/www.sailcom.ch\/fr\/wp-json\/wp\/v2\/media?parent=37850"}],"wp:term":[{"taxonomy":"product_brand","embeddable":true,"href":"https:\/\/www.sailcom.ch\/fr\/wp-json\/wp\/v2\/product_brand?post=37850"},{"taxonomy":"product_cat","embeddable":true,"href":"https:\/\/www.sailcom.ch\/fr\/wp-json\/wp\/v2\/product_cat?post=37850"},{"taxonomy":"product_tag","embeddable":true,"href":"https:\/\/www.sailcom.ch\/fr\/wp-json\/wp\/v2\/product_tag?post=37850"},{"taxonomy":"sailcom-capability","embeddable":true,"href":"https:\/\/www.sailcom.ch\/fr\/wp-json\/wp\/v2\/sailcom-capability?post=37850"},{"taxonomy":"sailcom-location","embeddable":true,"href":"https:\/\/www.sailcom.ch\/fr\/wp-json\/wp\/v2\/sailcom-location?post=37850"},{"taxonomy":"sailcom-event-type","embeddable":true,"href":"https:\/\/www.sailcom.ch\/fr\/wp-json\/wp\/v2\/sailcom-event-type?post=37850"},{"taxonomy":"sailcom-boat-type","embeddable":true,"href":"https:\/\/www.sailcom.ch\/fr\/wp-json\/wp\/v2\/sailcom-boat-type?post=37850"}],"curies":[{"name":"wp","href":"https:\/\/api.w.org\/{rel}","templated":true}]}}