{"id":37763,"date":"2026-05-13T08:06:13","date_gmt":"2026-05-13T06:06:13","guid":{"rendered":"https:\/\/www.sailcom.ch\/product\/bavaria-34-cruiser\/"},"modified":"2025-03-28T14:02:30","modified_gmt":"2025-03-28T13:02:30","slug":"bavaria-34-cruiser","status":"publish","type":"product","link":"https:\/\/www.sailcom.ch\/fr\/produit\/bavaria-34-cruiser\/","title":{"rendered":"Bavaria 34 Cruiser"},"content":{"rendered":"<section class=\"section-row -padded-wide--mod-top-only -in-viewport\" data-viewport-offset=\"90%\">\n<div class=\"col-wrapper l-1col module-highlights -max-width-limited\">\n<div class=\"col -centered\">\n<div class=\"content-item module-highlights--slogan paragraph--decreased-width paragraph\">\n<h2>Une promenade dans la mer au bord du lac de Constance :<br \/>\nLe nouveau bateau de croisi\u00e8re SailCom Bavaria 34<\/h2>\n<div class=\"bodytext\">\n<p><strong>Ce voilier moderne et confortable, construit en 2021, t\u2019offre tout ce dont tu as besoin pour des vacances \u00e0 la voile d\u00e9tendues, des sorties en mer le week-end ou des entra\u00eenements de voile instructifs \u2013 et peut-\u00eatre m\u00eame un peu plus<\/strong><\/p>\n<p>Les trois cabines offrent un confort g\u00e9n\u00e9reux pour la taille du yacht, jusqu&#8217;\u00e0 six personnes, et il y a suffisamment de place pour deux autres compagnons de voyage sur la couchette double convertible dans le salon.<br \/>\nLa cuisine enti\u00e8rement \u00e9quip\u00e9e est pr\u00eate pour les aventures culinaires et dispose d&#8217;un r\u00e9frig\u00e9rateur \u00e0 compresseur, d&#8217;une cuisini\u00e8re \u00e0 gaz, d&#8217;un four et de beaucoup d&#8217;espace pour cuisiner.<\/p>\n<p>L&#8217;int\u00e9rieur spacieux, agr\u00e9ablement chauff\u00e9 par le chauffage, est un bon endroit pour profiter confortablement de la navigation, m\u00eame les jours plus frais.<\/p>\n<div class=\"iframe-container\" style=\"float: left; margin: 5px 20px 5px 5px; width: 560px; height: 315px;\"><iframe title=\"Lecteur vid\u00e9o YouTube\" src=\"https:\/\/www.youtube.com\/embed\/6ho6gyvMm_E?si=kphcKPD9OhLj-Vh1\" width=\"560\" height=\"315\" frameborder=\"0\" allowfullscreen=\"allowfullscreen\"><\/iframe><\/div>\n<p>Sur le pont, le bateau offre une grande libert\u00e9 de mouvement \u00e0 l&#8217;\u00e9quipage.<\/p>\n<p>Gr\u00e2ce aux voiles \u00e0 enrouleur qui s&#8217;adaptent en continu aux conditions m\u00e9t\u00e9orologiques et au double poste de pilotage qui permet au barreur ou \u00e0 la barreuse d&#8217;avoir toujours une vue d&#8217;ensemble, il est facile et confortable de naviguer m\u00eame avec un \u00e9quipage r\u00e9duit.<\/p>\n<p>Le cockpit spacieux et la descente sont prot\u00e9g\u00e9s par un bimini et un sprayhood, ce qui te permet de naviguer confortablement m\u00eame par temps changeant.<br \/>\nAvec la radio int\u00e9gr\u00e9e et les haut-parleurs ext\u00e9rieurs, tu peux \u00e9couter ta musique pr\u00e9f\u00e9r\u00e9e pendant que les instruments de navigation modernes et le traceur Raymarine dans la table du cockpit te montrent le chemin de mani\u00e8re fiable.<\/p>\n<p>Un propulseur d&#8217;\u00e9trave t&#8217;aide dans les man\u0153uvres dans le port et facilite ainsi l&#8217;amarrage dans des situations plus exigeantes.<\/p>\n<p>Si tu as d\u00e9j\u00e0 acquis de l&#8217;exp\u00e9rience en mer, tu te sentiras imm\u00e9diatement comme chez toi sur le SailCom Bavaria 34.<br \/>\nElle est \u00e9quip\u00e9e pour la navigation en haute mer et n&#8217;a rien \u00e0 envier \u00e0 ses grandes s\u0153urs sur la mer.<\/p>\n<p>C&#8217;est pourquoi elle est id\u00e9ale pour les formations de skippers et de man\u0153uvres, pour lesquelles il faudrait sinon prendre l&#8217;avion pour aller \u00e0 la mer.<br \/>\nTu trouveras ces formations, si elles sont annonc\u00e9es, sous \u00ab Events \u00bb sur le site de SailCom.<\/p>\n<p>La participation \u00e0 une telle formation comprend \u00e9galement une formation approfondie sur le Bavaria 34, <strong>ce qui est fortement recommand\u00e9 pour ce bateau.<\/strong><\/p>\n<p><strong>Tu peux toutefois les r\u00e9server d\u00e8s maintenant et convenir d&#8217;une introduction individuelle avec l&#8217;\u00e9quipe du bateau, m\u00eame avant ta croisi\u00e8re.<\/strong><\/p>\n<\/div>\n<\/div>\n<\/div>\n<\/div>\n<\/section>","protected":false},"excerpt":{"rendered":"<p><strong>Tarif pour 5 jours : 1380 francs (20% sur le tarif journalier annonc\u00e9 en semaine) <\/strong><\/p>\n<p><strong>Tarif 7 jours : 1930 francs (20% sur le tarif journalier annonc\u00e9 en semaine) <\/strong><\/p>\n<p>Les jours suppl\u00e9mentaires sont factur\u00e9s au tarif journalier.<\/p>\n","protected":false},"author":2,"featured_media":45070,"template":"","meta":{"_acf_changed":false,"publish_to_discourse":"","publish_post_category":"","wpdc_auto_publish_overridden":"","wpdc_topic_tags":"","wpdc_pin_topic":"","wpdc_pin_until":"","discourse_post_id":"","discourse_permalink":"","wpdc_publishing_response":"","wpdc_publishing_error":""},"product_brand":[],"product_cat":[455,456],"product_tag":[],"sailcom-capability":[],"sailcom-location":[339],"sailcom-event-type":[],"sailcom-boat-type":[368],"class_list":{"0":"post-37763","1":"product","2":"type-product","3":"status-publish","4":"has-post-thumbnail","6":"product_cat-boat-fr","7":"product_cat-cruiser-a-fr","8":"sailcom-location-bodensee","9":"sailcom-boat-type-cruiser-a","11":"first","12":"instock","13":"taxable","14":"shipping-taxable","15":"product-type-redq_rental"},"acf":[],"_links":{"self":[{"href":"https:\/\/www.sailcom.ch\/fr\/wp-json\/wp\/v2\/product\/37763","targetHints":{"allow":["GET"]}}],"collection":[{"href":"https:\/\/www.sailcom.ch\/fr\/wp-json\/wp\/v2\/product"}],"about":[{"href":"https:\/\/www.sailcom.ch\/fr\/wp-json\/wp\/v2\/types\/product"}],"author":[{"embeddable":true,"href":"https:\/\/www.sailcom.ch\/fr\/wp-json\/wp\/v2\/users\/2"}],"wp:featuredmedia":[{"embeddable":true,"href":"https:\/\/www.sailcom.ch\/fr\/wp-json\/wp\/v2\/media\/45070"}],"wp:attachment":[{"href":"https:\/\/www.sailcom.ch\/fr\/wp-json\/wp\/v2\/media?parent=37763"}],"wp:term":[{"taxonomy":"product_brand","embeddable":true,"href":"https:\/\/www.sailcom.ch\/fr\/wp-json\/wp\/v2\/product_brand?post=37763"},{"taxonomy":"product_cat","embeddable":true,"href":"https:\/\/www.sailcom.ch\/fr\/wp-json\/wp\/v2\/product_cat?post=37763"},{"taxonomy":"product_tag","embeddable":true,"href":"https:\/\/www.sailcom.ch\/fr\/wp-json\/wp\/v2\/product_tag?post=37763"},{"taxonomy":"sailcom-capability","embeddable":true,"href":"https:\/\/www.sailcom.ch\/fr\/wp-json\/wp\/v2\/sailcom-capability?post=37763"},{"taxonomy":"sailcom-location","embeddable":true,"href":"https:\/\/www.sailcom.ch\/fr\/wp-json\/wp\/v2\/sailcom-location?post=37763"},{"taxonomy":"sailcom-event-type","embeddable":true,"href":"https:\/\/www.sailcom.ch\/fr\/wp-json\/wp\/v2\/sailcom-event-type?post=37763"},{"taxonomy":"sailcom-boat-type","embeddable":true,"href":"https:\/\/www.sailcom.ch\/fr\/wp-json\/wp\/v2\/sailcom-boat-type?post=37763"}],"curies":[{"name":"wp","href":"https:\/\/api.w.org\/{rel}","templated":true}]}}