{"id":37572,"date":"2024-08-20T20:12:34","date_gmt":"2024-08-20T18:12:34","guid":{"rendered":"https:\/\/www.sailcom.ch\/product\/product\/"},"modified":"2024-08-30T08:05:47","modified_gmt":"2024-08-30T06:05:47","slug":"event_37572","status":"publish","type":"product","link":"https:\/\/www.sailcom.ch\/fr\/produit\/event_37572\/","title":{"rendered":"Dufour 310 Einweisung\/Refresher\/Plauschsegeln Initiation\/Refresher\/Sortie en voile"},"content":{"rendered":"","protected":false},"excerpt":{"rendered":"<p>Einweisung\/Refresher: f\u00fcr Marius und Fabienne plus 2 weitere SC &#8211; Mitglieder: Kennenlernen des Bootes, Ausstattung, Reffsystem, Hafenman\u00f6ver. Anschliessend Plauschsegeln mit Mittagslunch an Bord<br \/>\nTreffpunkt: Dufour 310,  Hafen Ouchy, Quai Nord, Platz 8<br \/>\nMitnehmen: Segelkleidung gem\u00e4ss Meteo, Mittagslunch<br \/>\nBedingung: A -Schein<br \/>\nKosten: CHF 80.- bis CHF 100.- , je nach Anzahl Teilnehmer*innen, TWINT oder bar<br \/>\nBei sehr schlechtem Wetter wird der Anlass abgesagt (info am Sonntag)<\/p>\n<p>Initiation\/Refresher pour Marius et Fabienne et en plus 2 membres de SC: Faire connaissance avec le bateau,  son \u00e9quipement, man\u0153uvre dans le port, le syst\u00e8me de ris. ensuite sortie en voile avec d\u00e9jeuner de midi \u00e0 bord.<br \/>\nPoint de rencontre: Dufour 310, port d&#039;Ouchy, quai nord , place 8<br \/>\nEmmener: V\u00eatements selon m\u00e9t\u00e9o, \u00e0 boire et manger pour le lunch<br \/>\nCondition: Permis A<br \/>\nFrais: CHF 80.- jusqu&#039;\u00e0 100.- , selon nombres de personnes,  \u00e0 payer avec TWINT ou cash<br \/>\nQuand il fait tr\u00e8s mauvais temps l&#039;\u00e9v\u00e8nement sera annul\u00e9 (info le dimanche)<\/p>\n","protected":false},"author":2755,"featured_media":23729,"template":"","meta":{"_acf_changed":false,"publish_to_discourse":"","publish_post_category":"","wpdc_auto_publish_overridden":"","wpdc_topic_tags":"","wpdc_pin_topic":"","wpdc_pin_until":"","discourse_post_id":"","discourse_permalink":"","wpdc_publishing_response":"","wpdc_publishing_error":""},"product_brand":[],"product_cat":[15],"product_tag":[],"sailcom-capability":[],"sailcom-location":[340],"sailcom-event-type":[373],"sailcom-boat-type":[],"class_list":{"0":"post-37572","1":"product","2":"type-product","3":"status-publish","4":"has-post-thumbnail","6":"product_cat-uncategorised","7":"sailcom-location-genfersee","8":"sailcom-event-type-einweisungen","10":"first","11":"outofstock","12":"taxable","13":"shipping-taxable","14":"product-type-sc_event"},"acf":[],"_links":{"self":[{"href":"https:\/\/www.sailcom.ch\/fr\/wp-json\/wp\/v2\/product\/37572","targetHints":{"allow":["GET"]}}],"collection":[{"href":"https:\/\/www.sailcom.ch\/fr\/wp-json\/wp\/v2\/product"}],"about":[{"href":"https:\/\/www.sailcom.ch\/fr\/wp-json\/wp\/v2\/types\/product"}],"author":[{"embeddable":true,"href":"https:\/\/www.sailcom.ch\/fr\/wp-json\/wp\/v2\/users\/2755"}],"wp:featuredmedia":[{"embeddable":true,"href":"https:\/\/www.sailcom.ch\/fr\/wp-json\/wp\/v2\/media\/23729"}],"wp:attachment":[{"href":"https:\/\/www.sailcom.ch\/fr\/wp-json\/wp\/v2\/media?parent=37572"}],"wp:term":[{"taxonomy":"product_brand","embeddable":true,"href":"https:\/\/www.sailcom.ch\/fr\/wp-json\/wp\/v2\/product_brand?post=37572"},{"taxonomy":"product_cat","embeddable":true,"href":"https:\/\/www.sailcom.ch\/fr\/wp-json\/wp\/v2\/product_cat?post=37572"},{"taxonomy":"product_tag","embeddable":true,"href":"https:\/\/www.sailcom.ch\/fr\/wp-json\/wp\/v2\/product_tag?post=37572"},{"taxonomy":"sailcom-capability","embeddable":true,"href":"https:\/\/www.sailcom.ch\/fr\/wp-json\/wp\/v2\/sailcom-capability?post=37572"},{"taxonomy":"sailcom-location","embeddable":true,"href":"https:\/\/www.sailcom.ch\/fr\/wp-json\/wp\/v2\/sailcom-location?post=37572"},{"taxonomy":"sailcom-event-type","embeddable":true,"href":"https:\/\/www.sailcom.ch\/fr\/wp-json\/wp\/v2\/sailcom-event-type?post=37572"},{"taxonomy":"sailcom-boat-type","embeddable":true,"href":"https:\/\/www.sailcom.ch\/fr\/wp-json\/wp\/v2\/sailcom-boat-type?post=37572"}],"curies":[{"name":"wp","href":"https:\/\/api.w.org\/{rel}","templated":true}]}}