{"id":36433,"date":"2024-07-29T10:28:33","date_gmt":"2024-07-29T08:28:33","guid":{"rendered":"https:\/\/www.sailcom.ch\/product\/product\/"},"modified":"2024-07-31T08:06:28","modified_gmt":"2024-07-31T06:06:28","slug":"event_36433","status":"publish","type":"product","link":"https:\/\/www.sailcom.ch\/fr\/produit\/event_36433\/","title":{"rendered":"Aufbau Infostand Windweek in Brunnen"},"content":{"rendered":"","protected":false},"excerpt":{"rendered":"<p>Sammle ein paar B-Status Stunden bei der Mithilfe beim Aufbau des Infostandes an der Windweek in Brunnen. Wir m\u00fcssen das Standzelt und Theke aufbauen, sowie den Stand einrichten und windsicher machen. Die Windweek \u00f6ffnet ihre Tore an diesem Abend ab 18 Uhr f\u00fcr die Besucher, warum nicht beides verbinden?<\/p>\n","protected":false},"author":2744,"featured_media":0,"template":"","meta":{"_acf_changed":false,"publish_to_discourse":"","publish_post_category":"","wpdc_auto_publish_overridden":"","wpdc_topic_tags":"","wpdc_pin_topic":"","wpdc_pin_until":"","discourse_post_id":"","discourse_permalink":"","wpdc_publishing_response":"","wpdc_publishing_error":""},"product_brand":[],"product_cat":[15],"product_tag":[],"sailcom-capability":[],"sailcom-location":[345],"sailcom-event-type":[380],"sailcom-boat-type":[],"class_list":{"0":"post-36433","1":"product","2":"type-product","3":"status-publish","5":"product_cat-uncategorised","6":"sailcom-location-vierwaldstattersee-location","7":"sailcom-event-type-maintenance","9":"first","10":"outofstock","11":"taxable","12":"shipping-taxable","13":"product-type-sc_event"},"acf":[],"_links":{"self":[{"href":"https:\/\/www.sailcom.ch\/fr\/wp-json\/wp\/v2\/product\/36433","targetHints":{"allow":["GET"]}}],"collection":[{"href":"https:\/\/www.sailcom.ch\/fr\/wp-json\/wp\/v2\/product"}],"about":[{"href":"https:\/\/www.sailcom.ch\/fr\/wp-json\/wp\/v2\/types\/product"}],"author":[{"embeddable":true,"href":"https:\/\/www.sailcom.ch\/fr\/wp-json\/wp\/v2\/users\/2744"}],"wp:attachment":[{"href":"https:\/\/www.sailcom.ch\/fr\/wp-json\/wp\/v2\/media?parent=36433"}],"wp:term":[{"taxonomy":"product_brand","embeddable":true,"href":"https:\/\/www.sailcom.ch\/fr\/wp-json\/wp\/v2\/product_brand?post=36433"},{"taxonomy":"product_cat","embeddable":true,"href":"https:\/\/www.sailcom.ch\/fr\/wp-json\/wp\/v2\/product_cat?post=36433"},{"taxonomy":"product_tag","embeddable":true,"href":"https:\/\/www.sailcom.ch\/fr\/wp-json\/wp\/v2\/product_tag?post=36433"},{"taxonomy":"sailcom-capability","embeddable":true,"href":"https:\/\/www.sailcom.ch\/fr\/wp-json\/wp\/v2\/sailcom-capability?post=36433"},{"taxonomy":"sailcom-location","embeddable":true,"href":"https:\/\/www.sailcom.ch\/fr\/wp-json\/wp\/v2\/sailcom-location?post=36433"},{"taxonomy":"sailcom-event-type","embeddable":true,"href":"https:\/\/www.sailcom.ch\/fr\/wp-json\/wp\/v2\/sailcom-event-type?post=36433"},{"taxonomy":"sailcom-boat-type","embeddable":true,"href":"https:\/\/www.sailcom.ch\/fr\/wp-json\/wp\/v2\/sailcom-boat-type?post=36433"}],"curies":[{"name":"wp","href":"https:\/\/api.w.org\/{rel}","templated":true}]}}