{"id":34554,"date":"2024-06-28T12:30:08","date_gmt":"2024-06-28T10:30:08","guid":{"rendered":"https:\/\/www.sailcom.ch\/product\/product\/"},"modified":"2024-11-07T13:46:04","modified_gmt":"2024-11-07T12:46:04","slug":"event_34554","status":"publish","type":"product","link":"https:\/\/www.sailcom.ch\/fr\/produit\/event_34554\/","title":{"rendered":"SailCom-Regatta, Second Edition: Mitsegeln auf einer SCRG Yngling"},"content":{"rendered":"","protected":false},"excerpt":{"rendered":"<p>Auch dieses Jahr soll eine interne Regatta von Sailcom und SailCom Racegroup in Z\u00fcrich stattfinden. Wir m\u00f6chten dieses Jahr etwas fr\u00fcher starten, die genauen Zeiten werden noch bekannt gegeben<\/p>\n<p>Prov. Programm:<br \/>\nBoote bereitmachen: 9:00 Uhr<br \/>\nSkippermeeting: 10:00 Uhr<br \/>\nStart: 11:00 Uhr<\/p>\n<p>Bitte meldet Euch f\u00fcr das Nachtessen hier separat an, damit wir wissen, wieviel wir bestellen m\u00fcssen.<\/p>\n","protected":false},"author":6,"featured_media":1567,"template":"","meta":{"_acf_changed":false,"publish_to_discourse":"","publish_post_category":"","wpdc_auto_publish_overridden":"","wpdc_topic_tags":"","wpdc_pin_topic":"","wpdc_pin_until":"","discourse_post_id":"","discourse_permalink":"","wpdc_publishing_response":"","wpdc_publishing_error":""},"product_brand":[],"product_cat":[15],"product_tag":[],"sailcom-capability":[],"sailcom-location":[348],"sailcom-event-type":[377],"sailcom-boat-type":[],"class_list":{"0":"post-34554","1":"product","2":"type-product","3":"status-publish","4":"has-post-thumbnail","6":"product_cat-uncategorised","7":"sailcom-location-zurichsee","8":"sailcom-event-type-regatta-training","10":"first","11":"instock","12":"taxable","13":"shipping-taxable","14":"product-type-sc_event"},"acf":[],"_links":{"self":[{"href":"https:\/\/www.sailcom.ch\/fr\/wp-json\/wp\/v2\/product\/34554","targetHints":{"allow":["GET"]}}],"collection":[{"href":"https:\/\/www.sailcom.ch\/fr\/wp-json\/wp\/v2\/product"}],"about":[{"href":"https:\/\/www.sailcom.ch\/fr\/wp-json\/wp\/v2\/types\/product"}],"author":[{"embeddable":true,"href":"https:\/\/www.sailcom.ch\/fr\/wp-json\/wp\/v2\/users\/6"}],"wp:featuredmedia":[{"embeddable":true,"href":"https:\/\/www.sailcom.ch\/fr\/wp-json\/wp\/v2\/media\/1567"}],"wp:attachment":[{"href":"https:\/\/www.sailcom.ch\/fr\/wp-json\/wp\/v2\/media?parent=34554"}],"wp:term":[{"taxonomy":"product_brand","embeddable":true,"href":"https:\/\/www.sailcom.ch\/fr\/wp-json\/wp\/v2\/product_brand?post=34554"},{"taxonomy":"product_cat","embeddable":true,"href":"https:\/\/www.sailcom.ch\/fr\/wp-json\/wp\/v2\/product_cat?post=34554"},{"taxonomy":"product_tag","embeddable":true,"href":"https:\/\/www.sailcom.ch\/fr\/wp-json\/wp\/v2\/product_tag?post=34554"},{"taxonomy":"sailcom-capability","embeddable":true,"href":"https:\/\/www.sailcom.ch\/fr\/wp-json\/wp\/v2\/sailcom-capability?post=34554"},{"taxonomy":"sailcom-location","embeddable":true,"href":"https:\/\/www.sailcom.ch\/fr\/wp-json\/wp\/v2\/sailcom-location?post=34554"},{"taxonomy":"sailcom-event-type","embeddable":true,"href":"https:\/\/www.sailcom.ch\/fr\/wp-json\/wp\/v2\/sailcom-event-type?post=34554"},{"taxonomy":"sailcom-boat-type","embeddable":true,"href":"https:\/\/www.sailcom.ch\/fr\/wp-json\/wp\/v2\/sailcom-boat-type?post=34554"}],"curies":[{"name":"wp","href":"https:\/\/api.w.org\/{rel}","templated":true}]}}