{"id":29851,"date":"2024-04-18T13:54:24","date_gmt":"2024-04-18T11:54:24","guid":{"rendered":"https:\/\/www.sailcom.ch\/product\/product\/"},"modified":"2024-04-25T20:09:44","modified_gmt":"2024-04-25T18:09:44","slug":"event_29851","status":"publish","type":"product","link":"https:\/\/www.sailcom.ch\/fr\/produit\/event_29851\/","title":{"rendered":"Umzug SailCom Archiv von Baar nach Perlen"},"content":{"rendered":"","protected":false},"excerpt":{"rendered":"<p>Ich bin auf der Suche nach zwei Personen die mir helfen k\u00f6nnten, unser Archiv der SailCom von einem Lager in Baar (Glencore) in ein Lager in Perlen zu transportieren. Im absoluten Idealfall h\u00e4tte jemand von Euch auch noch ein B\u00fcssli, aber das kann ich sonst organisieren. F\u00fcr Speis und Trank sorge ich, es sind haupts\u00e4chlich Kisten, beide Lagerorte sind barrierefrei ohne Treppen zug\u00e4nglich. Wenn Ihr Fragen habt d\u00fcrft Ihr Euch gerne unter tina.meseck@sailcom.ch melden.<br \/>\nSelbstverst\u00e4ndlich werden die Stunden f\u00fcr B-Status Mitglieder angerechnet.<\/p>\n","protected":false},"author":4,"featured_media":0,"template":"","meta":{"_acf_changed":false,"publish_to_discourse":"","publish_post_category":"","wpdc_auto_publish_overridden":"","wpdc_topic_tags":"","wpdc_pin_topic":"","wpdc_pin_until":"","discourse_post_id":"","discourse_permalink":"","wpdc_publishing_response":"","wpdc_publishing_error":""},"product_brand":[],"product_cat":[15],"product_tag":[],"sailcom-capability":[],"sailcom-location":[345,349],"sailcom-event-type":[371,380],"sailcom-boat-type":[],"class_list":{"0":"post-29851","1":"product","2":"type-product","3":"status-publish","5":"product_cat-uncategorised","6":"sailcom-location-vierwaldstattersee-location","7":"sailcom-location-zugersee","8":"sailcom-event-type-events-an-land","9":"sailcom-event-type-maintenance","11":"first","12":"outofstock","13":"taxable","14":"shipping-taxable","15":"product-type-sc_event"},"acf":[],"_links":{"self":[{"href":"https:\/\/www.sailcom.ch\/fr\/wp-json\/wp\/v2\/product\/29851","targetHints":{"allow":["GET"]}}],"collection":[{"href":"https:\/\/www.sailcom.ch\/fr\/wp-json\/wp\/v2\/product"}],"about":[{"href":"https:\/\/www.sailcom.ch\/fr\/wp-json\/wp\/v2\/types\/product"}],"author":[{"embeddable":true,"href":"https:\/\/www.sailcom.ch\/fr\/wp-json\/wp\/v2\/users\/4"}],"wp:attachment":[{"href":"https:\/\/www.sailcom.ch\/fr\/wp-json\/wp\/v2\/media?parent=29851"}],"wp:term":[{"taxonomy":"product_brand","embeddable":true,"href":"https:\/\/www.sailcom.ch\/fr\/wp-json\/wp\/v2\/product_brand?post=29851"},{"taxonomy":"product_cat","embeddable":true,"href":"https:\/\/www.sailcom.ch\/fr\/wp-json\/wp\/v2\/product_cat?post=29851"},{"taxonomy":"product_tag","embeddable":true,"href":"https:\/\/www.sailcom.ch\/fr\/wp-json\/wp\/v2\/product_tag?post=29851"},{"taxonomy":"sailcom-capability","embeddable":true,"href":"https:\/\/www.sailcom.ch\/fr\/wp-json\/wp\/v2\/sailcom-capability?post=29851"},{"taxonomy":"sailcom-location","embeddable":true,"href":"https:\/\/www.sailcom.ch\/fr\/wp-json\/wp\/v2\/sailcom-location?post=29851"},{"taxonomy":"sailcom-event-type","embeddable":true,"href":"https:\/\/www.sailcom.ch\/fr\/wp-json\/wp\/v2\/sailcom-event-type?post=29851"},{"taxonomy":"sailcom-boat-type","embeddable":true,"href":"https:\/\/www.sailcom.ch\/fr\/wp-json\/wp\/v2\/sailcom-boat-type?post=29851"}],"curies":[{"name":"wp","href":"https:\/\/api.w.org\/{rel}","templated":true}]}}