{"id":29812,"date":"2024-04-17T11:15:48","date_gmt":"2024-04-17T09:15:48","guid":{"rendered":"https:\/\/www.sailcom.ch\/product\/product\/"},"modified":"2024-05-08T07:20:08","modified_gmt":"2024-05-08T05:20:08","slug":"event_29812","status":"publish","type":"product","link":"https:\/\/www.sailcom.ch\/fr\/produit\/event_29812\/","title":{"rendered":"Regatta Training im Rahmen des &quot;7 o&#039;clock race&quot;. Eine wunderbare Gelegenheit um das Regatta Segeln ohne Druck zu erleben und evtl. lieben zu lernen."},"content":{"rendered":"","protected":false},"excerpt":{"rendered":"<p>Regatta Training im Rahmen des &quot;7 o&#039;clock race&quot;. Eine wunderbare Gelegenheit um das Regatta Segeln ohne Druck zu erleben und evtl. lieben zu lernen.<\/p>\n<p>Der Fokus liegt auf Sicherheit, Freude am Segeln und gegenseitigen Respekt innerhalb und ausserhalb der Crew.<\/p>\n<p>Wir treffen uns um 16:00 am Schiff (genauer Standort im Z\u00fcrich Seebecken wird rechtzeitig bekanntgegeben). 16:00 bis 18:00 gew\u00f6hnen wir uns an das Schiff und lernen uns gegenseitig kennen und sch\u00e4tzen. Alle Man\u00f6ver werden gemeinsam besprochen, erkl\u00e4rt, gezeigt und ge\u00fcbt. Jeder \u00fcbernimmt einmal jede Aufgabe (Gennaker, Vorsegel, Grossegel, Pinne).<\/p>\n<p>Von 18:00 bis 18:30 g\u00f6nnen wir uns eine Pause, mal \u00fcber etwas anderes als Regatta reden, &#8230;<\/p>\n<p>18:30 bereiten wir uns auf den Start &#8230;<\/p>\n<p>Im Anschluss an die Regatta gibt es noch ein gem\u00fctliches Beisammensein im Segelclub. (Vorher oder nachher muss das Schiff noch versorgt werden) Bier wird vom Club offeriert und zum Grillieren darf man selber gerne mitbringen und \u00fcber dem Feuer zubereiten. Bei einem Getr\u00e4nk k\u00f6nnen wir miteinander und mit den anderen Crews das Erlebte noch einmal &quot;verarbeiten&quot;.<\/p>\n<p>Der Event findet ab 2 Anmeldungen statt, maximal \/ optimal 4.<\/p>\n<p>Weitere Infos oder Kontakt zu mir +41 78 672 25 70 oder robin@segelschule-namaste.ch<\/p>\n","protected":false},"author":3557,"featured_media":0,"template":"","meta":{"_acf_changed":false,"publish_to_discourse":"","publish_post_category":"","wpdc_auto_publish_overridden":"","wpdc_topic_tags":"","wpdc_pin_topic":"","wpdc_pin_until":"","discourse_post_id":"","discourse_permalink":"","wpdc_publishing_response":"","wpdc_publishing_error":""},"product_brand":[],"product_cat":[15],"product_tag":[],"sailcom-capability":[],"sailcom-location":[348],"sailcom-event-type":[378,377,379],"sailcom-boat-type":[],"class_list":{"0":"post-29812","1":"product","2":"type-product","3":"status-publish","5":"product_cat-uncategorised","6":"sailcom-location-zurichsee","7":"sailcom-event-type-genisegeln","8":"sailcom-event-type-regatta-training","9":"sailcom-event-type-spisegeln","11":"first","12":"instock","13":"taxable","14":"shipping-taxable","15":"product-type-sc_event"},"acf":[],"_links":{"self":[{"href":"https:\/\/www.sailcom.ch\/fr\/wp-json\/wp\/v2\/product\/29812","targetHints":{"allow":["GET"]}}],"collection":[{"href":"https:\/\/www.sailcom.ch\/fr\/wp-json\/wp\/v2\/product"}],"about":[{"href":"https:\/\/www.sailcom.ch\/fr\/wp-json\/wp\/v2\/types\/product"}],"author":[{"embeddable":true,"href":"https:\/\/www.sailcom.ch\/fr\/wp-json\/wp\/v2\/users\/3557"}],"wp:attachment":[{"href":"https:\/\/www.sailcom.ch\/fr\/wp-json\/wp\/v2\/media?parent=29812"}],"wp:term":[{"taxonomy":"product_brand","embeddable":true,"href":"https:\/\/www.sailcom.ch\/fr\/wp-json\/wp\/v2\/product_brand?post=29812"},{"taxonomy":"product_cat","embeddable":true,"href":"https:\/\/www.sailcom.ch\/fr\/wp-json\/wp\/v2\/product_cat?post=29812"},{"taxonomy":"product_tag","embeddable":true,"href":"https:\/\/www.sailcom.ch\/fr\/wp-json\/wp\/v2\/product_tag?post=29812"},{"taxonomy":"sailcom-capability","embeddable":true,"href":"https:\/\/www.sailcom.ch\/fr\/wp-json\/wp\/v2\/sailcom-capability?post=29812"},{"taxonomy":"sailcom-location","embeddable":true,"href":"https:\/\/www.sailcom.ch\/fr\/wp-json\/wp\/v2\/sailcom-location?post=29812"},{"taxonomy":"sailcom-event-type","embeddable":true,"href":"https:\/\/www.sailcom.ch\/fr\/wp-json\/wp\/v2\/sailcom-event-type?post=29812"},{"taxonomy":"sailcom-boat-type","embeddable":true,"href":"https:\/\/www.sailcom.ch\/fr\/wp-json\/wp\/v2\/sailcom-boat-type?post=29812"}],"curies":[{"name":"wp","href":"https:\/\/api.w.org\/{rel}","templated":true}]}}