{"id":26769,"date":"2024-02-24T14:57:53","date_gmt":"2024-02-24T13:57:53","guid":{"rendered":"https:\/\/www.sailcom.ch\/product\/product\/"},"modified":"2024-03-19T20:24:24","modified_gmt":"2024-03-19T19:24:24","slug":"event_26769","status":"publish","type":"product","link":"https:\/\/www.sailcom.ch\/fr\/produit\/event_26769\/","title":{"rendered":"Segelgrundkurs"},"content":{"rendered":"","protected":false},"excerpt":{"rendered":"<p>Der Segelgrundkurs ist eine systematische und praxisorientierte Einf\u00fchrung in den Segelsport. Wir \u00fcben u.a. Segel setzen und bergen, Steuern der Kurse zum Wind, Anluven und Abfallen, Trimmen, Wenden und Halsen, Aufkreuzen, Reffen, Beidrehen, Ablegen und Anlegen. Alle Schritte werden instruiert, demonstriert und intensiv ge\u00fcbt. Wir schauen uns auch die Risiken an, damit du sicher auf dem Wasser unterwegs bist. Die Veranstaltung wird ab 2 Teilnehmer und g\u00fcnstigen Wetterbedingungen durchgef\u00fchrt. Der Segelgrundkurs ist f\u00fcr Einsteiger und Fortgeschrittene geeignet. Auch Nicht-Mitglieder sind herzlich willkommen! Treffpunkt bei der J70 am Steg.<\/p>\n","protected":false},"author":1993,"featured_media":1533,"template":"","meta":{"_acf_changed":false,"publish_to_discourse":"","publish_post_category":"","wpdc_auto_publish_overridden":"","wpdc_topic_tags":"","wpdc_pin_topic":"","wpdc_pin_until":"","discourse_post_id":"","discourse_permalink":"","wpdc_publishing_response":"","wpdc_publishing_error":""},"product_brand":[],"product_cat":[15],"product_tag":[],"sailcom-capability":[],"sailcom-location":[341],"sailcom-event-type":[374],"sailcom-boat-type":[],"class_list":{"0":"post-26769","1":"product","2":"type-product","3":"status-publish","4":"has-post-thumbnail","6":"product_cat-uncategorised","7":"sailcom-location-greifensee","8":"sailcom-event-type-skippertraining","10":"first","11":"instock","12":"taxable","13":"shipping-taxable","14":"product-type-sc_event"},"acf":[],"_links":{"self":[{"href":"https:\/\/www.sailcom.ch\/fr\/wp-json\/wp\/v2\/product\/26769","targetHints":{"allow":["GET"]}}],"collection":[{"href":"https:\/\/www.sailcom.ch\/fr\/wp-json\/wp\/v2\/product"}],"about":[{"href":"https:\/\/www.sailcom.ch\/fr\/wp-json\/wp\/v2\/types\/product"}],"author":[{"embeddable":true,"href":"https:\/\/www.sailcom.ch\/fr\/wp-json\/wp\/v2\/users\/1993"}],"wp:featuredmedia":[{"embeddable":true,"href":"https:\/\/www.sailcom.ch\/fr\/wp-json\/wp\/v2\/media\/1533"}],"wp:attachment":[{"href":"https:\/\/www.sailcom.ch\/fr\/wp-json\/wp\/v2\/media?parent=26769"}],"wp:term":[{"taxonomy":"product_brand","embeddable":true,"href":"https:\/\/www.sailcom.ch\/fr\/wp-json\/wp\/v2\/product_brand?post=26769"},{"taxonomy":"product_cat","embeddable":true,"href":"https:\/\/www.sailcom.ch\/fr\/wp-json\/wp\/v2\/product_cat?post=26769"},{"taxonomy":"product_tag","embeddable":true,"href":"https:\/\/www.sailcom.ch\/fr\/wp-json\/wp\/v2\/product_tag?post=26769"},{"taxonomy":"sailcom-capability","embeddable":true,"href":"https:\/\/www.sailcom.ch\/fr\/wp-json\/wp\/v2\/sailcom-capability?post=26769"},{"taxonomy":"sailcom-location","embeddable":true,"href":"https:\/\/www.sailcom.ch\/fr\/wp-json\/wp\/v2\/sailcom-location?post=26769"},{"taxonomy":"sailcom-event-type","embeddable":true,"href":"https:\/\/www.sailcom.ch\/fr\/wp-json\/wp\/v2\/sailcom-event-type?post=26769"},{"taxonomy":"sailcom-boat-type","embeddable":true,"href":"https:\/\/www.sailcom.ch\/fr\/wp-json\/wp\/v2\/sailcom-boat-type?post=26769"}],"curies":[{"name":"wp","href":"https:\/\/api.w.org\/{rel}","templated":true}]}}