{"id":16713,"date":"2023-09-29T14:03:11","date_gmt":"2023-09-29T12:03:11","guid":{"rendered":"https:\/\/www.sailcom.ch\/product\/product\/"},"modified":"2023-12-30T22:53:50","modified_gmt":"2023-12-30T21:53:50","slug":"event_16713","status":"publish","type":"product","link":"https:\/\/www.sailcom.ch\/fr\/produit\/event_16713\/","title":{"rendered":"Blutwurstfahrt \u2013 Ruedi s Sif Schmerikon"},"content":{"rendered":"","protected":false},"excerpt":{"rendered":"<p>Unsere legend\u00e4re Blutwurstfahrt findet dieses Jahr wieder statt. Wir segeln auf dem Obersee von Schmerikon bis zum Flugplatz Wangen SZ und geniessen in der Flugibeiz die legend\u00e4ren Blutw\u00fcrste.<br \/>\nDiejenigen die keine Blutw\u00fcrste m\u00f6gen, k\u00f6nnen auch andere Leckereien essen. Kosten f\u00fcr Essen bezahlt jeder Teilnehmer selber.<br \/>\nR\u00fcckfahrt je nach Wind, unter Segel oder Motor zur\u00fcck zum Hafen in Schmerikon.<br \/>\nBei schlechter Witterung behalten wir uns vor, den Anlass zu verschieben.<br \/>\nKomm mit und geniesse einen einmaligen Abend auf dem Obersee.<\/p>\n","protected":false},"author":2671,"featured_media":1591,"template":"","meta":{"_acf_changed":false,"publish_to_discourse":"","publish_post_category":"","wpdc_auto_publish_overridden":"","wpdc_topic_tags":"","wpdc_pin_topic":"","wpdc_pin_until":"","discourse_post_id":"","discourse_permalink":"","wpdc_publishing_response":"","wpdc_publishing_error":""},"product_brand":[],"product_cat":[213],"product_tag":[],"sailcom-capability":[],"sailcom-location":[347],"sailcom-event-type":[364],"sailcom-boat-type":[],"class_list":{"0":"post-16713","1":"product","2":"type-product","3":"status-publish","4":"has-post-thumbnail","6":"product_cat-sail-along","7":"sailcom-location-zurich-obersee","8":"sailcom-event-type-sail-along","10":"first","11":"instock","12":"taxable","13":"shipping-taxable","14":"product-type-sc_event"},"acf":[],"_links":{"self":[{"href":"https:\/\/www.sailcom.ch\/fr\/wp-json\/wp\/v2\/product\/16713","targetHints":{"allow":["GET"]}}],"collection":[{"href":"https:\/\/www.sailcom.ch\/fr\/wp-json\/wp\/v2\/product"}],"about":[{"href":"https:\/\/www.sailcom.ch\/fr\/wp-json\/wp\/v2\/types\/product"}],"author":[{"embeddable":true,"href":"https:\/\/www.sailcom.ch\/fr\/wp-json\/wp\/v2\/users\/2671"}],"wp:featuredmedia":[{"embeddable":true,"href":"https:\/\/www.sailcom.ch\/fr\/wp-json\/wp\/v2\/media\/1591"}],"wp:attachment":[{"href":"https:\/\/www.sailcom.ch\/fr\/wp-json\/wp\/v2\/media?parent=16713"}],"wp:term":[{"taxonomy":"product_brand","embeddable":true,"href":"https:\/\/www.sailcom.ch\/fr\/wp-json\/wp\/v2\/product_brand?post=16713"},{"taxonomy":"product_cat","embeddable":true,"href":"https:\/\/www.sailcom.ch\/fr\/wp-json\/wp\/v2\/product_cat?post=16713"},{"taxonomy":"product_tag","embeddable":true,"href":"https:\/\/www.sailcom.ch\/fr\/wp-json\/wp\/v2\/product_tag?post=16713"},{"taxonomy":"sailcom-capability","embeddable":true,"href":"https:\/\/www.sailcom.ch\/fr\/wp-json\/wp\/v2\/sailcom-capability?post=16713"},{"taxonomy":"sailcom-location","embeddable":true,"href":"https:\/\/www.sailcom.ch\/fr\/wp-json\/wp\/v2\/sailcom-location?post=16713"},{"taxonomy":"sailcom-event-type","embeddable":true,"href":"https:\/\/www.sailcom.ch\/fr\/wp-json\/wp\/v2\/sailcom-event-type?post=16713"},{"taxonomy":"sailcom-boat-type","embeddable":true,"href":"https:\/\/www.sailcom.ch\/fr\/wp-json\/wp\/v2\/sailcom-boat-type?post=16713"}],"curies":[{"name":"wp","href":"https:\/\/api.w.org\/{rel}","templated":true}]}}