{"id":1553,"date":"2023-09-13T16:00:17","date_gmt":"2023-09-13T14:00:17","guid":{"rendered":"https:\/\/www.sailcom.ch\/?post_type=product&#038;p=1553"},"modified":"2026-01-21T15:15:23","modified_gmt":"2026-01-21T14:15:23","slug":"sirius","status":"publish","type":"product","link":"https:\/\/www.sailcom.ch\/fr\/produit\/sirius\/","title":{"rendered":"Flying Cruiser (Sirius)"},"content":{"rendered":"<p><strong>Die Flying Cruiser &#8220;Sirius&#8221; ist das ideale Schiff f\u00fcr den Feierabend oder den kurzen T\u00f6rn mit der Familie.<\/strong><br \/>\nEs ist schnell einsatzbereit, ab Steg direkt zu starten und eignet sich dank der Badeleiter auch f\u00fcr diverse Vergn\u00fcgen.<\/p>\n<p>Im Verh\u00e4ltnis zu Gr\u00f6sse und Gewicht des Schiffes hat die Flying Cruiser F eine relativ grosse Segelfl\u00e4che, was sich bei schwachen Winden positiv bemerkbar macht.<br \/>\nBei starkem und b\u00f6igem Wind kann sowohl die Genua wie das Gross gerefft werden, wodurch auch bei solchen Verh\u00e4ltnissen ein sicheres Segeln m\u00f6glich ist.<br \/>\nDas gut gesch\u00fctzte Cockpit erlaubt die Mitnahme von kleineren Kindern, f\u00fcr die auch in der ger\u00e4umigen Kabine viel Platz vorhanden ist.<\/p>\n<p>Die Flying Cruiser liegt am Steg im Hafen Enge und ist schnell segelfertig. Aussenbordmotor (4-Takt, 5 PS mit Schubpropeller).<br \/>\nEs empfiehlt sich das Handbuch vorg\u00e4ngig zu lesen! Gut geeignet f\u00fcr 2 Erwachsene und 2 Kinder.<\/p>\n<p><strong>Liegeplatz<\/strong>: Hafen Enge &#8211; Steg 4, Platz 34 (Nr. 06 434)<\/p>\n<p><a href=\"https:\/\/www.sailcom.ch\/wp-content\/uploads\/2023\/11\/Handbuch_Sirius_11_23.pdf\">Handbuch_Sirius_11_23<\/a><\/p>\n<p><strong>Mitsegeln und Community:<\/strong><\/p>\n<p>Verbinde Dich mit der <a href=\"https:\/\/chat.whatsapp.com\/BlEK5T98UWK3QRYqlLJOnB\" target=\"_blank\" rel=\"noopener\">SailCommunity auf Whatsapp<\/a> um Crewmitglieder f\u00fcr Deinen T\u00f6rn oder eine Mitsegelgelegenheit zu finden:<\/p>\n<p><img fetchpriority=\"high\" decoding=\"async\" class=\"wp-image-59790 size-medium aligncenter\" style=\"padding-top: 25px;\" src=\"https:\/\/www.sailcom.ch\/wp-content\/uploads\/2026\/01\/20251203_QR-Code_Whatsapp_SailCommunity_640x795-242x300.png\" alt=\"\" width=\"242\" height=\"300\" \/><\/p>","protected":false},"excerpt":{"rendered":"<p>Die Flying Cruiser &#8220;Sirius&#8221; ist das ideale Schiff f\u00fcr den Feierabend oder den kurzen T\u00f6rn mit der Familie. Es ist schnell einsatzbereit, ab Steg direkt zu starten und eignet sich dank der Badeleiter auch f\u00fcr diverse Vergn\u00fcgen. Im Verh\u00e4ltnis zu Gr\u00f6sse und Gewicht des Schiffes hat die Flying Cruiser F eine relativ grosse Segelfl\u00e4che, was [&hellip;]<\/p>\n","protected":false},"author":2,"featured_media":1583,"template":"","meta":{"_acf_changed":false,"publish_to_discourse":"","publish_post_category":"","wpdc_auto_publish_overridden":"","wpdc_topic_tags":"","wpdc_pin_topic":"","wpdc_pin_until":"","discourse_post_id":"","discourse_permalink":"","wpdc_publishing_response":"","wpdc_publishing_error":""},"product_brand":[],"product_cat":[123],"product_tag":[],"sailcom-capability":[],"sailcom-location":[348],"sailcom-event-type":[],"sailcom-boat-type":[366],"class_list":{"0":"post-1553","1":"product","2":"type-product","3":"status-publish","4":"has-post-thumbnail","6":"product_cat-day-easy","7":"sailcom-location-zurichsee","8":"sailcom-boat-type-day-easy","10":"first","11":"instock","12":"taxable","13":"shipping-taxable","14":"product-type-redq_rental"},"acf":[],"_links":{"self":[{"href":"https:\/\/www.sailcom.ch\/fr\/wp-json\/wp\/v2\/product\/1553","targetHints":{"allow":["GET"]}}],"collection":[{"href":"https:\/\/www.sailcom.ch\/fr\/wp-json\/wp\/v2\/product"}],"about":[{"href":"https:\/\/www.sailcom.ch\/fr\/wp-json\/wp\/v2\/types\/product"}],"author":[{"embeddable":true,"href":"https:\/\/www.sailcom.ch\/fr\/wp-json\/wp\/v2\/users\/2"}],"wp:featuredmedia":[{"embeddable":true,"href":"https:\/\/www.sailcom.ch\/fr\/wp-json\/wp\/v2\/media\/1583"}],"wp:attachment":[{"href":"https:\/\/www.sailcom.ch\/fr\/wp-json\/wp\/v2\/media?parent=1553"}],"wp:term":[{"taxonomy":"product_brand","embeddable":true,"href":"https:\/\/www.sailcom.ch\/fr\/wp-json\/wp\/v2\/product_brand?post=1553"},{"taxonomy":"product_cat","embeddable":true,"href":"https:\/\/www.sailcom.ch\/fr\/wp-json\/wp\/v2\/product_cat?post=1553"},{"taxonomy":"product_tag","embeddable":true,"href":"https:\/\/www.sailcom.ch\/fr\/wp-json\/wp\/v2\/product_tag?post=1553"},{"taxonomy":"sailcom-capability","embeddable":true,"href":"https:\/\/www.sailcom.ch\/fr\/wp-json\/wp\/v2\/sailcom-capability?post=1553"},{"taxonomy":"sailcom-location","embeddable":true,"href":"https:\/\/www.sailcom.ch\/fr\/wp-json\/wp\/v2\/sailcom-location?post=1553"},{"taxonomy":"sailcom-event-type","embeddable":true,"href":"https:\/\/www.sailcom.ch\/fr\/wp-json\/wp\/v2\/sailcom-event-type?post=1553"},{"taxonomy":"sailcom-boat-type","embeddable":true,"href":"https:\/\/www.sailcom.ch\/fr\/wp-json\/wp\/v2\/sailcom-boat-type?post=1553"}],"curies":[{"name":"wp","href":"https:\/\/api.w.org\/{rel}","templated":true}]}}