{"id":1544,"date":"2023-09-12T12:00:17","date_gmt":"2023-09-12T10:00:17","guid":{"rendered":"https:\/\/www.sailcom.ch\/?post_type=product&#038;p=1544"},"modified":"2026-04-23T13:12:28","modified_gmt":"2026-04-23T11:12:28","slug":"malin","status":"publish","type":"product","link":"https:\/\/www.sailcom.ch\/fr\/produit\/malin\/","title":{"rendered":"IF-Boot (Malin)"},"content":{"rendered":"<p><strong>Die Malin geh\u00f6rt als <a href=\"https:\/\/de.wikipedia.org\/wiki\/IF-Boot\" target=\"_blank\" rel=\"noopener\">IF-Folkeboot<\/a> zu einer Klasse von Segelbooten mit einer reichen Geschichte.<\/strong><br \/>\n<strong>Diese Boote wurden erstmals in den 1940er Jahren in Schweden von Tord Sunden entworfen und sind seitdem eine beliebte Wahl f\u00fcr Segler auf der ganzen Welt.<\/strong><\/p>\n<p>IF-Folkeboote zeichnen sich grunds\u00e4tzlich durch Stabilit\u00e4t, Zuverl\u00e4ssigkeit und Einfachheit aus.<br \/>\nIhr klassisches Design und ihre ausgewogene Form machen Folkeboote sehr attraktiv und garantieren den einen oder anderen Blick, nicht nur vom Ufer.<\/p>\n<p>Die Malin bietet Platz f\u00fcr eine kleine Crew und ist ideal f\u00fcr Familienausfl\u00fcge oder Freizeitsegeln geeignet.<\/p>\n<p>Dank Lazy-Bag und Lazy-Jacks, einem zweistufigen Reffsystem sowie einer Rollreffanlage f\u00fcr die Genua k\u00f6nnen die Segel sehr einfach und sicher bedient werden.<br \/>\nEin kleiner und ein gro\u00dfer Spinnaker komplettieren schliesslich die Segelausr\u00fcstung.<\/p>\n<p>In der gem\u00fctlichen Kaj\u00fcte der Malin k\u00f6nnen 2-3 Personen bequem \u00fcbernachten, insgesamt gibt es 4 Kojenpl\u00e4tze, allerdings kann es dann etwas eng werden.<\/p>\n<p><strong>Weitere Ausstattung:<\/strong> Pantry f\u00fcr kalte K\u00fcche mit Geschirr, Bechern und Besteck f\u00fcr mind. 8 Personen, mobiler Esstisch und zus\u00e4tzlicher kleiner Cocktailtisch.<\/p>\n<p>Durch den Verzicht auf l\u00e4stige Persenninge und die Ausstattung mit einer Genua-Rollreffanlage mit integriertem UV-Schutz und Lazy-Bag f\u00fcr das Gro\u00dfsegel ist die Malin im Handumdrehen segelklar bzw. wieder versorgt und somit auch f\u00fcr spontane Feierabendt\u00f6rns bestens geeignet.<\/p>\n<p><strong>Liegeplatz<\/strong><\/p>\n<p>Die Haab Erlenbach befindet sich hinter der Kirche an der Seestrasse, ca. 600 m \u00f6stlich vom Bahnhof (Richtung Rapperswil).<br \/>\nDer Zugang f\u00fchrt durch den Friedhof oder \u00fcber den Fussweg vor dem Haus Seestrasse 86.<br \/>\nDas Dinghi ist am Ende der kleinen Mole neben dem Liegeplatz Nr. 36 festgemacht.<br \/>\nDie \u201eMalin\u201c liegt an der ersten Boje nach der Hafenausfahrt.<\/p>\n<p><a href=\"https:\/\/www.meteoblue.com\/de\/wetter\/woche\/erlenbach-zh_schweiz_2660872\">Aktuelles Wetter Erlenbach<\/a><\/p>\n<p><a href=\"\/wp-content\/uploads\/2023\/07\/Malin_Handbuch_V032_komprimiert.pdf\" target=\"_blank\" rel=\"noopener\">Handbuch Malin<\/a><\/p>\n<p><a href=\"\/wp-content\/uploads\/2023\/07\/Malin_Anreise_20220518.pdf\" target=\"_blank\" rel=\"noopener\">Anfahrt<\/a><\/p>\n<p>&nbsp;<br \/>\n<strong>Mitsegeln und Community:<\/strong><\/p>\n<p>Verbinde Dich mit der <a href=\"https:\/\/chat.whatsapp.com\/BlEK5T98UWK3QRYqlLJOnB\" target=\"_blank\" rel=\"noopener\">SailCommunity auf Whatsapp<\/a> um Crewmitglieder f\u00fcr Deinen T\u00f6rn oder eine Mitsegelgelegenheit zu finden:<\/p>\n<p><img fetchpriority=\"high\" decoding=\"async\" class=\"wp-image-59790 size-medium aligncenter\" style=\"padding-top: 25px;\" src=\"https:\/\/www.sailcom.ch\/wp-content\/uploads\/2026\/01\/20251203_QR-Code_Whatsapp_SailCommunity_640x795-242x300.png\" alt=\"\" width=\"242\" height=\"300\" \/><\/p>","protected":false},"excerpt":{"rendered":"<p>Die Malin geh\u00f6rt als IF-Folkeboot zu einer Klasse von Segelbooten mit einer reichen Geschichte. Diese Boote wurden erstmals in den 1940er Jahren in Schweden von Tord Sunden entworfen und sind seitdem eine beliebte Wahl f\u00fcr Segler auf der ganzen Welt. IF-Folkeboote zeichnen sich grunds\u00e4tzlich durch Stabilit\u00e4t, Zuverl\u00e4ssigkeit und Einfachheit aus. Ihr klassisches Design und ihre [&hellip;]<\/p>\n","protected":false},"author":2,"featured_media":1568,"template":"","meta":{"_acf_changed":false,"publish_to_discourse":"","publish_post_category":"","wpdc_auto_publish_overridden":"","wpdc_topic_tags":"","wpdc_pin_topic":"","wpdc_pin_until":"","discourse_post_id":"","discourse_permalink":"","wpdc_publishing_response":"","wpdc_publishing_error":""},"product_brand":[],"product_cat":[123],"product_tag":[],"sailcom-capability":[],"sailcom-location":[348],"sailcom-event-type":[],"sailcom-boat-type":[366],"class_list":{"0":"post-1544","1":"product","2":"type-product","3":"status-publish","4":"has-post-thumbnail","6":"product_cat-day-easy","7":"sailcom-location-zurichsee","8":"sailcom-boat-type-day-easy","10":"first","11":"instock","12":"taxable","13":"shipping-taxable","14":"product-type-redq_rental"},"acf":[],"_links":{"self":[{"href":"https:\/\/www.sailcom.ch\/fr\/wp-json\/wp\/v2\/product\/1544","targetHints":{"allow":["GET"]}}],"collection":[{"href":"https:\/\/www.sailcom.ch\/fr\/wp-json\/wp\/v2\/product"}],"about":[{"href":"https:\/\/www.sailcom.ch\/fr\/wp-json\/wp\/v2\/types\/product"}],"author":[{"embeddable":true,"href":"https:\/\/www.sailcom.ch\/fr\/wp-json\/wp\/v2\/users\/2"}],"wp:featuredmedia":[{"embeddable":true,"href":"https:\/\/www.sailcom.ch\/fr\/wp-json\/wp\/v2\/media\/1568"}],"wp:attachment":[{"href":"https:\/\/www.sailcom.ch\/fr\/wp-json\/wp\/v2\/media?parent=1544"}],"wp:term":[{"taxonomy":"product_brand","embeddable":true,"href":"https:\/\/www.sailcom.ch\/fr\/wp-json\/wp\/v2\/product_brand?post=1544"},{"taxonomy":"product_cat","embeddable":true,"href":"https:\/\/www.sailcom.ch\/fr\/wp-json\/wp\/v2\/product_cat?post=1544"},{"taxonomy":"product_tag","embeddable":true,"href":"https:\/\/www.sailcom.ch\/fr\/wp-json\/wp\/v2\/product_tag?post=1544"},{"taxonomy":"sailcom-capability","embeddable":true,"href":"https:\/\/www.sailcom.ch\/fr\/wp-json\/wp\/v2\/sailcom-capability?post=1544"},{"taxonomy":"sailcom-location","embeddable":true,"href":"https:\/\/www.sailcom.ch\/fr\/wp-json\/wp\/v2\/sailcom-location?post=1544"},{"taxonomy":"sailcom-event-type","embeddable":true,"href":"https:\/\/www.sailcom.ch\/fr\/wp-json\/wp\/v2\/sailcom-event-type?post=1544"},{"taxonomy":"sailcom-boat-type","embeddable":true,"href":"https:\/\/www.sailcom.ch\/fr\/wp-json\/wp\/v2\/sailcom-boat-type?post=1544"}],"curies":[{"name":"wp","href":"https:\/\/api.w.org\/{rel}","templated":true}]}}