{"id":1513,"date":"2023-09-15T10:00:56","date_gmt":"2023-09-15T08:00:56","guid":{"rendered":"https:\/\/www.sailcom.ch\/?post_type=product&#038;p=1513"},"modified":"2026-04-26T23:48:16","modified_gmt":"2026-04-26T21:48:16","slug":"j-70-sui-1539","status":"publish","type":"product","link":"https:\/\/www.sailcom.ch\/fr\/produit\/j-70-sui-1539\/","title":{"rendered":"J 70 &#8211; Rapperswil-Jona"},"content":{"rendered":"<p><strong>Das aktuelle Standard Boot der Klasse Open bei SailCom.<\/strong><\/p>\n<p>Gutm\u00fctig und einfach zu segeln f\u00fcr Gelegenheitssegler und eine Rennyacht f\u00fcr Segler, die mit ihr umzugehen wissen.<br \/>\nDas Boot der Sailing-League und der Segelbundesliga: Sch\u00f6n, schnell und doch gutm\u00fctig und einfach im Handling.<\/p>\n<p>Der Elektromotor sorgt f\u00fcr einfachen und sicheren Antrieb vor und im Hafen.<br \/>\nDas perfekte Boot f\u00fcr Spass, Genuss, Sundowner oder zum einfach nur f\u00fcr ein, zwei tolle Segelstunden nach Feierabend.<\/p>\n<p>Standort: Hafen Rapperswil, Platz 063-064<\/p>\n<p><a href=\"https:\/\/www.sailcom.ch\/wp-content\/uploads\/2023\/09\/Bootshandbuch-J70-V6.0-15.01.2024.pdf\" target=\"_blank\" rel=\"noopener\">Handbuch J 70<\/a><\/p>\n<p><a href=\"\/wp-content\/uploads\/2023\/07\/Standortinfo_J_70___Rapperswil-2.pdf\" target=\"_blank\" rel=\"noopener\">Standortinformationen<\/a><\/p>\n<p><strong>Mitsegeln und Community:<\/strong><\/p>\n<p>Verbinde Dich mit der <a href=\"https:\/\/chat.whatsapp.com\/BlEK5T98UWK3QRYqlLJOnB\" target=\"_blank\" rel=\"noopener\">SailCommunity auf Whatsapp<\/a> um Crewmitglieder f\u00fcr Deinen T\u00f6rn oder eine Mitsegelgelegenheit zu finden:<\/p>\n<p><img fetchpriority=\"high\" decoding=\"async\" class=\"wp-image-59790 size-medium aligncenter\" style=\"padding-top: 25px;\" src=\"https:\/\/www.sailcom.ch\/wp-content\/uploads\/2026\/01\/20251203_QR-Code_Whatsapp_SailCommunity_640x795-242x300.png\" alt=\"\" width=\"242\" height=\"300\" \/><\/p>","protected":false},"excerpt":{"rendered":"<p>Das aktuelle Standard Boot der Klasse Open bei SailCom. Gutm\u00fctig und einfach zu segeln f\u00fcr Gelegenheitssegler und eine Rennyacht f\u00fcr Segler, die mit ihr umzugehen wissen. Das Boot der Sailing-League und der Segelbundesliga: Sch\u00f6n, schnell und doch gutm\u00fctig und einfach im Handling. Der Elektromotor sorgt f\u00fcr einfachen und sicheren Antrieb vor und im Hafen. Das [&hellip;]<\/p>\n","protected":false},"author":2,"featured_media":1534,"template":"","meta":{"_acf_changed":false,"publish_to_discourse":"","publish_post_category":"","wpdc_auto_publish_overridden":"","wpdc_topic_tags":"","wpdc_pin_topic":"","wpdc_pin_until":"","discourse_post_id":"","discourse_permalink":"","wpdc_publishing_response":"","wpdc_publishing_error":""},"product_brand":[],"product_cat":[122],"product_tag":[],"sailcom-capability":[],"sailcom-location":[348],"sailcom-event-type":[],"sailcom-boat-type":[365],"class_list":{"0":"post-1513","1":"product","2":"type-product","3":"status-publish","4":"has-post-thumbnail","6":"product_cat-open","7":"sailcom-location-zurichsee","8":"sailcom-boat-type-open","10":"first","11":"instock","12":"taxable","13":"shipping-taxable","14":"product-type-redq_rental"},"acf":[],"_links":{"self":[{"href":"https:\/\/www.sailcom.ch\/fr\/wp-json\/wp\/v2\/product\/1513","targetHints":{"allow":["GET"]}}],"collection":[{"href":"https:\/\/www.sailcom.ch\/fr\/wp-json\/wp\/v2\/product"}],"about":[{"href":"https:\/\/www.sailcom.ch\/fr\/wp-json\/wp\/v2\/types\/product"}],"author":[{"embeddable":true,"href":"https:\/\/www.sailcom.ch\/fr\/wp-json\/wp\/v2\/users\/2"}],"wp:featuredmedia":[{"embeddable":true,"href":"https:\/\/www.sailcom.ch\/fr\/wp-json\/wp\/v2\/media\/1534"}],"wp:attachment":[{"href":"https:\/\/www.sailcom.ch\/fr\/wp-json\/wp\/v2\/media?parent=1513"}],"wp:term":[{"taxonomy":"product_brand","embeddable":true,"href":"https:\/\/www.sailcom.ch\/fr\/wp-json\/wp\/v2\/product_brand?post=1513"},{"taxonomy":"product_cat","embeddable":true,"href":"https:\/\/www.sailcom.ch\/fr\/wp-json\/wp\/v2\/product_cat?post=1513"},{"taxonomy":"product_tag","embeddable":true,"href":"https:\/\/www.sailcom.ch\/fr\/wp-json\/wp\/v2\/product_tag?post=1513"},{"taxonomy":"sailcom-capability","embeddable":true,"href":"https:\/\/www.sailcom.ch\/fr\/wp-json\/wp\/v2\/sailcom-capability?post=1513"},{"taxonomy":"sailcom-location","embeddable":true,"href":"https:\/\/www.sailcom.ch\/fr\/wp-json\/wp\/v2\/sailcom-location?post=1513"},{"taxonomy":"sailcom-event-type","embeddable":true,"href":"https:\/\/www.sailcom.ch\/fr\/wp-json\/wp\/v2\/sailcom-event-type?post=1513"},{"taxonomy":"sailcom-boat-type","embeddable":true,"href":"https:\/\/www.sailcom.ch\/fr\/wp-json\/wp\/v2\/sailcom-boat-type?post=1513"}],"curies":[{"name":"wp","href":"https:\/\/api.w.org\/{rel}","templated":true}]}}