{"id":1504,"date":"2023-08-20T16:00:56","date_gmt":"2023-08-20T14:00:56","guid":{"rendered":"https:\/\/www.sailcom.ch\/?post_type=product&#038;p=1504"},"modified":"2026-05-05T11:04:08","modified_gmt":"2026-05-05T09:04:08","slug":"ilmatar","status":"publish","type":"product","link":"https:\/\/www.sailcom.ch\/fr\/produit\/ilmatar\/","title":{"rendered":"Sunwind 312 (Ilmatar)"},"content":{"rendered":"<p><strong>Diese \u00e4usserst schnelle Familienyacht bietet beste Segeleigenschaften bei allen Windverh\u00e4ltnissen in Verbindung mit einem hohen Sicherheits-Standard.<\/strong><\/p>\n<p>Die grossen, zu \u00f6ffnenden Deck- und Seitenluken geben viel Licht und Luft unter Deck.<\/p>\n<p>Das Cockpit ist ger\u00e4umig und die Yacht bietet Platz f\u00fcr maximal acht Personen.<br \/>\nPraktisch sind die ins Cockpit gef\u00fchrten Fallen und Schoten sowie das im Baum integrierte Patentreff &#8211; gerefft wird vom Cockpit aus.<\/p>\n<p>In der Bugkabine finden zwei Erwachsene in den zwei Meter langen Kojen bequem Platz zum Schlafen. Die Achterkabine bietet Schlafgelegenheit f\u00fcr zwei Personen.<br \/>\nAusger\u00fcstet ist diese Kabine mit einem zu \u00f6ffnenden Luk zum Cockpit, einem grossen Kleiderschrank, Beleuchtung und Ventilator.<\/p>\n<p>Die Nasszelle mit WC und Lavabo bietet auch eine gewisse Privatsph\u00e4re.<br \/>\nIm Salon befinden sich grosse Staur\u00e4ume, Seitentablare und zwei Kleiderschapps.<br \/>\nEin stabiler Bug- und Heck-Korb, die Reling mit Doppeldurchz\u00fcgen, ein rutschfestes Deck mit Handl\u00e4ufen, all dies tr\u00e4gt zur Sicherheit an Bord bei.<\/p>\n<p>Der Gennacker erg\u00e4nzt die Segelausstattung ideal bei wenig Wind und ist einfach zu bedienen. Der Sonnenschutz beschattet das ganze Cockpit und ist ideal f\u00fcr heisse Stunden und \u201eNull Wind\u201c.<\/p>\n<p>Im Spiegel ist eine bequeme Badeplattform mit Badeleiter integriert.<\/p>\n<p>Die Ilmatar eignet sich gut f\u00fcr Tages- und Wochent\u00f6rns auf dem &#8220;Schw\u00e4bischen Meer&#8221;, ideal f\u00fcr l\u00e4ngere T\u00f6rns k\u00f6nnen max. 4 Erwachsene oder Familien mit 2 Erwachsenen und 3 Kindern den Bodensee erkunden.<\/p>\n<p>Einweisungen sind nach Vereinbarung m\u00f6glich.<br \/>\nBitte Mail an : <a href=\"mailto:hansurs.walder@gmx.ch\">hansurs.walder@gmx.ch<\/a><\/p>\n<p><a href=\"https:\/\/www.sailcom.ch\/wp-content\/uploads\/2026\/05\/Handbuch-Ilmatar-2026_Koe.pdf\" target=\"_blank\" rel=\"noopener\">Handbuch Ilmatar<\/a><\/p>\n<p><a href=\"https:\/\/www.sailcom.ch\/events\/?_locations=bodensee\" target=\"_blank\" rel=\"noopener\">Aktuelle Einweisungen und Events am Bodensee<\/a><\/p>\n<p><strong>Mitsegeln und Community:<\/strong><\/p>\n<p>Verbinde Dich mit der <a href=\"https:\/\/chat.whatsapp.com\/BlEK5T98UWK3QRYqlLJOnB\" target=\"_blank\" rel=\"noopener\">SailCommunity auf Whatsapp<\/a> um Crewmitglieder f\u00fcr Deinen T\u00f6rn oder eine Mitsegelgelegenheit zu finden:<\/p>\n<p><img fetchpriority=\"high\" decoding=\"async\" class=\"wp-image-59790 size-medium aligncenter\" style=\"padding-top: 25px;\" src=\"https:\/\/www.sailcom.ch\/wp-content\/uploads\/2026\/01\/20251203_QR-Code_Whatsapp_SailCommunity_640x795-242x300.png\" alt=\"\" width=\"242\" height=\"300\" \/><\/p>","protected":false},"excerpt":{"rendered":"<p><strong>5-Tage-Tarif: Fr. 1280.- (20% auf den ausgeschriebenen Tagestarif unter der Woche)<\/strong><\/p>\n<p><strong>7 Tage-Tarif: Fr. 1790.- (20% auf den ausgeschriebenen Tagestarif unter der Woche)<\/strong><\/p>\n<p>Zus\u00e4tzliche Tage werden im Tagestarif berechnet.<\/p>\n","protected":false},"author":2,"featured_media":1531,"template":"","meta":{"_acf_changed":false,"publish_to_discourse":"0","publish_post_category":"1","wpdc_auto_publish_overridden":"","wpdc_topic_tags":"","wpdc_pin_topic":"","wpdc_pin_until":"","discourse_post_id":"","discourse_permalink":"","wpdc_publishing_response":"","wpdc_publishing_error":""},"product_brand":[],"product_cat":[125],"product_tag":[],"sailcom-capability":[],"sailcom-location":[339],"sailcom-event-type":[],"sailcom-boat-type":[368],"class_list":{"0":"post-1504","1":"product","2":"type-product","3":"status-publish","4":"has-post-thumbnail","6":"product_cat-cruiser-a","7":"sailcom-location-bodensee","8":"sailcom-boat-type-cruiser-a","10":"first","11":"instock","12":"taxable","13":"shipping-taxable","14":"product-type-redq_rental"},"acf":[],"_links":{"self":[{"href":"https:\/\/www.sailcom.ch\/fr\/wp-json\/wp\/v2\/product\/1504","targetHints":{"allow":["GET"]}}],"collection":[{"href":"https:\/\/www.sailcom.ch\/fr\/wp-json\/wp\/v2\/product"}],"about":[{"href":"https:\/\/www.sailcom.ch\/fr\/wp-json\/wp\/v2\/types\/product"}],"author":[{"embeddable":true,"href":"https:\/\/www.sailcom.ch\/fr\/wp-json\/wp\/v2\/users\/2"}],"wp:featuredmedia":[{"embeddable":true,"href":"https:\/\/www.sailcom.ch\/fr\/wp-json\/wp\/v2\/media\/1531"}],"wp:attachment":[{"href":"https:\/\/www.sailcom.ch\/fr\/wp-json\/wp\/v2\/media?parent=1504"}],"wp:term":[{"taxonomy":"product_brand","embeddable":true,"href":"https:\/\/www.sailcom.ch\/fr\/wp-json\/wp\/v2\/product_brand?post=1504"},{"taxonomy":"product_cat","embeddable":true,"href":"https:\/\/www.sailcom.ch\/fr\/wp-json\/wp\/v2\/product_cat?post=1504"},{"taxonomy":"product_tag","embeddable":true,"href":"https:\/\/www.sailcom.ch\/fr\/wp-json\/wp\/v2\/product_tag?post=1504"},{"taxonomy":"sailcom-capability","embeddable":true,"href":"https:\/\/www.sailcom.ch\/fr\/wp-json\/wp\/v2\/sailcom-capability?post=1504"},{"taxonomy":"sailcom-location","embeddable":true,"href":"https:\/\/www.sailcom.ch\/fr\/wp-json\/wp\/v2\/sailcom-location?post=1504"},{"taxonomy":"sailcom-event-type","embeddable":true,"href":"https:\/\/www.sailcom.ch\/fr\/wp-json\/wp\/v2\/sailcom-event-type?post=1504"},{"taxonomy":"sailcom-boat-type","embeddable":true,"href":"https:\/\/www.sailcom.ch\/fr\/wp-json\/wp\/v2\/sailcom-boat-type?post=1504"}],"curies":[{"name":"wp","href":"https:\/\/api.w.org\/{rel}","templated":true}]}}