{"id":1501,"date":"2021-09-13T16:00:56","date_gmt":"2021-09-13T14:00:56","guid":{"rendered":"https:\/\/www.sailcom.ch\/?post_type=product&#038;p=1501"},"modified":"2025-03-14T10:34:22","modified_gmt":"2025-03-14T09:34:22","slug":"comet-850","status":"publish","type":"product","link":"https:\/\/www.sailcom.ch\/fr\/produit\/comet-850\/","title":{"rendered":"Comet 850"},"content":{"rendered":"<div class=\"column col-xs-12 col-md-6\">Die Comet dreht sehr leicht und ist auch in sehr engen H\u00e4fen leicht man\u00f6vrierbar, eine Drehung im Stand- also ohne Fahrt ist leicht m\u00f6glich. Unter Segel l\u00e4uft das Schiff bei allen Windst\u00e4rken sehr gut, es gibt keine bevorzugte Windst\u00e4rke, H\u00f6he am Wind bis zu 35\u00b0 bei wenig Wellengang, sehr aufrechtes Segeln, bei Starkwind oder Sturm ist segeln bis halben Wind m\u00f6glich, man hat auch dann noch ein gutes Gef\u00fchl weil das Schiff auch dann sehr zuverl\u00e4ssig reagiert. Sehr gro\u00dfes Ruderblatt mit 50 mm Welle, daher die guten Man\u00f6vriereigenschaften, unter Segel und Motor. Allgemein ein gutm\u00fctiges Schiff, mit dem man kaum Fehler machen kann, es ist auch sehr gut Einhand-beherrschbar. Bedingt durch den Kurzkiel sollte ein Anlegeman\u00f6ver z\u00fcgig gefahren werden weil Seitenwind bei langsamer Fahrt das Schiff schnell abtreiben l\u00e4sst.<\/div>\n<div><\/div>\n<div><span id=\"mp_spacer1\" class=\"mp_spacer\">5-6 Kojen, Badeleiter, Rollgenua, Blister, K\u00fcche mit Sprit-Kocher, WC, 110-L -Wassertank, 2 Lavabos, Cockpittisch, Radio\/CD-\/MP3-Player<\/span><\/div>\n<div><\/div>\n<div><span style=\"color: #ff9900;\"><strong>Um das Boot zu buchen ist eine Einweisung zwingend! Bitte meldet Euch hierf\u00fcr \u00fcber unsere Webseite an (Unter Events) oder wendet Euch an Sandro Fischer info@segelsport.ch oder telefonisch 041 361 23 23.<\/strong><\/span><\/div>\n<div><\/div>\n<div>Bootsstegschl\u00fcssel in Kiste<\/div>\n<div>Liegeplatz SH-094<\/div>","protected":false},"excerpt":{"rendered":"<p>Die Comet dreht sehr leicht und ist auch in sehr engen H\u00e4fen leicht man\u00f6vrierbar, eine Drehung im Stand- also ohne Fahrt ist leicht m\u00f6glich. Unter Segel l\u00e4uft das Schiff bei allen Windst\u00e4rken sehr gut, es gibt keine bevorzugte Windst\u00e4rke, H\u00f6he am Wind bis zu 35\u00b0 bei wenig Wellengang, sehr aufrechtes Segeln, bei Starkwind oder Sturm [&hellip;]<\/p>\n","protected":false},"author":2,"featured_media":4198,"template":"","meta":{"_acf_changed":false,"publish_to_discourse":"","publish_post_category":"","wpdc_auto_publish_overridden":"","wpdc_topic_tags":"","wpdc_pin_topic":"","wpdc_pin_until":"","discourse_post_id":"","discourse_permalink":"","wpdc_publishing_response":"","wpdc_publishing_error":""},"product_brand":[],"product_cat":[123],"product_tag":[],"sailcom-capability":[],"sailcom-location":[345],"sailcom-event-type":[],"sailcom-boat-type":[366],"class_list":{"0":"post-1501","1":"product","2":"type-product","3":"status-publish","4":"has-post-thumbnail","6":"product_cat-day-easy","7":"sailcom-location-vierwaldstattersee-location","8":"sailcom-boat-type-day-easy","10":"first","11":"instock","12":"taxable","13":"shipping-taxable","14":"product-type-redq_rental"},"acf":[],"_links":{"self":[{"href":"https:\/\/www.sailcom.ch\/fr\/wp-json\/wp\/v2\/product\/1501","targetHints":{"allow":["GET"]}}],"collection":[{"href":"https:\/\/www.sailcom.ch\/fr\/wp-json\/wp\/v2\/product"}],"about":[{"href":"https:\/\/www.sailcom.ch\/fr\/wp-json\/wp\/v2\/types\/product"}],"author":[{"embeddable":true,"href":"https:\/\/www.sailcom.ch\/fr\/wp-json\/wp\/v2\/users\/2"}],"wp:featuredmedia":[{"embeddable":true,"href":"https:\/\/www.sailcom.ch\/fr\/wp-json\/wp\/v2\/media\/4198"}],"wp:attachment":[{"href":"https:\/\/www.sailcom.ch\/fr\/wp-json\/wp\/v2\/media?parent=1501"}],"wp:term":[{"taxonomy":"product_brand","embeddable":true,"href":"https:\/\/www.sailcom.ch\/fr\/wp-json\/wp\/v2\/product_brand?post=1501"},{"taxonomy":"product_cat","embeddable":true,"href":"https:\/\/www.sailcom.ch\/fr\/wp-json\/wp\/v2\/product_cat?post=1501"},{"taxonomy":"product_tag","embeddable":true,"href":"https:\/\/www.sailcom.ch\/fr\/wp-json\/wp\/v2\/product_tag?post=1501"},{"taxonomy":"sailcom-capability","embeddable":true,"href":"https:\/\/www.sailcom.ch\/fr\/wp-json\/wp\/v2\/sailcom-capability?post=1501"},{"taxonomy":"sailcom-location","embeddable":true,"href":"https:\/\/www.sailcom.ch\/fr\/wp-json\/wp\/v2\/sailcom-location?post=1501"},{"taxonomy":"sailcom-event-type","embeddable":true,"href":"https:\/\/www.sailcom.ch\/fr\/wp-json\/wp\/v2\/sailcom-event-type?post=1501"},{"taxonomy":"sailcom-boat-type","embeddable":true,"href":"https:\/\/www.sailcom.ch\/fr\/wp-json\/wp\/v2\/sailcom-boat-type?post=1501"}],"curies":[{"name":"wp","href":"https:\/\/api.w.org\/{rel}","templated":true}]}}