{"id":1493,"date":"2023-09-12T12:00:56","date_gmt":"2023-09-12T10:00:56","guid":{"rendered":"https:\/\/www.sailcom.ch\/?post_type=product&#038;p=1493"},"modified":"2026-01-21T15:16:03","modified_gmt":"2026-01-21T14:16:03","slug":"aeolus-iii","status":"publish","type":"product","link":"https:\/\/www.sailcom.ch\/fr\/produit\/aeolus-iii\/","title":{"rendered":"Surprise (Aeolus III)"},"content":{"rendered":"<p>Die Rollfock &amp; -Genua, Spi und Gennaker und ein zweifach reffbares Grosssegel sorgen daf\u00fcr, dass die Surprise &#8220;Aeolus III&#8221; von leichtem bis starkem Wind einfach und sicher bedient werden kann.<br \/>\nDer neue Aussenborder ist einfach anzuwerfen, dank seiner Drehbarkeit k\u00f6nnte auf engstem Raum man\u00f6vriert werden.<br \/>\nUnmittelbar nach der Autobahnausfahrt M\u00fchlehorn wartet der Hafen mit vern\u00fcnftigen gratis Parkpl\u00e4tzen. Oder zu fuss 150m ab Bahnhof M\u00fchlehorn super erreichbar.<\/p>\n<p>Nachmittags frischt der Wind an sch\u00f6nen Tagen Dank der Thermik der nach S\u00fcden gerichteten W\u00e4nde der Churfirsten auf, und man geniesst dann die perfekten Bedingungen.<br \/>\nPer <a href=\"https:\/\/www.walensee.cam\/webcams\" target=\"_blank\" rel=\"noopener\">Webcam<\/a> k\u00f6nnen sich auch noch Kurzentschlossene vom Geheimtipp des windreichen Walensees mit seinem glasklaren Wasser \u00fcberzeugen.<\/p>\n<p><a href=\"\/wp-content\/uploads\/2023\/06\/Handbuch_Aeolus_III_April_2022.pdf\" target=\"_blank\" rel=\"noopener\">Handbuch der Aeolus III<\/a><\/p>\n<p>&nbsp;<br \/>\n<strong>Mitsegeln und Community:<\/strong><\/p>\n<p>Verbinde Dich mit der <a href=\"https:\/\/chat.whatsapp.com\/BlEK5T98UWK3QRYqlLJOnB\" target=\"_blank\" rel=\"noopener\">SailCommunity auf Whatsapp<\/a> um Crewmitglieder f\u00fcr Deinen T\u00f6rn oder eine Mitsegelgelegenheit zu finden:<\/p>\n<p><img fetchpriority=\"high\" decoding=\"async\" class=\"wp-image-59790 size-medium aligncenter\" style=\"padding-top: 25px;\" src=\"https:\/\/www.sailcom.ch\/wp-content\/uploads\/2026\/01\/20251203_QR-Code_Whatsapp_SailCommunity_640x795-242x300.png\" alt=\"\" width=\"242\" height=\"300\" \/><\/p>","protected":false},"excerpt":{"rendered":"<p>Die Rollfock &amp; -Genua, Spi und Gennaker und ein zweifach reffbares Grosssegel sorgen daf\u00fcr, dass die Surprise &#8220;Aeolus III&#8221; von leichtem bis starkem Wind einfach und sicher bedient werden kann. Der neue Aussenborder ist einfach anzuwerfen, dank seiner Drehbarkeit k\u00f6nnte auf engstem Raum man\u00f6vriert werden. Unmittelbar nach der Autobahnausfahrt M\u00fchlehorn wartet der Hafen mit vern\u00fcnftigen [&hellip;]<\/p>\n","protected":false},"author":2,"featured_media":9290,"template":"","meta":{"_acf_changed":false,"publish_to_discourse":"","publish_post_category":"","wpdc_auto_publish_overridden":"","wpdc_topic_tags":"","wpdc_pin_topic":"","wpdc_pin_until":"","discourse_post_id":"","discourse_permalink":"","wpdc_publishing_response":"","wpdc_publishing_error":""},"product_brand":[],"product_cat":[123],"product_tag":[],"sailcom-capability":[],"sailcom-location":[346],"sailcom-event-type":[],"sailcom-boat-type":[366],"class_list":{"0":"post-1493","1":"product","2":"type-product","3":"status-publish","4":"has-post-thumbnail","6":"product_cat-day-easy","7":"sailcom-location-walensee","8":"sailcom-boat-type-day-easy","10":"first","11":"instock","12":"taxable","13":"shipping-taxable","14":"product-type-redq_rental"},"acf":[],"_links":{"self":[{"href":"https:\/\/www.sailcom.ch\/fr\/wp-json\/wp\/v2\/product\/1493","targetHints":{"allow":["GET"]}}],"collection":[{"href":"https:\/\/www.sailcom.ch\/fr\/wp-json\/wp\/v2\/product"}],"about":[{"href":"https:\/\/www.sailcom.ch\/fr\/wp-json\/wp\/v2\/types\/product"}],"author":[{"embeddable":true,"href":"https:\/\/www.sailcom.ch\/fr\/wp-json\/wp\/v2\/users\/2"}],"wp:featuredmedia":[{"embeddable":true,"href":"https:\/\/www.sailcom.ch\/fr\/wp-json\/wp\/v2\/media\/9290"}],"wp:attachment":[{"href":"https:\/\/www.sailcom.ch\/fr\/wp-json\/wp\/v2\/media?parent=1493"}],"wp:term":[{"taxonomy":"product_brand","embeddable":true,"href":"https:\/\/www.sailcom.ch\/fr\/wp-json\/wp\/v2\/product_brand?post=1493"},{"taxonomy":"product_cat","embeddable":true,"href":"https:\/\/www.sailcom.ch\/fr\/wp-json\/wp\/v2\/product_cat?post=1493"},{"taxonomy":"product_tag","embeddable":true,"href":"https:\/\/www.sailcom.ch\/fr\/wp-json\/wp\/v2\/product_tag?post=1493"},{"taxonomy":"sailcom-capability","embeddable":true,"href":"https:\/\/www.sailcom.ch\/fr\/wp-json\/wp\/v2\/sailcom-capability?post=1493"},{"taxonomy":"sailcom-location","embeddable":true,"href":"https:\/\/www.sailcom.ch\/fr\/wp-json\/wp\/v2\/sailcom-location?post=1493"},{"taxonomy":"sailcom-event-type","embeddable":true,"href":"https:\/\/www.sailcom.ch\/fr\/wp-json\/wp\/v2\/sailcom-event-type?post=1493"},{"taxonomy":"sailcom-boat-type","embeddable":true,"href":"https:\/\/www.sailcom.ch\/fr\/wp-json\/wp\/v2\/sailcom-boat-type?post=1493"}],"curies":[{"name":"wp","href":"https:\/\/api.w.org\/{rel}","templated":true}]}}