{"id":13745,"date":"2023-08-30T23:05:09","date_gmt":"2023-08-30T21:05:09","guid":{"rendered":"https:\/\/www.sailcom.ch\/product\/product\/"},"modified":"2023-12-30T22:53:52","modified_gmt":"2023-12-30T21:53:52","slug":"event_13745","status":"publish","type":"product","link":"https:\/\/www.sailcom.ch\/fr\/produit\/event_13745\/","title":{"rendered":"Absegeln\/fin de saison"},"content":{"rendered":"","protected":false},"excerpt":{"rendered":"<p>Beenden der Segelsaison 2023 mit den Teams in Ouchy.<br \/>\nSortie de fin de saison 21 octobre 2023<br \/>\nAu d\u00e9part de LAUSANNE<br \/>\nPROGRAMME<br \/>\n10h45 Rendez-vous \u00e0 Ouchy pour un caf\u00e9\/croissant<br \/>\nNous nous retrouvons dans la salle La Nautique, l\u2019entr\u00e9e se trouve \u00e0 c\u00f4t\u00e9 de l\u2019\u00e9cole de voile d\u2019Ouchy (du m\u00eame c\u00f4t\u00e9 o\u00f9 se trouve le local pour les badges des bateaux).<br \/>\n11h45 \u2013 15h15<br \/>\nEmbarquement \u00e0 bord des diff\u00e9rents bateaux \u00e0 Ouchy &amp; navigation.<br \/>\n15h retour sur Ouchy<br \/>\n15h30 Ap\u00e9ro de fin de saison<br \/>\nA prendre avec toi<br \/>\n&#8211; Equipement complet pour la voile (gilet, cir\u00e9, gants)<br \/>\n&#8211; Habits chauds et rechange<br \/>\n&#8211; Un pique-nique pour le midi<br \/>\nCo\u00fbt de la sortie : CHF 20.00 \u00e0 transmettre \u00e0 C\u00e9line (Twint ou cash)<\/p>\n","protected":false},"author":2755,"featured_media":10401,"template":"","meta":{"_acf_changed":false,"publish_to_discourse":"","publish_post_category":"","wpdc_auto_publish_overridden":"","wpdc_topic_tags":"","wpdc_pin_topic":"","wpdc_pin_until":"","discourse_post_id":"","discourse_permalink":"","wpdc_publishing_response":"","wpdc_publishing_error":""},"product_brand":[],"product_cat":[213],"product_tag":[],"sailcom-capability":[],"sailcom-location":[340],"sailcom-event-type":[364],"sailcom-boat-type":[],"class_list":{"0":"post-13745","1":"product","2":"type-product","3":"status-publish","4":"has-post-thumbnail","6":"product_cat-sail-along","7":"sailcom-location-genfersee","8":"sailcom-event-type-sail-along","10":"first","11":"instock","12":"taxable","13":"shipping-taxable","14":"product-type-sc_event"},"acf":[],"_links":{"self":[{"href":"https:\/\/www.sailcom.ch\/fr\/wp-json\/wp\/v2\/product\/13745","targetHints":{"allow":["GET"]}}],"collection":[{"href":"https:\/\/www.sailcom.ch\/fr\/wp-json\/wp\/v2\/product"}],"about":[{"href":"https:\/\/www.sailcom.ch\/fr\/wp-json\/wp\/v2\/types\/product"}],"author":[{"embeddable":true,"href":"https:\/\/www.sailcom.ch\/fr\/wp-json\/wp\/v2\/users\/2755"}],"wp:featuredmedia":[{"embeddable":true,"href":"https:\/\/www.sailcom.ch\/fr\/wp-json\/wp\/v2\/media\/10401"}],"wp:attachment":[{"href":"https:\/\/www.sailcom.ch\/fr\/wp-json\/wp\/v2\/media?parent=13745"}],"wp:term":[{"taxonomy":"product_brand","embeddable":true,"href":"https:\/\/www.sailcom.ch\/fr\/wp-json\/wp\/v2\/product_brand?post=13745"},{"taxonomy":"product_cat","embeddable":true,"href":"https:\/\/www.sailcom.ch\/fr\/wp-json\/wp\/v2\/product_cat?post=13745"},{"taxonomy":"product_tag","embeddable":true,"href":"https:\/\/www.sailcom.ch\/fr\/wp-json\/wp\/v2\/product_tag?post=13745"},{"taxonomy":"sailcom-capability","embeddable":true,"href":"https:\/\/www.sailcom.ch\/fr\/wp-json\/wp\/v2\/sailcom-capability?post=13745"},{"taxonomy":"sailcom-location","embeddable":true,"href":"https:\/\/www.sailcom.ch\/fr\/wp-json\/wp\/v2\/sailcom-location?post=13745"},{"taxonomy":"sailcom-event-type","embeddable":true,"href":"https:\/\/www.sailcom.ch\/fr\/wp-json\/wp\/v2\/sailcom-event-type?post=13745"},{"taxonomy":"sailcom-boat-type","embeddable":true,"href":"https:\/\/www.sailcom.ch\/fr\/wp-json\/wp\/v2\/sailcom-boat-type?post=13745"}],"curies":[{"name":"wp","href":"https:\/\/api.w.org\/{rel}","templated":true}]}}