{"id":11332,"date":"2023-07-21T10:22:33","date_gmt":"2023-07-21T08:22:33","guid":{"rendered":"https:\/\/www.sailcom.ch\/product\/product\/"},"modified":"2023-12-30T22:52:50","modified_gmt":"2023-12-30T21:52:50","slug":"event_11332","status":"publish","type":"product","link":"https:\/\/www.sailcom.ch\/fr\/produit\/event_11332\/","title":{"rendered":"Bootsreinigung Ruedi s Sif Schmerikon"},"content":{"rendered":"","protected":false},"excerpt":{"rendered":"<p>Unser Boot Ruedi s Sif braucht eine gr\u00fcndliche Reinigung.<br \/>\ngew\u00fcnschte Arbeiten: Deck schrubben, Cockpit und Backskisten reinigen, Kabine wischen so dass alles wieder f\u00fcr die n\u00e4chsten Nutzungen sauber ist.<br \/>\nDie Zeit kann frei gew\u00e4hlt werden, melde dich bei mir, dann kann ich das Boot f\u00fcr den Zeitraum sperren. Die Zeit wird dir f\u00fcr den B-Status angerechnet. Herzlichen Dank im Voraus f\u00fcr deine Mithilfe.<br \/>\nLaurence<br \/>\nlaurence64@bluewin.ch oder 079 338 99 24<\/p>\n","protected":false},"author":2671,"featured_media":1591,"template":"","meta":{"_acf_changed":false,"publish_to_discourse":"","publish_post_category":"","wpdc_auto_publish_overridden":"","wpdc_topic_tags":"","wpdc_pin_topic":"","wpdc_pin_until":"","discourse_post_id":"","discourse_permalink":"","wpdc_publishing_response":"","wpdc_publishing_error":""},"product_brand":[],"product_cat":[214,135],"product_tag":[],"sailcom-capability":[],"sailcom-location":[347],"sailcom-event-type":[380],"sailcom-boat-type":[],"class_list":{"0":"post-11332","1":"product","2":"type-product","3":"status-publish","4":"has-post-thumbnail","6":"product_cat-maintenance","7":"product_cat-zurich-obersee","8":"sailcom-location-zurich-obersee","9":"sailcom-event-type-maintenance","11":"first","12":"instock","13":"taxable","14":"shipping-taxable","15":"product-type-sc_event"},"acf":[],"_links":{"self":[{"href":"https:\/\/www.sailcom.ch\/fr\/wp-json\/wp\/v2\/product\/11332","targetHints":{"allow":["GET"]}}],"collection":[{"href":"https:\/\/www.sailcom.ch\/fr\/wp-json\/wp\/v2\/product"}],"about":[{"href":"https:\/\/www.sailcom.ch\/fr\/wp-json\/wp\/v2\/types\/product"}],"author":[{"embeddable":true,"href":"https:\/\/www.sailcom.ch\/fr\/wp-json\/wp\/v2\/users\/2671"}],"wp:featuredmedia":[{"embeddable":true,"href":"https:\/\/www.sailcom.ch\/fr\/wp-json\/wp\/v2\/media\/1591"}],"wp:attachment":[{"href":"https:\/\/www.sailcom.ch\/fr\/wp-json\/wp\/v2\/media?parent=11332"}],"wp:term":[{"taxonomy":"product_brand","embeddable":true,"href":"https:\/\/www.sailcom.ch\/fr\/wp-json\/wp\/v2\/product_brand?post=11332"},{"taxonomy":"product_cat","embeddable":true,"href":"https:\/\/www.sailcom.ch\/fr\/wp-json\/wp\/v2\/product_cat?post=11332"},{"taxonomy":"product_tag","embeddable":true,"href":"https:\/\/www.sailcom.ch\/fr\/wp-json\/wp\/v2\/product_tag?post=11332"},{"taxonomy":"sailcom-capability","embeddable":true,"href":"https:\/\/www.sailcom.ch\/fr\/wp-json\/wp\/v2\/sailcom-capability?post=11332"},{"taxonomy":"sailcom-location","embeddable":true,"href":"https:\/\/www.sailcom.ch\/fr\/wp-json\/wp\/v2\/sailcom-location?post=11332"},{"taxonomy":"sailcom-event-type","embeddable":true,"href":"https:\/\/www.sailcom.ch\/fr\/wp-json\/wp\/v2\/sailcom-event-type?post=11332"},{"taxonomy":"sailcom-boat-type","embeddable":true,"href":"https:\/\/www.sailcom.ch\/fr\/wp-json\/wp\/v2\/sailcom-boat-type?post=11332"}],"curies":[{"name":"wp","href":"https:\/\/api.w.org\/{rel}","templated":true}]}}