{"id":50901,"date":"2025-06-26T14:59:02","date_gmt":"2025-06-26T12:59:02","guid":{"rendered":"https:\/\/www.sailcom.ch\/?page_id=50901"},"modified":"2025-12-19T10:30:15","modified_gmt":"2025-12-19T09:30:15","slug":"booking-rules","status":"publish","type":"page","link":"https:\/\/www.sailcom.ch\/fr\/booking-rules\/","title":{"rendered":"Buchungsregeln f\u00fcr Amtstr\u00e4ger und Events"},"content":{"rendered":"<div data-elementor-type=\"wp-page\" data-elementor-id=\"50901\" class=\"elementor elementor-50901\" data-elementor-post-type=\"page\">\n\t\t\t\t<div class=\"elementor-element elementor-element-00e95e5 e-flex e-con-boxed e-con e-parent\" data-id=\"00e95e5\" data-element_type=\"container\" data-e-type=\"container\">\n\t\t\t\t\t<div class=\"e-con-inner\">\n\t\t\t\t<div class=\"elementor-element elementor-element-40019c8 elementor-widget elementor-widget-image\" data-id=\"40019c8\" data-element_type=\"widget\" data-e-type=\"widget\" data-widget_type=\"image.default\">\n\t\t\t\t<div class=\"elementor-widget-container\">\n\t\t\t\t\t\t\t\t\t\t\t\t\t\t\t<img fetchpriority=\"high\" decoding=\"async\" width=\"2560\" height=\"769\" src=\"https:\/\/www.sailcom.ch\/wp-content\/uploads\/2025\/06\/Bootsreservation-an-Bord-scaled-e1750943267156.jpeg\" class=\"attachment-full size-full wp-image-50906\" alt=\"\" \/>\t\t\t\t\t\t\t\t\t\t\t\t\t\t\t<\/div>\n\t\t\t\t<\/div>\n\t\t\t\t\t<\/div>\n\t\t\t\t<\/div>\n\t\t<div class=\"elementor-element elementor-element-8b025b0 e-flex e-con-boxed e-con e-parent\" data-id=\"8b025b0\" data-element_type=\"container\" data-e-type=\"container\">\n\t\t\t\t\t<div class=\"e-con-inner\">\n\t\t<div class=\"elementor-element elementor-element-e632479 e-grid e-con-full e-con e-child\" data-id=\"e632479\" data-element_type=\"container\" data-e-type=\"container\">\n\t\t\t\t<div class=\"elementor-element elementor-element-01fda43 elementor-widget elementor-widget-image\" data-id=\"01fda43\" data-element_type=\"widget\" data-e-type=\"widget\" id=\"official-booking\" data-widget_type=\"image.default\">\n\t\t\t\t<div class=\"elementor-widget-container\">\n\t\t\t\t\t\t\t\t\t\t\t\t\t\t\t<img decoding=\"async\" src=\"https:\/\/www.sailcom.ch\/wp-content\/uploads\/2025\/12\/Offical-Booking.png\" title=\"Offical-Booking\" alt=\"Offical-Booking\" loading=\"lazy\" \/>\t\t\t\t\t\t\t\t\t\t\t\t\t\t\t<\/div>\n\t\t\t\t<\/div>\n\t\t\t\t<div class=\"elementor-element elementor-element-40e4c2a elementor-widget elementor-widget-image\" data-id=\"40e4c2a\" data-element_type=\"widget\" data-e-type=\"widget\" data-widget_type=\"image.default\">\n\t\t\t\t<div class=\"elementor-widget-container\">\n\t\t\t\t\t\t\t\t\t\t\t\t\t\t\t<img decoding=\"async\" width=\"576\" height=\"236\" src=\"https:\/\/www.sailcom.ch\/wp-content\/uploads\/2025\/12\/Commercial.png\" class=\"attachment-large size-large wp-image-59453\" alt=\"\" srcset=\"https:\/\/www.sailcom.ch\/wp-content\/uploads\/2025\/12\/Commercial.png 576w, https:\/\/www.sailcom.ch\/wp-content\/uploads\/2025\/12\/Commercial-300x123.png 300w\" sizes=\"(max-width: 576px) 100vw, 576px\" \/>\t\t\t\t\t\t\t\t\t\t\t\t\t\t\t<\/div>\n\t\t\t\t<\/div>\n\t\t\t\t<div class=\"elementor-element elementor-element-666ab90 elementor-widget elementor-widget-image\" data-id=\"666ab90\" data-element_type=\"widget\" data-e-type=\"widget\" id=\"maintenance-booking\" data-widget_type=\"image.default\">\n\t\t\t\t<div class=\"elementor-widget-container\">\n\t\t\t\t\t\t\t\t\t\t\t\t\t\t\t<img decoding=\"async\" width=\"572\" height=\"230\" src=\"https:\/\/www.sailcom.ch\/wp-content\/uploads\/2025\/06\/Maintenance.png\" class=\"attachment-large size-large wp-image-50915\" alt=\"\" srcset=\"https:\/\/www.sailcom.ch\/wp-content\/uploads\/2025\/06\/Maintenance.png 572w, https:\/\/www.sailcom.ch\/wp-content\/uploads\/2025\/06\/Maintenance-300x121.png 300w\" sizes=\"(max-width: 572px) 100vw, 572px\" \/>\t\t\t\t\t\t\t\t\t\t\t\t\t\t\t<\/div>\n\t\t\t\t<\/div>\n\t\t\t\t<div class=\"elementor-element elementor-element-7605e29 elementor-widget elementor-widget-text-editor\" data-id=\"7605e29\" data-element_type=\"widget\" data-e-type=\"widget\" data-widget_type=\"text-editor.default\">\n\t\t\t\t<div class=\"elementor-widget-container\">\n\t\t\t\t\t\t\t\t\t<p><strong>&#8220;Offizielle Reservationen&#8221; sind durch Amtstr\u00e4ger und Mitglieder mit der Eventberechtigung m\u00f6glich.<br \/><\/strong><br \/>Wenn Du bei einer Reservation den Schalter \u00abOffizielle Buchung\u00bb (Official Booking) aktivierst, werden <strong>alle<\/strong> Stornoregelungen ausser Kraft gesetzt. <br \/><br \/>Das bedeutet, dass zum Beispiel f\u00fcr einen Mitsegelevent, der kurzfristig aus irgendwelchen Gr\u00fcnden abgesagt werden muss, keine Stornogeb\u00fchren berechnet werden &#8211; selbst wenn Du die Reservierung kurz vor dem Beginn der geplanten Veranstaltung stornierst.<br \/><br \/><strong>Diese Funktion darf nur in Verbindung mit einem Event (Training, Einweisung, Mitsegeln&#8230;) verwendet werden, der im Zusammenhang mit SailCom steht. Also nicht f\u00fcr private Veranstaltungen oder Schulungen!<\/strong><\/p>\t\t\t\t\t\t\t\t<\/div>\n\t\t\t\t<\/div>\n\t\t\t\t<div class=\"elementor-element elementor-element-7abd036 elementor-widget elementor-widget-text-editor\" data-id=\"7abd036\" data-element_type=\"widget\" data-e-type=\"widget\" data-widget_type=\"text-editor.default\">\n\t\t\t\t<div class=\"elementor-widget-container\">\n\t\t\t\t\t\t\t\t\t<p><b>&#8220;Commercial Bookings&#8221; deaktivieren die privaten Abos wie SailPass o.\u00e4. und rechnen das Boot zum regul\u00e4ren Stundenpreis ab.<\/b><b><\/b><\/p><p>Du <strong>musst<\/strong> diese Funktion nutzen, wenn du ein Boot reservieren m\u00f6chtest, dass \u00fcber ein privates Abo verg\u00fcnstigt wird, Du aber planst, es ausserhalb des Geltungsbereiches des jeweiligen Abos einzusetzen.<b><\/b><\/p><p><b>Angebote wie der SailPass 50 sind ausschlie\u00dflich f\u00fcr den privaten Gebrauch vorgesehen &#8211; jede andere Nutzung, also Events, Ausfahren etc., f\u00fcr die du eine irgendwie gelagerte Gegenleistung erh\u00e4ltst, verpflichtet zur Nutzung dieser Funktion.<\/b><\/p>\t\t\t\t\t\t\t\t<\/div>\n\t\t\t\t<\/div>\n\t\t\t\t<div class=\"elementor-element elementor-element-723a3bf elementor-widget elementor-widget-text-editor\" data-id=\"723a3bf\" data-element_type=\"widget\" data-e-type=\"widget\" data-widget_type=\"text-editor.default\">\n\t\t\t\t<div class=\"elementor-widget-container\">\n\t\t\t\t\t\t\t\t\t<p><strong>&#8220;Maintenance&#8221; oder &#8220;Unterhaltsbuchungen&#8221; k\u00f6nnen zu Wartungs- oder Reparaturzwecken von Amtstr\u00e4gern angelegt werden.<\/strong><\/p><p>Der Hauptzweck ist es, Boote f\u00fcr den Betrieb zu sperren, weil Defekte vorliegen oder dringende Unterhaltsarbeiten erledigt werden m\u00fcssen.<\/p><p>Unterhaltsbuchungen k\u00f6nnen auch \u00fcber bereits bestehende Reservierungen hinweg angelegt werden.\u00a0<\/p><p><strong>Bitte informiere nach dem Anlegen einer Unterhaltsbuchung die Nutzenden innerhalb der Sperrfrist \u00fcber den Wegfall ihrer Reservierung und bitte die Gesch\u00e4ftsstelle um L\u00f6schung der bestehenden Reservierungen im Zeitraum des Unterhalts.<\/strong><\/p>\t\t\t\t\t\t\t\t<\/div>\n\t\t\t\t<\/div>\n\t\t\t\t<\/div>\n\t\t\t\t\t<\/div>\n\t\t\t\t<\/div>\n\t\t\t\t<\/div>","protected":false},"excerpt":{"rendered":"<p>&#8220;Offizielle Reservationen&#8221; sind durch Amtstr\u00e4ger und Mitglieder mit der Eventberechtigung m\u00f6glich.Wenn Du bei einer Reservation den Schalter \u00abOffizielle Buchung\u00bb (Official Booking) aktivierst, werden alle Stornoregelungen ausser Kraft gesetzt. Das bedeutet, dass zum Beispiel f\u00fcr einen Mitsegelevent, der kurzfristig aus irgendwelchen Gr\u00fcnden abgesagt werden muss, keine Stornogeb\u00fchren berechnet werden &#8211; selbst wenn Du die Reservierung kurz [&hellip;]<\/p>\n","protected":false},"author":2,"featured_media":0,"parent":0,"menu_order":0,"comment_status":"closed","ping_status":"closed","template":"","meta":{"_acf_changed":false,"publish_to_discourse":"","publish_post_category":"","wpdc_auto_publish_overridden":"","wpdc_topic_tags":"","wpdc_pin_topic":"","wpdc_pin_until":"","discourse_post_id":"","discourse_permalink":"","wpdc_publishing_response":"","wpdc_publishing_error":"","footnotes":""},"sailcom-location":[],"sailcom-event-type":[],"sailcom-boat-type":[],"class_list":["post-50901","page","type-page","status-publish","hentry"],"acf":[],"_links":{"self":[{"href":"https:\/\/www.sailcom.ch\/fr\/wp-json\/wp\/v2\/pages\/50901","targetHints":{"allow":["GET"]}}],"collection":[{"href":"https:\/\/www.sailcom.ch\/fr\/wp-json\/wp\/v2\/pages"}],"about":[{"href":"https:\/\/www.sailcom.ch\/fr\/wp-json\/wp\/v2\/types\/page"}],"author":[{"embeddable":true,"href":"https:\/\/www.sailcom.ch\/fr\/wp-json\/wp\/v2\/users\/2"}],"replies":[{"embeddable":true,"href":"https:\/\/www.sailcom.ch\/fr\/wp-json\/wp\/v2\/comments?post=50901"}],"version-history":[{"count":34,"href":"https:\/\/www.sailcom.ch\/fr\/wp-json\/wp\/v2\/pages\/50901\/revisions"}],"predecessor-version":[{"id":59466,"href":"https:\/\/www.sailcom.ch\/fr\/wp-json\/wp\/v2\/pages\/50901\/revisions\/59466"}],"wp:attachment":[{"href":"https:\/\/www.sailcom.ch\/fr\/wp-json\/wp\/v2\/media?parent=50901"}],"wp:term":[{"taxonomy":"sailcom-location","embeddable":true,"href":"https:\/\/www.sailcom.ch\/fr\/wp-json\/wp\/v2\/sailcom-location?post=50901"},{"taxonomy":"sailcom-event-type","embeddable":true,"href":"https:\/\/www.sailcom.ch\/fr\/wp-json\/wp\/v2\/sailcom-event-type?post=50901"},{"taxonomy":"sailcom-boat-type","embeddable":true,"href":"https:\/\/www.sailcom.ch\/fr\/wp-json\/wp\/v2\/sailcom-boat-type?post=50901"}],"curies":[{"name":"wp","href":"https:\/\/api.w.org\/{rel}","templated":true}]}}